{"id":2714,"date":"2022-01-10T15:54:01","date_gmt":"2022-01-10T18:54:01","guid":{"rendered":"https:\/\/molygrafit.com\/br\/?page_id=2714"},"modified":"2022-01-10T18:28:47","modified_gmt":"2022-01-10T21:28:47","slug":"politica-de-privacidade","status":"publish","type":"page","link":"https:\/\/molygrafit.com\/br\/politica-de-privacidade\/","title":{"rendered":"Pol\u00edtica de privacidade"},"content":{"rendered":"\t\t<div data-elementor-type=\"wp-page\" data-elementor-id=\"2714\" class=\"elementor elementor-2714\">\n\t\t\t\t\t\t<section class=\"elementor-section elementor-top-section elementor-element elementor-element-ae9e39d elementor-section-boxed elementor-section-height-default elementor-section-height-default\" data-id=\"ae9e39d\" data-element_type=\"section\">\n\t\t\t\t\t\t<div class=\"elementor-container elementor-column-gap-default\">\n\t\t\t\t\t<div class=\"elementor-column elementor-col-100 elementor-top-column elementor-element elementor-element-941c282\" data-id=\"941c282\" data-element_type=\"column\">\n\t\t\t<div class=\"elementor-widget-wrap elementor-element-populated\">\n\t\t\t\t\t\t<div class=\"elementor-element elementor-element-25928a3 elementor-widget elementor-widget-heading\" data-id=\"25928a3\" data-element_type=\"widget\" data-widget_type=\"heading.default\">\n\t\t\t\t<div class=\"elementor-widget-container\">\n\t\t\t\t\t<h2 class=\"elementor-heading-title elementor-size-default\">POL\u00cdTICA DE PRIVACIDADE<\/h2>\t\t\t\t<\/div>\n\t\t\t\t<\/div>\n\t\t\t\t<div class=\"elementor-element elementor-element-f93b3c9 elementor-widget elementor-widget-text-editor\" data-id=\"f93b3c9\" data-element_type=\"widget\" data-widget_type=\"text-editor.default\">\n\t\t\t\t<div class=\"elementor-widget-container\">\n\t\t\t\t\t\t\t\t\t<p>N\u00f3s temos o compromisso com a transpar\u00eancia, a privacidade e a seguran\u00e7a dos dados de seus clientes durante todo o processo de intera\u00e7\u00e3o com nosso site e aplicativo. Para que entendam melhor quais informa\u00e7\u00f5es coletamos e como as utilizamos, armazenamos ou exclu\u00edmos, detalhamos a seguir nossa Pol\u00edtica de Privacidade.<br \/><br \/>Os dados cadastrais dos clientes n\u00e3o s\u00e3o divulgados para terceiros, exceto quando necess\u00e1rios para o processo de entrega, para cobran\u00e7a ou participa\u00e7\u00e3o em promo\u00e7\u00f5es solicitadas pelos clientes. Seus dados pessoais s\u00e3o pe\u00e7a fundamental para que o pedido chegue em seguran\u00e7a na sua casa, de acordo com o prazo de entrega estipulado.<br \/><br \/>A fim de facilitar o entendimento da nossa Pol\u00edtica de Privacidade, apresentamos um resumo:<br \/><br \/><strong>Agente de tratamento dos dados:\u00a0<\/strong>Molygrafit \u2013 Lubrificantes Especiais<br \/><strong>Papel do Molygrafit no tratamento dos dados:\u00a0<\/strong>Predominantemente controlador<br \/><strong>Tipo de informa\u00e7\u00f5es pessoais coletadas:\u00a0<\/strong>A Molygrafit \u2013 Lubrificantes Especiais coleta as informa\u00e7\u00f5es que o Cliente fornece quando se cadastra em nosso site.<br \/><br \/><strong>Com que finalidade utilizamos seus dados pessoais?<\/strong><br \/><br \/>\u2013 Para entregar os produtos ou servi\u00e7os adquiridos;<br \/>\u2013 Para mant\u00ea-lo informado sobre o status do seu pedido;<br \/>\u2013 Para coordenar com parceiros a entrega ou disponibiliza\u00e7\u00e3o de servi\u00e7os;<br \/>\u2013 Para a realiza\u00e7\u00e3o de trocas;<br \/>\u2013 Para enviar comunica\u00e7\u00f5es sobre servi\u00e7os e proporcionar uma melhor experi\u00eancia ao Cliente.<br \/><br \/><strong>Seus direitos<\/strong><br \/><br \/>A Lei Geral de Prote\u00e7\u00e3o de Dados (LGPD) d\u00e1 ao Cliente o direito de solicitar a Molygrafit \u2013 Lubrificantes Especiais, a qualquer momento, mediante requisi\u00e7\u00e3o formal, informa\u00e7\u00f5es referentes aos dados tratados.<br \/><br \/>Para que a Pol\u00edtica de Privacidade seja bem compreendida, \u00e9 fundamental esclarecer alguns conceitos importantes:<br \/><br \/><strong>\u2013 Cliente\u00a0<\/strong>\u2013 toda pessoa f\u00edsica que adquire produtos ou servi\u00e7os no site e aplicativo;<br \/><br \/><strong>\u2013 Dados pessoais<\/strong>\u00a0\u2013 qualquer informa\u00e7\u00e3o relacionada a uma pessoa que a identifique ou que, usada em combina\u00e7\u00e3o com outras informa\u00e7\u00f5es tratadas, identifique um indiv\u00edduo. Ainda, qualquer informa\u00e7\u00e3o por meio da qual seja poss\u00edvel identificar uma pessoa ou entrar em contato com ela;<br \/><br \/>\u2013\u00a0<strong>Tratamento de dados pessoais<\/strong>\u00a0\u2013 considera-se tratamento de dado pessoal a coleta, produ\u00e7\u00e3o, recep\u00e7\u00e3o, classifica\u00e7\u00e3o, utiliza\u00e7\u00e3o, acesso, reprodu\u00e7\u00e3o, transmiss\u00e3o, distribui\u00e7\u00e3o, processamento, arquivamento, armazenamento, elimina\u00e7\u00e3o, avalia\u00e7\u00e3o ou controle da informa\u00e7\u00e3o, comunica\u00e7\u00e3o, transfer\u00eancia, difus\u00e3o ou extra\u00e7\u00e3o de dados de pessoas f\u00edsicas;<br \/><br \/><strong>\u2013 Titular dados<\/strong>\u00a0\u2013 qualquer pessoa f\u00edsica que tenha seus dados pessoais tratados pelo Molygrafit \u2013 Lubrificantes Especiais;<br \/><br \/><strong>\u2013 Finalidade<\/strong>\u00a0\u2013 o que queremos alcan\u00e7ar com o tratamento de dados pessoais;<br \/><br \/><strong>\u2013 Necessidade<\/strong>\u00a0\u2013 o tratamento de dados pessoais deve se limitar ao\u00a0m\u00ednimo necess\u00e1rio\u00a0para o prop\u00f3sito almejado. Ou seja, deve ser pertinente, proporcional e n\u00e3o excessivo.<br \/><br \/><strong>\u2013 Consentimento<\/strong>\u00a0\u2013 autoriza\u00e7\u00e3o clara e objetiva que o titular d\u00e1 para tratamento de seus dados pessoais com finalidade previamente estipulada. Ap\u00f3s dar o\u00a0<strong>consentimento<\/strong>,\u00a0voc\u00ea pode revog\u00e1-lo a qualquer momento. A revoga\u00e7\u00e3o n\u00e3o cancela os processamentos realizados previamente.<br \/><br \/><strong>1. A quem essa Pol\u00edtica de Privacidade se aplica?<\/strong><br \/>Aplica-se a todos os clientes da Molygrafit \u2013 Lubrificantes Especiais, que de alguma forma tenham os dados pessoais tratados por n\u00f3s.<br \/><br \/><strong>2. Que tipo de informa\u00e7\u00f5es pessoais coletamos e utilizamos?<\/strong><br \/>A Molygrafit \u2013 Lubrificantes Especiais coleta e armazena os seguintes tipos de informa\u00e7\u00f5es:<br \/><br \/><strong>Informa\u00e7\u00f5es que voc\u00ea nos fornece:<\/strong>\u00a0A Molygrafit \u2013 Lubrificantes Especiais coleta informa\u00e7\u00f5es do Cliente de diversas formas: cria uma conta e fornece dados no \u201cMinha Conta\u201d; faz um pedido ou adquire um dos servi\u00e7os oferecidos pelo site; quando interage com o Servi\u00e7o de Atendimento ao Consumidor; quando participa de pesquisas ou promo\u00e7\u00f5es de marketing etc. Dentre as informa\u00e7\u00f5es que podem ser solicitadas est\u00e3o: nome completo, e-mail, CPF, data de nascimento, g\u00eanero, endere\u00e7o, n\u00fameros de telefone e n\u00famero do cart\u00e3o de cr\u00e9dito.<br \/><br \/><strong>Informa\u00e7\u00f5es coletadas automaticamente pela Molygrafit:\u00a0<\/strong>coletamos e armazenamos determinadas informa\u00e7\u00f5es sempre que o Cliente interage conosco. Por exemplo, utilizamos cookies e obtemos informa\u00e7\u00f5es quando seu navegador acessa o nosso site; quando voc\u00ea clica em an\u00fancios, e-mails de parceiros e outros conte\u00fados fornecidos por n\u00f3s em outros sites.<br \/><br \/><strong>Informa\u00e7\u00f5es coletadas de outras fontes:<\/strong><br \/>\u2013 o fontes p\u00fablicas (por exemplo, dados demogr\u00e1ficos);<br \/>\u2013 o ag\u00eancias ou \u00f3rg\u00e3os de cr\u00e9dito (por exemplo, relat\u00f3rios de cr\u00e9dito\/cheques);<br \/>\u2013 o provedores de dados (por exemplo, dados demogr\u00e1ficos relacionados a an\u00fancios publicit\u00e1rios on-line e com base nos interesses do Cliente).<br \/><br \/><strong>3. Por que solicitamos seus dados pessoais? Os dados s\u00e3o necess\u00e1rios para:<\/strong><br \/>\u2013 o entregar os produtos adquiridos ou o servi\u00e7o contratado;<br \/>\u2013 o otimizar sua intera\u00e7\u00e3o conosco;<br \/>\u2013 o garantir a seguran\u00e7a do site, de seu aplicativo e dos dados que processa;<br \/>\u2013 o informar o Cliente sobre as ofertas e divulgar os nossos servi\u00e7os;<br \/>\u2013 o cumprir obriga\u00e7\u00f5es legais;<br \/>\u2013 o fins administrativos e de gest\u00e3o.<br \/><br \/>O fornecimento dos dados permite:<br \/>\u2013 entregar os produtos ou servi\u00e7os adquiridos;<br \/>\u2013 realizar o processo de troca ou devolu\u00e7\u00e3o de produtos, dentro do prazo estabelecido pelo CDC (C\u00f3digo de Defesa do Consumidor);<br \/>\u2013 enviar atualiza\u00e7\u00f5es sobre o status do pedido e comunica\u00e7\u00f5es de servi\u00e7os;<br \/>\u2013 coordenar com parceiros a entrega ou disponibiliza\u00e7\u00e3o de servi\u00e7os;<br \/>\u2013 prestar servi\u00e7os adequados \u00e0s necessidades do Cliente;<br \/>\u2013 melhorar a experi\u00eancia de compra dos clientes na Molygrafit \u2013 Lubrificantes Especiais;<br \/>\u2013 fazer an\u00e1lises e pesquisas de mercado;<br \/>\u2013 manter o Cliente informado sobre os produtos e servi\u00e7os que oferecemos;<br \/>\u2013 o executar publicidade online direcionada;<br \/>\u2013 o prevenir, detectar e investigar atividades que estejam em desacordo com o nosso C\u00f3digo de Conduta ou que sejam proibidas ou ilegais;<br \/>\u2013 o melhorar nosso website, produtos e servi\u00e7os.<br \/><br \/>A Molygrafit \u2013 Lubrificantes Especiais utiliza bases legais, que podem variar de acordo com a finalidade da coleta, para tratar os dados pessoais dos clientes. O prazo de armazenamento pode mudar conforme a base legal aplic\u00e1vel a cada situa\u00e7\u00e3o e a finalidade.<br \/><br \/><strong>3.1 Servi\u00e7os de marketing<\/strong><br \/>Os servi\u00e7os de marketing s\u00e3o oferecidos por meio de comunica\u00e7\u00f5es gratuitas sobre ofertas, servi\u00e7os e produtos dirigidas ao Cliente, relacionadas ao seu perfil no site e a compras que fez. Esse servi\u00e7o abrange e-mails, SMS e WhatsApp. Vale ressaltar que o Cliente pode cancelar o servi\u00e7o, a qualquer momento, acessando \u201cMinha Conta\u201d.<br \/><br \/><strong>4. Com quem compartilhamos seus dados?<\/strong><br \/>As informa\u00e7\u00f5es coletadas somente ser\u00e3o compartilhadas quando forem necess\u00e1rias: (i) para presta\u00e7\u00e3o adequada dos servi\u00e7os objeto de suas atividades com empresas parceiras; (ii) prote\u00e7\u00e3o em caso de conflito; (iii) mediante decis\u00e3o judicial ou requisi\u00e7\u00e3o de autoridade competente; (iv) com empresas provedoras de infraestrutura tecnol\u00f3gica e operacional, como empresas intermediadoras de pagamento e provedoras de servi\u00e7o de armazenamento de informa\u00e7\u00f5es.<br \/><br \/><strong>5. Transfer\u00eancia Internacional de dados<\/strong><br \/>Como a internet \u00e9 um ambiente global, determinados servi\u00e7os oferecidos pela Molygrafit \u2013 Lubrificantes Especiais podem demandar a transfer\u00eancia dos seus dados para outros pa\u00edses.<br \/><br \/>Nesses casos, os dados s\u00e3o tratados de acordo com a LGPD (Lei Geral de Prote\u00e7\u00e3o de Dados) e demais legisla\u00e7\u00f5es de prote\u00e7\u00e3o. Tomamos medidas de seguran\u00e7a de acordo com nossas pol\u00edticas e adotamos cl\u00e1usulas padr\u00e3o nos contratos com fornecedores e prestadores de servi\u00e7o.<br \/><br \/>Ao navegar em nosso site, aplicativo e\/ou se comunicar conosco, voc\u00ea concorda com o tratamento de suas informa\u00e7\u00f5es, inclusive a transfer\u00eancia internacional de dados, quando necess\u00e1rio. Adotamos medidas para garantir que quaisquer informa\u00e7\u00f5es coletadas sejam tratadas com seguran\u00e7a, conforme os padr\u00f5es de prote\u00e7\u00e3o de dados e de acordo com esta Pol\u00edtica de Privacidade.<br \/><br \/><strong>6. Por quanto tempo armazenamos informa\u00e7\u00f5es pessoais?<\/strong><br \/>Armazenamos as informa\u00e7\u00f5es dos Clientes de acordo com as normas de prescri\u00e7\u00e3o do Direito brasileiro.<br \/><br \/><strong>7. Quais s\u00e3o os direitos do titular de dados?<\/strong><br \/>A partir do in\u00edcio da vig\u00eancia da LGPD, o titular dos dados pessoais ter\u00e1 o direito de obter da Molygrafit \u2013 Lubrificantes Especiais, a qualquer momento, mediante requisi\u00e7\u00e3o formal, informa\u00e7\u00f5es referentes aos seus dados.<br \/><br \/>A Molygrafit \u2013 Lubrificantes Especiais ter\u00e1 15 dias para responder \u00e0s solicita\u00e7\u00f5es dos titulares. Os pedidos ser\u00e3o analisados conforme previsto em legisla\u00e7\u00e3o vigente e, por quest\u00f5es legais, algumas solicita\u00e7\u00f5es podem n\u00e3o ser atendidas.<br \/><br \/>Os titulares dos dados, segundo o texto da LGPD, podem exercer os seus direitos por meio de:<br \/><br \/>I \u2013 confirma\u00e7\u00e3o da exist\u00eancia de tratamento;<br \/>II \u2013 acesso aos dados;<br \/>III \u2013 corre\u00e7\u00e3o de dados incompletos, inexatos ou desatualizados;<br \/>IV \u2013 anonimiza\u00e7\u00e3o, bloqueio ou elimina\u00e7\u00e3o de dados desnecess\u00e1rios, excessivos ou tratados em desconformidade com o disposto nesta Lei;<br \/>V \u2013 portabilidade dos dados a outro fornecedor de servi\u00e7o ou produto, mediante requisi\u00e7\u00e3o expressa, de acordo com a regulamenta\u00e7\u00e3o da autoridade nacional, observados os segredos comercial e industrial;<br \/>VI \u2013 elimina\u00e7\u00e3o dos dados pessoais tratados com o consentimento do titular;<br \/>VII \u2013 informa\u00e7\u00e3o das entidades p\u00fablicas e privadas com as quais o controlador realizou uso compartilhado de dados;<br \/>VIII \u2013 informa\u00e7\u00e3o sobre a possibilidade de n\u00e3o fornecer consentimento e sobre as consequ\u00eancias da negativa;<br \/>IX \u2013 revoga\u00e7\u00e3o do consentimento.<br \/><br \/><strong>8. Como exercer os seus direitos?<\/strong><br \/>Voc\u00ea pode exercer seus direitos acessando a se\u00e7\u00e3o \u201cPrivacidade\u201d, no \u201cMinha Conta\u201d, dispon\u00edvel no site\u00a0<a href=\"http:\/\/www.molygrafit.com.br\">www.molygrafit.com.br<\/a>. Al\u00e9m disso, pode entrar em contato pelo e-mail contato@molygrafit.com.br.<br \/>Para mudar suas prefer\u00eancias em rela\u00e7\u00e3o \u00e0s notifica\u00e7\u00f5es (incluindo as comunica\u00e7\u00f5es de marketing), a qualquer momento, voc\u00ea pode acessar \u201cMinha Conta\u201d. Se n\u00e3o quiser receber nossas comunica\u00e7\u00f5es de marketing, tamb\u00e9m pode cancelar a assinatura clicando no link enviado junto com o e-mail do marketing.<br \/><br \/><strong>9. Cookies e tecnologias semelhantes<\/strong><br \/>Cookies s\u00e3o pequenos arquivos de dados que s\u00e3o colocados no seu computador ou em outros dispositivos (como \u2018smartphones\u2019 ou \u2018tablets\u2019) enquanto voc\u00ea navega no site.<br \/><br \/>Utilizamos cookies, pixels e outras tecnologias (coletivamente, \u201ccookies\u201d) para reconhecer seu navegador ou dispositivo, aprender mais sobre seus interesses, fornecer recursos e servi\u00e7os essenciais e tamb\u00e9m para:<br \/><br \/>\u2013 acompanhar suas prefer\u00eancias para enviar somente an\u00fancios de seu interesse. Voc\u00ea pode definir suas prefer\u00eancias por meio de sua conta;<br \/>\u2013 acompanhar os itens armazenados no seu carrinho de compras;<br \/>\u2013 realiza\u00e7\u00e3o de pesquisas e diagn\u00f3sticos para melhorar o conte\u00fado, produtos e servi\u00e7os;<br \/>\u2013 impedir atividades fraudulentas;<br \/>\u2013 melhorar a seguran\u00e7a.<br \/><br \/>Se voc\u00ea bloquear ou rejeitar nossos cookies, n\u00e3o poder\u00e1 adicionar itens ao seu carrinho de compras, prosseguir para o checkout ou usar nossos produtos e servi\u00e7os que exijam login.<br \/><br \/>Clique em \u2018Ajuda\u2019, nas configura\u00e7\u00f5es do seu navegador, para saber como impedi-lo de aceitar cookies e para ser notificado quando receber novos; para ver quando eles expiram e para desativ\u00e1-los. Nos links abaixo voc\u00ea encontra mais detalhes sobre como desativar os cookies dos navegadores mais populares:<\/p><ul><li><a href=\"https:\/\/support.google.com\/chrome\/answer\/95647?co=GENIE.Platform%3DDesktop&amp;oco=1&amp;hl=pt-BR\">Google Chrome<\/a><\/li><li><a href=\"https:\/\/support.mozilla.org\/pt-BR\/kb\/gerencie-configuracoes-de-armazenamento-local-de-s\">Mozilla Firefox<\/a><\/li><li><a href=\"https:\/\/support.apple.com\/pt-br\/guide\/safari\/sfri11471\/mac\">Safari<\/a><\/li><li><a href=\"https:\/\/support.microsoft.com\/pt-br\/help\/17442\/windows-internet-explorer-delete-manage-cookies\">Internet Explorer<\/a><\/li><li><a href=\"https:\/\/support.microsoft.com\/pt-br\/help\/4027947\/microsoft-edge-delete-cookies\">Microsoft Edge<\/a><\/li><li><a href=\"https:\/\/help.opera.com\/en\/latest\/web-preferences\/#cookies\">Opera<\/a><br \/><br \/><strong>10. Como voc\u00ea pode manter suas informa\u00e7\u00f5es pessoais seguras?<\/strong><br \/>Molygrafit \u2013 Lubrificantes Especiais utiliza os melhores protocolos de seguran\u00e7a para preservar a privacidade dos dados dos Clientes, mas tamb\u00e9m recomenda medidas de prote\u00e7\u00e3o individual.<br \/><br \/>Para manter a seguran\u00e7a e prote\u00e7\u00e3o dos seus dados pessoais fornecidos no cadastro ou nas compras, em nenhuma hip\u00f3tese o seu login e senha devem ser compartilhados com terceiros. Al\u00e9m disso, ao acessar o seu cadastro pelo \u201cMinha Conta\u201d, principalmente em computadores p\u00fablicos, certifique-se de que voc\u00ea realizou o logout da sua conta para evitar que pessoas n\u00e3o autorizadas acessem e utilizem as informa\u00e7\u00f5es sem o seu conhecimento.<br \/><br \/>N\u00e3o solicitamos dados pessoais por telefone, WhatsApp, SMS ou e-mail. Em nenhuma hip\u00f3tese eles devem ser fornecidos, pois pode ser uma tentativa de uso indevido.<br \/><br \/><strong>11. Outras informa\u00e7\u00f5es importantes sobre prote\u00e7\u00e3o de dados<\/strong><br \/>Se alguma mudan\u00e7a for feita em nossa Pol\u00edtica de Privacidade, voc\u00ea receber\u00e1 um e-mail.<br \/><br \/><strong>12. Como entrar em contato com o encarregado da prote\u00e7\u00e3o de dados da Molygrafit?<\/strong><br \/>O encarregado da prote\u00e7\u00e3o de dados \u00e9 o respons\u00e1vel escolhido pela Molygrafit \u2013 Lubrificantes Especiais para atuar como canal de comunica\u00e7\u00e3o entre o controlador, os titulares dos dados e a Autoridade Nacional de Prote\u00e7\u00e3o de Dados (ANPD), quando ela for formalizada. Qualquer d\u00favida poder\u00e1 ser encaminhada para o e-mail\u00a0<a href=\"mailto:contato@molygrafit.com.br\">contato@molygrafit.com.br<\/a> <br \/><br \/><strong>13. Legisla\u00e7\u00e3o e foro<\/strong><br \/>Esta pol\u00edtica ser\u00e1 regida, interpretada e executada de acordo com as Leis da Rep\u00fablica Federativa do Brasil, especialmente a Lei n\u00ba 13.709\/2018, independentemente das Leis de outros estados ou pa\u00edses, sendo competente o foro de domic\u00edlio do Cliente para dirimir qualquer d\u00favida decorrente deste documento.<\/li><\/ul>\t\t\t\t\t\t\t\t<\/div>\n\t\t\t\t<\/div>\n\t\t\t\t\t<\/div>\n\t\t<\/div>\n\t\t\t\t\t<\/div>\n\t\t<\/section>\n\t\t\t\t<\/div>\n\t\t","protected":false},"excerpt":{"rendered":"<p>POL\u00cdTICA DE PRIVACIDADE N\u00f3s temos o compromisso com a transpar\u00eancia, a privacidade e a seguran\u00e7a dos dados de seus clientes durante todo o processo de intera\u00e7\u00e3o com nosso site e aplicativo. Para que entendam melhor quais informa\u00e7\u00f5es coletamos e como as utilizamos, armazenamos ou exclu\u00edmos, detalhamos a seguir nossa Pol\u00edtica de Privacidade. Os dados cadastrais [&#8230;]\n","protected":false},"author":1,"featured_media":0,"parent":0,"menu_order":0,"comment_status":"closed","ping_status":"closed","template":"elementor_header_footer","meta":{"_acf_changed":false,"footnotes":""},"class_list":["post-2714","page","type-page","status-publish","hentry"],"acf":[],"_links":{"self":[{"href":"https:\/\/molygrafit.com\/br\/wp-json\/wp\/v2\/pages\/2714","targetHints":{"allow":["GET"]}}],"collection":[{"href":"https:\/\/molygrafit.com\/br\/wp-json\/wp\/v2\/pages"}],"about":[{"href":"https:\/\/molygrafit.com\/br\/wp-json\/wp\/v2\/types\/page"}],"author":[{"embeddable":true,"href":"https:\/\/molygrafit.com\/br\/wp-json\/wp\/v2\/users\/1"}],"replies":[{"embeddable":true,"href":"https:\/\/molygrafit.com\/br\/wp-json\/wp\/v2\/comments?post=2714"}],"version-history":[{"count":3,"href":"https:\/\/molygrafit.com\/br\/wp-json\/wp\/v2\/pages\/2714\/revisions"}],"predecessor-version":[{"id":2722,"href":"https:\/\/molygrafit.com\/br\/wp-json\/wp\/v2\/pages\/2714\/revisions\/2722"}],"wp:attachment":[{"href":"https:\/\/molygrafit.com\/br\/wp-json\/wp\/v2\/media?parent=2714"}],"curies":[{"name":"wp","href":"https:\/\/api.w.org\/{rel}","templated":true}]}}