{"id":2739,"date":"2022-01-11T16:26:39","date_gmt":"2022-01-11T19:26:39","guid":{"rendered":"https:\/\/molygrafit.com\/br\/?page_id=2739"},"modified":"2022-06-03T09:42:20","modified_gmt":"2022-06-03T12:42:20","slug":"o-que-e-lubrificacao","status":"publish","type":"page","link":"https:\/\/molygrafit.com\/br\/o-que-e-lubrificacao\/","title":{"rendered":"O que \u00e9 lubrifica\u00e7\u00e3o"},"content":{"rendered":"\t\t<div data-elementor-type=\"wp-page\" data-elementor-id=\"2739\" class=\"elementor elementor-2739\">\n\t\t\t\t\t\t<section class=\"elementor-section elementor-top-section elementor-element elementor-element-70e5ca4 elementor-section-boxed elementor-section-height-default elementor-section-height-default\" data-id=\"70e5ca4\" data-element_type=\"section\">\n\t\t\t\t\t\t<div class=\"elementor-container elementor-column-gap-default\">\n\t\t\t\t\t<div class=\"elementor-column elementor-col-100 elementor-top-column elementor-element elementor-element-f4c5109\" data-id=\"f4c5109\" data-element_type=\"column\">\n\t\t\t<div class=\"elementor-widget-wrap elementor-element-populated\">\n\t\t\t\t\t\t<div class=\"elementor-element elementor-element-f80fc22 elementor-widget elementor-widget-heading\" data-id=\"f80fc22\" data-element_type=\"widget\" data-widget_type=\"heading.default\">\n\t\t\t\t<div class=\"elementor-widget-container\">\n\t\t\t\t\t<h2 class=\"elementor-heading-title elementor-size-default\">O QUE \u00c9 LUBRIFICA\u00c7\u00c3O<\/h2>\t\t\t\t<\/div>\n\t\t\t\t<\/div>\n\t\t\t\t<div class=\"elementor-element elementor-element-1f190f3 elementor-widget elementor-widget-text-editor\" data-id=\"1f190f3\" data-element_type=\"widget\" data-widget_type=\"text-editor.default\">\n\t\t\t\t<div class=\"elementor-widget-container\">\n\t\t\t\t\t\t\t\t\t<p>\u00c9 um processo que resulta na redu\u00e7\u00e3o de atrito entre duas superf\u00edcies em movimento, por meio da introdu\u00e7\u00e3o de uma subst\u00e2ncia entre elas, denominada de lubrificante, que pode ser s\u00f3lida, l\u00edquida ou pastosa.<\/p>\n<p><strong>A import\u00e2ncia da lubrifica\u00e7\u00e3o<\/strong><\/p>\n<p style=\"font-variant-ligatures: normal; orphans: 2; widows: 2; text-decoration-thickness: initial;\">A lubrifica\u00e7\u00e3o \u00e9 imprescind\u00edvel para permitir o pleno funcionamento de equipamentos mec\u00e2nicos. Sem ela, h\u00e1 o desgaste prematuro, aumento da temperatura ou simplesmente a impossibilidade de se iniciar a opera\u00e7\u00e3o de determinados equipamentos, pois quebrariam em fra\u00e7\u00e3o de segundos.<\/p><p style=\"font-variant-ligatures: normal; orphans: 2; widows: 2; text-decoration-thickness: initial;\">Nos setores industriais existe a necessidade da troca de lubrificantes ap\u00f3s per\u00edodos de uso. Al\u00e9m desse procedimento, \u00e9 necess\u00e1ria a utiliza\u00e7\u00e3o do lubrificante correto, indicado para a respectiva condi\u00e7\u00e3o de trabalho de cada tipo de equipamento.<\/p>\n<p><a href=\"https:\/\/molygrafit.com\/br\/wp-content\/uploads\/2022\/01\/apostila_curso_lubrificantes_portugues.pdf\" target=\"_blank\" rel=\"noopener\"><strong>Clique aqui e fa\u00e7a o download do nosso Curso de Lubrifica\u00e7\u00e3o<\/strong><\/a><\/p>\t\t\t\t\t\t\t\t<\/div>\n\t\t\t\t<\/div>\n\t\t\t\t\t<\/div>\n\t\t<\/div>\n\t\t\t\t\t<\/div>\n\t\t<\/section>\n\t\t\t\t<\/div>\n\t\t","protected":false},"excerpt":{"rendered":"<p>O QUE \u00c9 LUBRIFICA\u00c7\u00c3O \u00c9 um processo que resulta na redu\u00e7\u00e3o de atrito entre duas superf\u00edcies em movimento, por meio da introdu\u00e7\u00e3o de uma subst\u00e2ncia entre elas, denominada de lubrificante, que pode ser s\u00f3lida, l\u00edquida ou pastosa. A import\u00e2ncia da lubrifica\u00e7\u00e3o A lubrifica\u00e7\u00e3o \u00e9 imprescind\u00edvel para permitir o pleno funcionamento de equipamentos mec\u00e2nicos. Sem ela, [&#8230;]\n","protected":false},"author":1,"featured_media":0,"parent":0,"menu_order":0,"comment_status":"closed","ping_status":"closed","template":"elementor_header_footer","meta":{"_acf_changed":false,"footnotes":""},"class_list":["post-2739","page","type-page","status-publish","hentry"],"acf":[],"_links":{"self":[{"href":"https:\/\/molygrafit.com\/br\/wp-json\/wp\/v2\/pages\/2739","targetHints":{"allow":["GET"]}}],"collection":[{"href":"https:\/\/molygrafit.com\/br\/wp-json\/wp\/v2\/pages"}],"about":[{"href":"https:\/\/molygrafit.com\/br\/wp-json\/wp\/v2\/types\/page"}],"author":[{"embeddable":true,"href":"https:\/\/molygrafit.com\/br\/wp-json\/wp\/v2\/users\/1"}],"replies":[{"embeddable":true,"href":"https:\/\/molygrafit.com\/br\/wp-json\/wp\/v2\/comments?post=2739"}],"version-history":[{"count":5,"href":"https:\/\/molygrafit.com\/br\/wp-json\/wp\/v2\/pages\/2739\/revisions"}],"predecessor-version":[{"id":3132,"href":"https:\/\/molygrafit.com\/br\/wp-json\/wp\/v2\/pages\/2739\/revisions\/3132"}],"wp:attachment":[{"href":"https:\/\/molygrafit.com\/br\/wp-json\/wp\/v2\/media?parent=2739"}],"curies":[{"name":"wp","href":"https:\/\/api.w.org\/{rel}","templated":true}]}}