{"id":560,"date":"2020-11-06T19:10:12","date_gmt":"2020-11-06T22:10:12","guid":{"rendered":"https:\/\/molygrafit.com\/br\/?page_id=560"},"modified":"2022-06-03T09:25:33","modified_gmt":"2022-06-03T12:25:33","slug":"sobre-nos","status":"publish","type":"page","link":"https:\/\/molygrafit.com\/br\/sobre-nos\/","title":{"rendered":"Sobre n\u00f3s"},"content":{"rendered":"\t\t<div data-elementor-type=\"wp-page\" data-elementor-id=\"560\" class=\"elementor elementor-560\">\n\t\t\t\t\t\t<section class=\"elementor-section elementor-top-section elementor-element elementor-element-caf04fa elementor-section-boxed elementor-section-height-default elementor-section-height-default\" data-id=\"caf04fa\" data-element_type=\"section\">\n\t\t\t\t\t\t<div class=\"elementor-container elementor-column-gap-default\">\n\t\t\t\t\t<div class=\"elementor-column elementor-col-100 elementor-top-column elementor-element elementor-element-7fac06e\" data-id=\"7fac06e\" data-element_type=\"column\">\n\t\t\t<div class=\"elementor-widget-wrap elementor-element-populated\">\n\t\t\t\t\t\t<section class=\"elementor-section elementor-inner-section elementor-element elementor-element-5727487 elementor-section-boxed elementor-section-height-default elementor-section-height-default\" data-id=\"5727487\" data-element_type=\"section\">\n\t\t\t\t\t\t<div class=\"elementor-container elementor-column-gap-default\">\n\t\t\t\t\t<div class=\"elementor-column elementor-col-100 elementor-inner-column elementor-element elementor-element-cdd3e8d\" data-id=\"cdd3e8d\" data-element_type=\"column\">\n\t\t\t<div class=\"elementor-widget-wrap elementor-element-populated\">\n\t\t\t\t\t\t<div class=\"elementor-element elementor-element-1653bd8 elementor-widget elementor-widget-heading\" data-id=\"1653bd8\" data-element_type=\"widget\" data-widget_type=\"heading.default\">\n\t\t\t\t<div class=\"elementor-widget-container\">\n\t\t\t\t\t<h2 class=\"elementor-heading-title elementor-size-default\">SOBRE A MOLYGRAFIT<\/h2>\t\t\t\t<\/div>\n\t\t\t\t<\/div>\n\t\t\t\t<div class=\"elementor-element elementor-element-140e033 elementor-widget elementor-widget-text-editor\" data-id=\"140e033\" data-element_type=\"widget\" data-widget_type=\"text-editor.default\">\n\t\t\t\t<div class=\"elementor-widget-container\">\n\t\t\t\t\t\t\t\t\t<p><strong>Qualidade comprovada com o melhor custo-benef\u00edcio do mercado<br><\/strong>Temos orgulho de ser uma empresa 100% nacional com quase 30 anos de experi\u00eancia desenvolvendo e fornecendo lubrificantes especiais de alto desempenho para diversos setores industriais. Hoje, com filial no Chile, atendemos grandes clientes que atuam na Am\u00e9rica Latina, como a Vale, Codelco, Gerdau, CSN, Usiminas, Petrobras etc.<\/p>\n<p>Nossos lubrificantes s\u00e3o dotados de tecnologia avan\u00e7ada que proporciona o m\u00e1ximo de efici\u00eancia, aumentando a vida \u00fatil dos equipamentos e reduzindo o custo de manuten\u00e7\u00e3o devido \u00e0 menor necessidade de paradas.<\/p>\n<p><strong>Acesso \u00e0 mesma tecnologia empregada em grandes empresas, do Brasil e do exterior<br><\/strong>A tecnologia da Molygrafit atualmente empregada em lubrificantes utilizados em equipamentos pesados de empresas de grande porte, no Brasil e no exterior, est\u00e1 tamb\u00e9m dispon\u00edvel para oferecer solu\u00e7\u00f5es de lubrifica\u00e7\u00e3o ao mercado varejista que queira garantir a seus equipamentos de uso pessoal, dom\u00e9stico ou profissional, uma lubrifica\u00e7\u00e3o eficiente.<\/p>\n<p>Com a Molygrafit voc\u00ea far\u00e1 uso de lubrificantes de alto desempenho, utilizados em processos produtivos das maiores e mais importantes empresas situadas no Brasil e no exterior.<\/p>\n<p><strong>Saiba mais sobre lubrifica\u00e7\u00e3o<br><\/strong><strong><br>O que \u00e9?<br><\/strong>\u00c9 um processo que resulta na redu\u00e7\u00e3o de atrito entre duas superf\u00edcies em movimento, por meio da introdu\u00e7\u00e3o de uma subst\u00e2ncia entre elas, denominada de lubrificante, que pode ser s\u00f3lida, l\u00edquida ou pastosa.<\/p>\n<p><strong>A import\u00e2ncia da lubrifica\u00e7\u00e3o<br><\/strong>A lubrifica\u00e7\u00e3o \u00e9 imprescind\u00edvel para permitir o pleno funcionamento de equipamentos mec\u00e2nicos. Sem ela, h\u00e1 o desgaste prematuro, aumento da temperatura ou simplesmente a impossibilidade de se iniciar a opera\u00e7\u00e3o de determinados equipamentos, pois quebrariam em fra\u00e7\u00e3o de segundos.<\/p>\n<p>Nos setores industriais existe a necessidade da troca de lubrificantes ap\u00f3s per\u00edodos de uso. Al\u00e9m desse procedimento, \u00e9 necess\u00e1ria a utiliza\u00e7\u00e3o do lubrificante correto, indicado para a respectiva condi\u00e7\u00e3o de trabalho de cada tipo de equipamento.<\/p>\n<p><a href=\"https:\/\/molygrafit.com\/br\/wp-content\/uploads\/2021\/05\/apostila_curso_lubrificantes.pdf\" target=\"_blank\" rel=\"noopener\"><b><\/b><\/a><b><a href=\"http:\/\/www.pagertecnologia.com.br\/downloads\/apostila_curso_lubrificantes_portugues.pdf\" target=\"_blank\" rel=\"noopener\"><strong>Clique aqui e fa\u00e7a o download do nosso Curso de Lubrifica\u00e7\u00e3o<\/strong><\/a><\/b><\/p>\t\t\t\t\t\t\t\t<\/div>\n\t\t\t\t<\/div>\n\t\t\t\t\t<\/div>\n\t\t<\/div>\n\t\t\t\t\t<\/div>\n\t\t<\/section>\n\t\t\t\t\t<\/div>\n\t\t<\/div>\n\t\t\t\t\t<\/div>\n\t\t<\/section>\n\t\t\t\t<\/div>\n\t\t","protected":false},"excerpt":{"rendered":"<p>SOBRE A MOLYGRAFIT Qualidade comprovada com o melhor custo-benef\u00edcio do mercadoTemos orgulho de ser uma empresa 100% nacional com quase 30 anos de experi\u00eancia desenvolvendo e fornecendo lubrificantes especiais de alto desempenho para diversos setores industriais. Hoje, com filial no Chile, atendemos grandes clientes que atuam na Am\u00e9rica Latina, como a Vale, Codelco, Gerdau, CSN, [&#8230;]\n","protected":false},"author":1,"featured_media":0,"parent":0,"menu_order":0,"comment_status":"closed","ping_status":"closed","template":"elementor_header_footer","meta":{"_acf_changed":false,"footnotes":""},"class_list":["post-560","page","type-page","status-publish","hentry"],"acf":[],"_links":{"self":[{"href":"https:\/\/molygrafit.com\/br\/wp-json\/wp\/v2\/pages\/560","targetHints":{"allow":["GET"]}}],"collection":[{"href":"https:\/\/molygrafit.com\/br\/wp-json\/wp\/v2\/pages"}],"about":[{"href":"https:\/\/molygrafit.com\/br\/wp-json\/wp\/v2\/types\/page"}],"author":[{"embeddable":true,"href":"https:\/\/molygrafit.com\/br\/wp-json\/wp\/v2\/users\/1"}],"replies":[{"embeddable":true,"href":"https:\/\/molygrafit.com\/br\/wp-json\/wp\/v2\/comments?post=560"}],"version-history":[{"count":24,"href":"https:\/\/molygrafit.com\/br\/wp-json\/wp\/v2\/pages\/560\/revisions"}],"predecessor-version":[{"id":3129,"href":"https:\/\/molygrafit.com\/br\/wp-json\/wp\/v2\/pages\/560\/revisions\/3129"}],"wp:attachment":[{"href":"https:\/\/molygrafit.com\/br\/wp-json\/wp\/v2\/media?parent=560"}],"curies":[{"name":"wp","href":"https:\/\/api.w.org\/{rel}","templated":true}]}}