{"id":2305,"date":"2021-05-25T15:47:32","date_gmt":"2021-05-25T18:47:32","guid":{"rendered":"https:\/\/molygrafit.com\/br\/producto\/import-placeholder-for-1818\/"},"modified":"2023-11-22T12:54:53","modified_gmt":"2023-11-22T15:54:53","slug":"pg-24-oleo-com-aditivos-especiais-dilui-em-agua-com-otima-aderencia-ao-ferramental-aumentando-a-vida-util-dos-moldes","status":"publish","type":"product","link":"https:\/\/molygrafit.com\/br\/produto\/pg-24-oleo-com-aditivos-especiais-dilui-em-agua-com-otima-aderencia-ao-ferramental-aumentando-a-vida-util-dos-moldes\/","title":{"rendered":"PG-24 > \u00d3LEO COM ADITIVOS ESPECIAIS, DILUI EM \u00c1GUA, COM \u00d3TIMA ADER\u00caNCIA AO FERRAMENTAL AUMENTANDO A VIDA \u00daTIL DOS MOLDES."},"content":{"rendered":"<ul>\n<li>Apar\u00eancia: Pasta Preta Homog\u00eanea<\/li>\n<li>Solvente: \u00c1gua<\/li>\n<li>Espessante: Col\u00f3ide Inorg\u00e2nico<\/li>\n<li>Lubrificante s\u00f3lido: Grafite Coloidal<\/li>\n<li>Tamanho m\u00e9dio das part\u00edculas: 10 microns<\/li>\n<li>Teor de Grafite: 24%<\/li>\n<\/ul>\n","protected":false},"excerpt":{"rendered":"<p>MOLYGRAFIT PG 24 \u00e9 uma dispers\u00e3o com alto teor de Grafite Coloidal para opera\u00e7\u00f5es de\u00a0forjamento.<\/p>\n<p>Cont\u00e9m aditivos especiais que promovem \u00f3tima ader\u00eancia ao ferramental, proporcionando\u00a0\u00f3tima lubrifica\u00e7\u00e3o, aumento da vida \u00fatil dos moldes e redu\u00e7\u00e3o dos custos do processo.<\/p>\n<p>MOLYGRAFIT PG 24 \u00e9 um produto de f\u00e1cil dilui\u00e7\u00e3o em \u00e1gua, formando uma dispers\u00e3o\u00a0est\u00e1vel. Possui em sua formula\u00e7\u00e3o aditiva estabilizantes que minimizam ao m\u00e1ximo o\u00a0processo de decanta\u00e7\u00e3o. Mesmo que a dispers\u00e3o fique em repouso durante muito tempo, o\u00a0produto se dispersar\u00e1 novamente sob agita\u00e7\u00e3o moderada.<\/p>\n<p>A dilui\u00e7\u00e3o varia com o processo, dependendo do metal trabalhado, profundidade de\u00a0forjamento e tamanho da pe\u00e7a a ser forjada. Por\u00e9m, recomenda-se a dilui\u00e7\u00e3o de 1:2 para\u00a0processos severos e at\u00e9 1:10 para opera\u00e7\u00f5es leves.<\/p>\n<p><strong>PRAZO DE PRODU\u00c7\u00c3O: DE 5 A 8 DIAS \u00daTEIS<\/strong><\/p>\n","protected":false},"featured_media":2074,"template":"","meta":{"_acf_changed":false},"product_brand":[],"product_cat":[154],"product_tag":[318,317,316],"class_list":{"0":"post-2305","1":"product","2":"type-product","3":"status-publish","4":"has-post-thumbnail","6":"product_cat-forjaria","7":"product_tag-com-otima-aderencia-ao-ferramental-aumentando-a-vida-util-dos-moldes","8":"product_tag-dilui-em-agua","9":"product_tag-oleo-com-aditivos-especiais","11":"first","12":"instock","13":"shipping-taxable","14":"purchasable","15":"product-type-variable"},"acf":[],"_links":{"self":[{"href":"https:\/\/molygrafit.com\/br\/wp-json\/wp\/v2\/product\/2305","targetHints":{"allow":["GET"]}}],"collection":[{"href":"https:\/\/molygrafit.com\/br\/wp-json\/wp\/v2\/product"}],"about":[{"href":"https:\/\/molygrafit.com\/br\/wp-json\/wp\/v2\/types\/product"}],"wp:featuredmedia":[{"embeddable":true,"href":"https:\/\/molygrafit.com\/br\/wp-json\/wp\/v2\/media\/2074"}],"wp:attachment":[{"href":"https:\/\/molygrafit.com\/br\/wp-json\/wp\/v2\/media?parent=2305"}],"wp:term":[{"taxonomy":"product_brand","embeddable":true,"href":"https:\/\/molygrafit.com\/br\/wp-json\/wp\/v2\/product_brand?post=2305"},{"taxonomy":"product_cat","embeddable":true,"href":"https:\/\/molygrafit.com\/br\/wp-json\/wp\/v2\/product_cat?post=2305"},{"taxonomy":"product_tag","embeddable":true,"href":"https:\/\/molygrafit.com\/br\/wp-json\/wp\/v2\/product_tag?post=2305"}],"curies":[{"name":"wp","href":"https:\/\/api.w.org\/{rel}","templated":true}]}}