{"id":2308,"date":"2021-05-25T15:47:32","date_gmt":"2021-05-25T18:47:32","guid":{"rendered":"https:\/\/molygrafit.com\/br\/producto\/import-placeholder-for-1821\/"},"modified":"2023-11-22T12:55:51","modified_gmt":"2023-11-22T15:55:51","slug":"or-oleo-100-sintetico-nao-carboniza-proporcionando-lubrificacao-isenta-de-residuos","status":"publish","type":"product","link":"https:\/\/molygrafit.com\/br\/produto\/or-oleo-100-sintetico-nao-carboniza-proporcionando-lubrificacao-isenta-de-residuos\/","title":{"rendered":"OR > \u00d3LEO 100% SINT\u00c9TICO. N\u00c3O CARBONIZA, PROPORCIONANDO LUBRIFICA\u00c7\u00c3O ISENTA DE RES\u00cdDUOS."},"content":{"rendered":"<ul>\n<li>Apar\u00eancia: Marrom escuro transparente<\/li>\n<li>\u00d3leo B\u00e1sico: Sint\u00e9tico<\/li>\n<li>Viscosidade a 40\u00baC: 220 cSt<\/li>\n<li>Densidade a 25\u00baC (g\/cm3): 0,950<\/li>\n<li>Ponto de Fulgor: &gt; 280\u00baC<\/li>\n<li>Temperatura de trabalho: at\u00e9 250\u00baC<\/li>\n<\/ul>\n","protected":false},"excerpt":{"rendered":"<p>MOLYGRAFIT OR \u00e9 um \u00f3leo sint\u00e9tico indicado para lubrifica\u00e7\u00e3o de correntes transportadoras em\u00a0diversos segmentos industriais.<\/p>\n<p>Possui em sua formula\u00e7\u00e3o aditivos que conferem ao \u00f3leo excelente estabilidade t\u00e9rmica e\u00a0resist\u00eancia a oxida\u00e7\u00e3o, proporcionando alto grau de lubrifica\u00e7\u00e3o mesmo quando atuando a\u00a0temperatura de 250\u00baC.<\/p>\n<p>Por ser um lubrificante sint\u00e9tico, adere a superf\u00edcie das correntes evitando gotejamento e n\u00e3o\u00a0deixando res\u00edduos devido a baixa taxa de evapora\u00e7\u00e3o.<\/p>\n<p>O per\u00edodo de lubrifica\u00e7\u00e3o e volume do \u00f3leo a ser utilizado depender\u00e3o da velocidade, do tipo da\u00a0corrente e pontos das secadoras.<\/p>\n<p>Sugerimos que para as temperaturas entre 170\u00baC e 180\u00baC e para cada per\u00edodo normal de trabalho (8hs), o volume dever\u00e1 ser de 1,5 a 2,5 ml por metro de corrente.<\/p>\n<p>Produto at\u00f3xico, n\u00e3o inflam\u00e1vel , seguro ao operador e isento de silicone.<\/p>\n<p><strong>PRAZO DE PRODU\u00c7\u00c3O: DE 5 A 8 DIAS \u00daTEIS<\/strong><\/p>\n","protected":false},"featured_media":2076,"template":"","meta":{"_acf_changed":false},"product_brand":[],"product_cat":[156],"product_tag":[313,314],"class_list":{"0":"post-2308","1":"product","2":"type-product","3":"status-publish","4":"has-post-thumbnail","6":"product_cat-textil","7":"product_tag-oleo-100-sintetico-nao-carboniza","8":"product_tag-proporcionando-lubrificacao-isenta-de-residuos","10":"first","11":"instock","12":"shipping-taxable","13":"purchasable","14":"product-type-variable"},"acf":[],"_links":{"self":[{"href":"https:\/\/molygrafit.com\/br\/wp-json\/wp\/v2\/product\/2308","targetHints":{"allow":["GET"]}}],"collection":[{"href":"https:\/\/molygrafit.com\/br\/wp-json\/wp\/v2\/product"}],"about":[{"href":"https:\/\/molygrafit.com\/br\/wp-json\/wp\/v2\/types\/product"}],"wp:featuredmedia":[{"embeddable":true,"href":"https:\/\/molygrafit.com\/br\/wp-json\/wp\/v2\/media\/2076"}],"wp:attachment":[{"href":"https:\/\/molygrafit.com\/br\/wp-json\/wp\/v2\/media?parent=2308"}],"wp:term":[{"taxonomy":"product_brand","embeddable":true,"href":"https:\/\/molygrafit.com\/br\/wp-json\/wp\/v2\/product_brand?post=2308"},{"taxonomy":"product_cat","embeddable":true,"href":"https:\/\/molygrafit.com\/br\/wp-json\/wp\/v2\/product_cat?post=2308"},{"taxonomy":"product_tag","embeddable":true,"href":"https:\/\/molygrafit.com\/br\/wp-json\/wp\/v2\/product_tag?post=2308"}],"curies":[{"name":"wp","href":"https:\/\/api.w.org\/{rel}","templated":true}]}}