{"id":2309,"date":"2021-05-25T15:47:32","date_gmt":"2021-05-25T18:47:32","guid":{"rendered":"https:\/\/molygrafit.com\/br\/producto\/import-placeholder-for-1822\/"},"modified":"2024-01-10T17:35:13","modified_gmt":"2024-01-10T20:35:13","slug":"oc-15-oleo-com-aditivo-de-extrema-pressao-indicado-em-operacoes-de-corte-e-estampagem-em-metais-ferrosos","status":"publish","type":"product","link":"https:\/\/molygrafit.com\/br\/produto\/oc-15-oleo-com-aditivo-de-extrema-pressao-indicado-em-operacoes-de-corte-e-estampagem-em-metais-ferrosos\/","title":{"rendered":"OC-15 > \u00d3LEO COM ADITIVO DE EXTREMA PRESS\u00c3O INDICADO EM OPERA\u00c7\u00d5ES DE CORTE E ESTAMPAGEM EM METAIS FERROSOS."},"content":{"rendered":"<ul>\n<li>Apar\u00eancia: L\u00edquido Castanho<\/li>\n<li>\u00d3leo B\u00e1sico: Mineral puro<\/li>\n<li>Viscosidade a 40\u00baC: 30 cSt<\/li>\n<li>Solubilidade em \u00e1gua: Insol\u00favel<\/li>\n<li>Ponto de Fulgor: 180\u00baC<\/li>\n<\/ul>\n","protected":false},"excerpt":{"rendered":"<p>\u00d3leo de corte e estampagem integral para opera\u00e7\u00f5es severas em metais ferrosos.<\/p>\n<p>Possui em sua formula\u00e7\u00e3o aditivos antioxidantes e de extrema press\u00e3o que proporcionam \u00f3tima lubrifica\u00e7\u00e3o e refrigera\u00e7\u00e3o.<\/p>\n<p>Produto seguro, com alto ponto de fulgor, podendo ser utilizado em tornos, fresas, prensas, etc., proporcionando pe\u00e7as com excelente conforma\u00e7\u00e3o, estendendo a vida \u00fatil das ferramentas.<\/p>\n<p>OBS.: disponibilidade em aerossol e sol\u00favel.<\/p>\n<p><strong>PRAZO DE PRODU\u00c7\u00c3O: DE 5 A 8 DIAS \u00daTEIS<\/strong><\/p>\n","protected":false},"featured_media":2076,"template":"","meta":{"_acf_changed":false},"product_brand":[],"product_cat":[159,157],"product_tag":[312],"class_list":{"0":"post-2309","1":"product","2":"type-product","3":"status-publish","4":"has-post-thumbnail","6":"product_cat-aplicacoes-comuns","7":"product_cat-metalurgica","8":"product_tag-oleo-com-aditivo-de-extrema-pressao-indicado-em-operacoes-de-corte-e-estampagem-em-metais-ferrosos","10":"first","11":"instock","12":"shipping-taxable","13":"purchasable","14":"product-type-variable"},"acf":[],"_links":{"self":[{"href":"https:\/\/molygrafit.com\/br\/wp-json\/wp\/v2\/product\/2309","targetHints":{"allow":["GET"]}}],"collection":[{"href":"https:\/\/molygrafit.com\/br\/wp-json\/wp\/v2\/product"}],"about":[{"href":"https:\/\/molygrafit.com\/br\/wp-json\/wp\/v2\/types\/product"}],"wp:featuredmedia":[{"embeddable":true,"href":"https:\/\/molygrafit.com\/br\/wp-json\/wp\/v2\/media\/2076"}],"wp:attachment":[{"href":"https:\/\/molygrafit.com\/br\/wp-json\/wp\/v2\/media?parent=2309"}],"wp:term":[{"taxonomy":"product_brand","embeddable":true,"href":"https:\/\/molygrafit.com\/br\/wp-json\/wp\/v2\/product_brand?post=2309"},{"taxonomy":"product_cat","embeddable":true,"href":"https:\/\/molygrafit.com\/br\/wp-json\/wp\/v2\/product_cat?post=2309"},{"taxonomy":"product_tag","embeddable":true,"href":"https:\/\/molygrafit.com\/br\/wp-json\/wp\/v2\/product_tag?post=2309"}],"curies":[{"name":"wp","href":"https:\/\/api.w.org\/{rel}","templated":true}]}}