{"id":2310,"date":"2021-05-25T15:47:33","date_gmt":"2021-05-25T18:47:33","guid":{"rendered":"https:\/\/molygrafit.com\/br\/producto\/import-placeholder-for-1823\/"},"modified":"2023-11-22T12:47:47","modified_gmt":"2023-11-22T15:47:47","slug":"oc-aditivo-de-extrema-pressao-concentrado-para-ser-adicionado-em-oleos-minerais-proporciona-operacoes-de-corte-e-estampagem-com-otimo-acabamento","status":"publish","type":"product","link":"https:\/\/molygrafit.com\/br\/produto\/oc-aditivo-de-extrema-pressao-concentrado-para-ser-adicionado-em-oleos-minerais-proporciona-operacoes-de-corte-e-estampagem-com-otimo-acabamento\/","title":{"rendered":"OC > ADITIVO DE EXTREMA PRESS\u00c3O, CONCENTRADO PARA SER ADICIONADO EM \u00d3LEOS MINERAIS. PROPORCIONA OPERA\u00c7\u00d5ES DE CORTE E ESTAMPAGEM COM \u00d3TIMO ACABAMENTO."},"content":{"rendered":"<ul>\n<li>Apar\u00eancia: L\u00edquido viscoso claro<\/li>\n<li>Ponto de fulgor: N\u00e3o inflam\u00e1vel<\/li>\n<li>Sol\u00favel em: Solventes alif\u00e1ticos ou arom\u00e1ticos.<\/li>\n<li>Insol\u00favel em \u00e1gua<\/li>\n<li>Densidade \u00e0 20\u00baC: 1,4 g\/cm3<\/li>\n<\/ul>\n","protected":false},"excerpt":{"rendered":"<p>MOLYGRAFIT OC \u00e9 um aditivo de extrema press\u00e3o concentrado para ser adicionado em \u00f3leos\u00a0minerais.<\/p>\n<p>Proporciona opera\u00e7\u00f5es de corte e estampagem com \u00f3timo acabamento.<\/p>\n<p>MOLYGRAFIT OC suporta altas press\u00f5es, mantendo o filme lubrificante sob altas cargas,\u00a0reduzindo o desgaste e aumentando a vida \u00fatil do ferramental.<\/p>\n<p>Produto totalmente sol\u00favel em \u00f3leos minerais (paraf\u00ednicos ou naft\u00eanicos).<\/p>\n<p>A dilui\u00e7\u00e3o recomendada varia conforme a severidade da opera\u00e7\u00e3o.\u00a0Como indicativos, recomenda-se para usinagens leves a adi\u00e7\u00e3o de 10 \u00e0 20% do aditivo em \u00f3leo, e\u00a0para opera\u00e7\u00f5es severas como brochamento, 50% do aditivo.<\/p>\n<p>Produto seguro ao operador, n\u00e3o inflam\u00e1vel.<\/p>\n<p><strong>PRAZO DE PRODU\u00c7\u00c3O: DE 5 A 8 DIAS \u00daTEIS<\/strong><\/p>\n","protected":false},"featured_media":2076,"template":"","meta":{"_acf_changed":false},"product_brand":[],"product_cat":[157],"product_tag":[299,300],"class_list":{"0":"post-2310","1":"product","2":"type-product","3":"status-publish","4":"has-post-thumbnail","6":"product_cat-metalurgica","7":"product_tag-aditivo-de-extrema-pressao","8":"product_tag-concentrado-para-ser-adicionado-em-oleos-minerais-proporciona-operacoes-de-corte-e-estampagem-com-otimo-acabamento","10":"first","11":"instock","12":"shipping-taxable","13":"purchasable","14":"product-type-variable"},"acf":[],"_links":{"self":[{"href":"https:\/\/molygrafit.com\/br\/wp-json\/wp\/v2\/product\/2310","targetHints":{"allow":["GET"]}}],"collection":[{"href":"https:\/\/molygrafit.com\/br\/wp-json\/wp\/v2\/product"}],"about":[{"href":"https:\/\/molygrafit.com\/br\/wp-json\/wp\/v2\/types\/product"}],"wp:featuredmedia":[{"embeddable":true,"href":"https:\/\/molygrafit.com\/br\/wp-json\/wp\/v2\/media\/2076"}],"wp:attachment":[{"href":"https:\/\/molygrafit.com\/br\/wp-json\/wp\/v2\/media?parent=2310"}],"wp:term":[{"taxonomy":"product_brand","embeddable":true,"href":"https:\/\/molygrafit.com\/br\/wp-json\/wp\/v2\/product_brand?post=2310"},{"taxonomy":"product_cat","embeddable":true,"href":"https:\/\/molygrafit.com\/br\/wp-json\/wp\/v2\/product_cat?post=2310"},{"taxonomy":"product_tag","embeddable":true,"href":"https:\/\/molygrafit.com\/br\/wp-json\/wp\/v2\/product_tag?post=2310"}],"curies":[{"name":"wp","href":"https:\/\/api.w.org\/{rel}","templated":true}]}}