{"id":2311,"date":"2021-05-25T15:47:33","date_gmt":"2021-05-25T18:47:33","guid":{"rendered":"https:\/\/molygrafit.com\/br\/producto\/import-placeholder-for-1824\/"},"modified":"2023-11-22T12:48:17","modified_gmt":"2023-11-22T15:48:17","slug":"mo-ci-4-oleo-para-motores-a-combustao-100-sintetico-nao-carboniza-oferecendo-lubrificacao-isenta-de-residuos-estendendo-os-periodos-de-lubrificacao","status":"publish","type":"product","link":"https:\/\/molygrafit.com\/br\/produto\/mo-ci-4-oleo-para-motores-a-combustao-100-sintetico-nao-carboniza-oferecendo-lubrificacao-isenta-de-residuos-estendendo-os-periodos-de-lubrificacao\/","title":{"rendered":"MO\/CI-4 &#8211; \u00d3LEO PARA MOTORES A COMBUST\u00c3O, 100% SINT\u00c9TICO. N\u00c3O CARBONIZA, OFERECENDO LUBRIFICA\u00c7\u00c3O ISENTA DE RES\u00cdDUOS ESTENDENDO OS PER\u00cdODOS DE LUBRIFICA\u00c7\u00c3O."},"content":{"rendered":"<ul>\n<li>Viscosidade a 40 C\u00b0: 120,0 cSt<\/li>\n<li>Viscosidade a 100 C\u00b0: 20,78 cSt<\/li>\n<li>Classifica\u00e7\u00e3o API: 5W40, SL\/CI-4<\/li>\n<li>Temperatura de uso: -30 a 260\u00baC<\/li>\n<li>Ponto de Fulgor: 280\u00baC<\/li>\n<li>Solubilidade em \u00e1gua: Insol\u00favel<\/li>\n<li>TBN \u2013 mg KOH\/gr: 11<\/li>\n<\/ul>\n","protected":false},"excerpt":{"rendered":"<p>MOLYGRAFIT MO\/CI-4 \u00e9 um \u00f3leo totalmente sint\u00e9tico, especialmente formulado para motores de combust\u00e3o interna (gasolina, \u00e1lcool, diesel, GLP, g\u00e1s natural, etc.).<\/p>\n<p>Por ser totalmente sint\u00e9tico, n\u00e3o carboniza, estendendo os per\u00edodos de lubrifica\u00e7\u00e3o para no m\u00ednimo 1.000 horas de trabalho, dependendo das condi\u00e7\u00f5es de trabalho do motor.<\/p>\n<p>Possui em sua formula\u00e7\u00e3o aditivos de extrema press\u00e3o, melhoradores de \u00edndice de viscosidade, anticorrosivos, detergentes, dispersantes etc.<\/p>\n<p>MOLYGRAFIT MO\/CI-4 suporta altas temperaturas, podendo ser utilizado em motores turbo comprimidos.<\/p>\n<p>Quando da troca de lubrificantes, deve-se realizar uma limpeza no maquina, se necess\u00e1rio fazer um flushing.<\/p>\n<p>Produto seguro, com ponto de fulgor elevado, at\u00f3xico e biodegrad\u00e1vel, de acordo com a norma OECD 301 B; n\u00e3o requer tratamento especial para descarte.<\/p>\n<p><strong>PRAZO DE PRODU\u00c7\u00c3O: DE 5 A 8 DIAS \u00daTEIS<\/strong><\/p>\n","protected":false},"featured_media":2076,"template":"","meta":{"_acf_changed":false},"product_brand":[],"product_cat":[158,155],"product_tag":[297,298,296],"class_list":{"0":"post-2311","1":"product","2":"type-product","3":"status-publish","4":"has-post-thumbnail","6":"product_cat-mineracao","7":"product_cat-offshore-naval","8":"product_tag-100-sintetico-nao-carboniza","9":"product_tag-oferecendo-lubrificacao-isenta-de-residuos-estendendo-os-periodos-de-lubrificacao","10":"product_tag-oleo-para-motores-a-combustao","12":"first","13":"instock","14":"shipping-taxable","15":"purchasable","16":"product-type-variable"},"acf":[],"_links":{"self":[{"href":"https:\/\/molygrafit.com\/br\/wp-json\/wp\/v2\/product\/2311","targetHints":{"allow":["GET"]}}],"collection":[{"href":"https:\/\/molygrafit.com\/br\/wp-json\/wp\/v2\/product"}],"about":[{"href":"https:\/\/molygrafit.com\/br\/wp-json\/wp\/v2\/types\/product"}],"wp:featuredmedia":[{"embeddable":true,"href":"https:\/\/molygrafit.com\/br\/wp-json\/wp\/v2\/media\/2076"}],"wp:attachment":[{"href":"https:\/\/molygrafit.com\/br\/wp-json\/wp\/v2\/media?parent=2311"}],"wp:term":[{"taxonomy":"product_brand","embeddable":true,"href":"https:\/\/molygrafit.com\/br\/wp-json\/wp\/v2\/product_brand?post=2311"},{"taxonomy":"product_cat","embeddable":true,"href":"https:\/\/molygrafit.com\/br\/wp-json\/wp\/v2\/product_cat?post=2311"},{"taxonomy":"product_tag","embeddable":true,"href":"https:\/\/molygrafit.com\/br\/wp-json\/wp\/v2\/product_tag?post=2311"}],"curies":[{"name":"wp","href":"https:\/\/api.w.org\/{rel}","templated":true}]}}