{"id":2312,"date":"2021-05-25T15:47:33","date_gmt":"2021-05-25T18:47:33","guid":{"rendered":"https:\/\/molygrafit.com\/br\/producto\/import-placeholder-for-1825\/"},"modified":"2024-06-05T16:36:08","modified_gmt":"2024-06-05T19:36:08","slug":"m-50-pasta-recomendada-para-montagens-e-amaciamento-de-maquinas-novas-com-aditivo-de-extrema-pressao-mos2","status":"publish","type":"product","link":"https:\/\/molygrafit.com\/br\/produto\/m-50-pasta-recomendada-para-montagens-e-amaciamento-de-maquinas-novas-com-aditivo-de-extrema-pressao-mos2\/","title":{"rendered":"M-50 > PASTA RECOMENDADA PARA MONTAGENS E AMACIAMENTO DE M\u00c1QUINAS NOVAS, COM ADITIVO DE EXTREMA PRESS\u00c3O (MoS2)."},"content":{"rendered":"<ul>\n<li>Apar\u00eancia:\u00a0Pasta Homog\u00eanea Preta<\/li>\n<li>Consist\u00eancia NLGI:\u00a02<\/li>\n<li>Penetra\u00e7\u00e3o:\u00a0265 \u00e0 295<\/li>\n<li>Concentra\u00e7\u00e3o de MoS2:\u00a050%<\/li>\n<li>Espessante:\u00a0Col\u00f3ide Inorg\u00e2nico<\/li>\n<li>\u00d3leo B\u00e1sico:\u00a0Mineral Puro<\/li>\n<li>Solubilidade em \u00e1gua:\u00a0Insol\u00favel<\/li>\n<li>Temperatura de trabalho:\u00a0-40\u00baC a 1.100\u00baC<\/li>\n<\/ul>\n","protected":false},"excerpt":{"rendered":"<p>Pasta para montagem com alto teor de Bissulfeto de Molibd\u00eanio, recomendada para montagens e amaciamento de m\u00e1quinas novas.<\/p>\n<p>Possui em sua formula\u00e7\u00e3o o que h\u00e1 de melhor em aditivo de extrema press\u00e3o: Bissulfeto deMolibd\u00eanio (MoS2) de alta pureza (99%).<\/p>\n<p>N\u00e3o oxida e protege as pe\u00e7as tratadas.<\/p>\n<p>Pode ser utilizada tamb\u00e9m em estampagens ou extrus\u00e3o, aumentando a vida do ferramental.<\/p>\n<p>Reduz o desgaste inicial e vibra\u00e7\u00f5es, aumentando o tempo de uso do equipamento.<\/p>\n<p>Produto n\u00e3o t\u00f3xico, sem risco algum ao operador.<\/p>\n<p>\u00c9 fornecida na concentra\u00e7\u00e3o de 50% de Bissulfeto de Molibd\u00eanio, podendo ser dilu\u00edda para opera\u00e7\u00f5es menos severas.<\/p>\n<p><strong>PRAZO DE PRODU\u00c7\u00c3O: DE 5 A 8 DIAS \u00daTEIS<\/strong><\/p>\n","protected":false},"featured_media":2074,"template":"","meta":{"_acf_changed":false},"product_brand":[],"product_cat":[159,160,155],"product_tag":[292,291],"class_list":{"0":"post-2312","1":"product","2":"type-product","3":"status-publish","4":"has-post-thumbnail","6":"product_cat-aplicacoes-comuns","7":"product_cat-mecanica","8":"product_cat-offshore-naval","9":"product_tag-com-aditivo-de-extrema-pressao-mos2","10":"product_tag-pasta-recomendada-para-montagens-e-amaciamento-de-maquinas-novas","12":"first","13":"instock","14":"shipping-taxable","15":"purchasable","16":"product-type-variable"},"acf":[],"_links":{"self":[{"href":"https:\/\/molygrafit.com\/br\/wp-json\/wp\/v2\/product\/2312","targetHints":{"allow":["GET"]}}],"collection":[{"href":"https:\/\/molygrafit.com\/br\/wp-json\/wp\/v2\/product"}],"about":[{"href":"https:\/\/molygrafit.com\/br\/wp-json\/wp\/v2\/types\/product"}],"wp:featuredmedia":[{"embeddable":true,"href":"https:\/\/molygrafit.com\/br\/wp-json\/wp\/v2\/media\/2074"}],"wp:attachment":[{"href":"https:\/\/molygrafit.com\/br\/wp-json\/wp\/v2\/media?parent=2312"}],"wp:term":[{"taxonomy":"product_brand","embeddable":true,"href":"https:\/\/molygrafit.com\/br\/wp-json\/wp\/v2\/product_brand?post=2312"},{"taxonomy":"product_cat","embeddable":true,"href":"https:\/\/molygrafit.com\/br\/wp-json\/wp\/v2\/product_cat?post=2312"},{"taxonomy":"product_tag","embeddable":true,"href":"https:\/\/molygrafit.com\/br\/wp-json\/wp\/v2\/product_tag?post=2312"}],"curies":[{"name":"wp","href":"https:\/\/api.w.org\/{rel}","templated":true}]}}