{"id":2313,"date":"2021-05-25T15:47:33","date_gmt":"2021-05-25T18:47:33","guid":{"rendered":"https:\/\/molygrafit.com\/br\/producto\/import-placeholder-for-1826\/"},"modified":"2023-11-22T12:49:25","modified_gmt":"2023-11-22T15:49:25","slug":"hf-km-linha-oleo-semissintetico-resistente-a-elevadissimas-cargas-800-kgf","status":"publish","type":"product","link":"https:\/\/molygrafit.com\/br\/produto\/hf-km-linha-oleo-semissintetico-resistente-a-elevadissimas-cargas-800-kgf\/","title":{"rendered":"HF\/KM (LINHA) > \u00d3LEO SEMISSINT\u00c9TICO RESISTENTE A ELEVAD\u00cdSSIMAS CARGAS (800 KGF)."},"content":{"rendered":"<ul>\n<li>Apar\u00eancia: L\u00edquido castanho transparente<\/li>\n<li>Viscosidade a 40\u00baC: de 2.000 cSt a 25.000 cSt<\/li>\n<li>Densidade a 20\u00baC: 0,950 g\/cm\u00b3<\/li>\n<li>Ponto de fulgor: 300 \u00b0C<\/li>\n<li>Ponto de igni\u00e7\u00e3o: 340 \u00baC<\/li>\n<li>Carga de soldagem ASTM D 2783: 800 kgf<\/li>\n<li>Solubilidade em \u00e1gua: Insol\u00favel<\/li>\n<\/ul>\n","protected":false},"excerpt":{"rendered":"<p>MOLYGRAFIT HF\/KM \u00e9 uma linha de \u00f3leo semissint\u00e9tico recomendada para lubrifica\u00e7\u00e3o de equipamentos submetidos a altas cargas, tais como mancais de moendas, rodetes e volandeiras de usinas de a\u00e7\u00facar e \u00e1lcool, redutores etc.<\/p>\n<p>\u00c9 especialmente formulado com aditivos que proporcionam alto desempenho com perda reduzida.<br \/>\nPor ser um \u00f3leo de base semissint\u00e9tica, proporciona longos per\u00edodos de lubrifica\u00e7\u00e3o e dispensa a necessidade de limpeza constante do equipamento.<\/p>\n<p>MOLYGRAFIT HF\/KM suporta ambientes agressivos, tais como umidade e vapores \u00e1cidos ou alcalinos.<\/p>\n<p>Produto especialmente formulado sem aditivos s\u00f3lidos, n\u00e3o causando entupimentos ou incrusta\u00e7\u00f5es.<\/p>\n<p>Produto at\u00f3xico, n\u00e3o inflam\u00e1vel, proporcionando total seguran\u00e7a ao operador.<\/p>\n<p><strong>PRAZO DE PRODU\u00c7\u00c3O: DE 5 A 8 DIAS \u00daTEIS<\/strong><\/p>\n","protected":false},"featured_media":2076,"template":"","meta":{"_acf_changed":false},"product_brand":[],"product_cat":[161],"product_tag":[295],"class_list":{"0":"post-2313","1":"product","2":"type-product","3":"status-publish","4":"has-post-thumbnail","6":"product_cat-acucar-e-alcool","7":"product_tag-oleo-semissintetico-resistente-a-elevadissimas-cargas-800-kgf","9":"first","10":"instock","11":"shipping-taxable","12":"purchasable","13":"product-type-variable"},"acf":[],"_links":{"self":[{"href":"https:\/\/molygrafit.com\/br\/wp-json\/wp\/v2\/product\/2313","targetHints":{"allow":["GET"]}}],"collection":[{"href":"https:\/\/molygrafit.com\/br\/wp-json\/wp\/v2\/product"}],"about":[{"href":"https:\/\/molygrafit.com\/br\/wp-json\/wp\/v2\/types\/product"}],"wp:featuredmedia":[{"embeddable":true,"href":"https:\/\/molygrafit.com\/br\/wp-json\/wp\/v2\/media\/2076"}],"wp:attachment":[{"href":"https:\/\/molygrafit.com\/br\/wp-json\/wp\/v2\/media?parent=2313"}],"wp:term":[{"taxonomy":"product_brand","embeddable":true,"href":"https:\/\/molygrafit.com\/br\/wp-json\/wp\/v2\/product_brand?post=2313"},{"taxonomy":"product_cat","embeddable":true,"href":"https:\/\/molygrafit.com\/br\/wp-json\/wp\/v2\/product_cat?post=2313"},{"taxonomy":"product_tag","embeddable":true,"href":"https:\/\/molygrafit.com\/br\/wp-json\/wp\/v2\/product_tag?post=2313"}],"curies":[{"name":"wp","href":"https:\/\/api.w.org\/{rel}","templated":true}]}}