{"id":2314,"date":"2021-05-25T15:47:33","date_gmt":"2021-05-25T18:47:33","guid":{"rendered":"https:\/\/molygrafit.com\/br\/producto\/import-placeholder-for-1827\/"},"modified":"2025-06-24T09:34:10","modified_gmt":"2025-06-24T12:34:10","slug":"hf-68-fg-oleo-100-sintetico-atoxico-de-grau-alimenticio-indicado-para-uso-em-compressores-de-consultorios-odontologicos","status":"publish","type":"product","link":"https:\/\/molygrafit.com\/br\/produto\/hf-68-fg-oleo-100-sintetico-atoxico-de-grau-alimenticio-indicado-para-uso-em-compressores-de-consultorios-odontologicos\/","title":{"rendered":"HF-68\/FG > \u00d3LEO 100% SINT\u00c9TICO, AT\u00d3XICO DE GRAU ALIMENT\u00cdCIO, INDICADO PARA USO EM COMPRESSORES DE CONSULT\u00d3RIOS ODONTOL\u00d3GICOS."},"content":{"rendered":"<ul>\n<li><span class=\"Apple-converted-space\">\u00a0<\/span>Apar\u00eancia:\u00a0L\u00edquido transparente amarelo<span class=\"Apple-converted-space\">\u00a0<\/span><\/li>\n<li><span class=\"Apple-converted-space\">\u00a0<\/span>Viscosidade:\u00a0ISO VG 68<span class=\"Apple-converted-space\">\u00a0<\/span><\/li>\n<li><span class=\"Apple-converted-space\">\u00a0<\/span>Densidade a 20\u00baC:\u00a00,850 g\/cm\u00b3<\/li>\n<li><span class=\"Apple-converted-space\">\u00a0<\/span>Ponto de fulgor (ASTM D 92):\u00a0<span style=\"color: #333333;\">135\u00b0C<\/span><\/li>\n<li><span class=\"Apple-converted-space\">\u00a0<\/span>Ponto de auto igni\u00e7\u00e3o:\u00a0<span style=\"color: #333333;\">160\u00b0C<\/span><\/li>\n<li><span class=\"Apple-converted-space\">\u00a0<\/span>Ponto m\u00ednimo de fluidez:<span class=\"Apple-converted-space\">\u00a0<\/span><span style=\"color: #333333;\">-40\u00b0C<\/span><\/li>\n<li><span class=\"Apple-converted-space\">\u00a0<\/span>Solubilidade em \u00e1gua:\u00a0Insol\u00favel<\/li>\n<\/ul>\n<p>&nbsp;<\/p>\n","protected":false},"excerpt":{"rendered":"<p>MOLYGRAFIT HF-68\/FG \u00e9 um \u00f3leo sint\u00e9tico, recomendado para lubrifica\u00e7\u00e3o de equipamentos submetidos a altas temperaturas.<\/p>\n<p>\u00c9 especialmente formulado com aditivos que proporcionam alto desempenho com baixa taxa de evapora\u00e7\u00e3o.<\/p>\n<p>Suporta altas cargas. Sendo um \u00f3leo sint\u00e9tico, quando submetido a altas temperaturas, evapora sem deixar res\u00edduos, proporcionando longos per\u00edodos de lubrifica\u00e7\u00e3o e dispensando a necessidade de limpeza constante do equipamento.<\/p>\n<p>Quando na troca de lubrificantes, deve-se realizar uma limpeza na m\u00e1quina, se necess\u00e1rio fazer um flushing.<\/p>\n<p>MOLYGRAFIT HF-68\/FG suporta ambientes agressivos, tais como umidade e vapores \u00e1cidos ou alcalinos.<\/p>\n<p>Produto at\u00f3xico de grau aliment\u00edcio H-1, n\u00e3o inflam\u00e1vel, proporcionando total seguran\u00e7a ao operador.<\/p>\n<p><strong>PRAZO DE PRODU\u00c7\u00c3O: DE 5 A 8 DIAS \u00daTEIS<\/strong><\/p>\n","protected":false},"featured_media":2089,"template":"","meta":{"_acf_changed":false},"product_brand":[],"product_cat":[162],"product_tag":[293,294,233],"class_list":{"0":"post-2314","1":"product","2":"type-product","3":"status-publish","4":"has-post-thumbnail","6":"product_cat-alimenticia-farmaceutica","7":"product_tag-atoxico-de-grau-alimenticio","8":"product_tag-indicado-para-uso-em-compressores-de-consultorios-odontologicos","9":"product_tag-oleo-100-sintetico","11":"first","12":"instock","13":"shipping-taxable","14":"purchasable","15":"product-type-simple"},"acf":[],"_links":{"self":[{"href":"https:\/\/molygrafit.com\/br\/wp-json\/wp\/v2\/product\/2314","targetHints":{"allow":["GET"]}}],"collection":[{"href":"https:\/\/molygrafit.com\/br\/wp-json\/wp\/v2\/product"}],"about":[{"href":"https:\/\/molygrafit.com\/br\/wp-json\/wp\/v2\/types\/product"}],"wp:featuredmedia":[{"embeddable":true,"href":"https:\/\/molygrafit.com\/br\/wp-json\/wp\/v2\/media\/2089"}],"wp:attachment":[{"href":"https:\/\/molygrafit.com\/br\/wp-json\/wp\/v2\/media?parent=2314"}],"wp:term":[{"taxonomy":"product_brand","embeddable":true,"href":"https:\/\/molygrafit.com\/br\/wp-json\/wp\/v2\/product_brand?post=2314"},{"taxonomy":"product_cat","embeddable":true,"href":"https:\/\/molygrafit.com\/br\/wp-json\/wp\/v2\/product_cat?post=2314"},{"taxonomy":"product_tag","embeddable":true,"href":"https:\/\/molygrafit.com\/br\/wp-json\/wp\/v2\/product_tag?post=2314"}],"curies":[{"name":"wp","href":"https:\/\/api.w.org\/{rel}","templated":true}]}}