{"id":2315,"date":"2021-05-25T15:47:33","date_gmt":"2021-05-25T18:47:33","guid":{"rendered":"https:\/\/molygrafit.com\/br\/producto\/import-placeholder-for-1828\/"},"modified":"2025-08-21T12:39:53","modified_gmt":"2025-08-21T15:39:53","slug":"hf-4-msep-oleo-100-sintetico-resistente-a-elevadissimas-cargas","status":"publish","type":"product","link":"https:\/\/molygrafit.com\/br\/produto\/hf-4-msep-oleo-100-sintetico-resistente-a-elevadissimas-cargas\/","title":{"rendered":"HF-4\/MSEP > \u00d3LEO 100% SINT\u00c9TICO RESISTENTE A ELEVAD\u00cdSSIMAS CARGAS."},"content":{"rendered":"<ul>\n<li>Apar\u00eancia: L\u00edquido Homog\u00eaneo Preto<\/li>\n<li>Viscosidade ISO: ISO 5<\/li>\n<li>Densidade a 20\u00baC: 0,80 g\/cm3<\/li>\n<li>Ponto de fulgor (ASTM D 92): 100 \u00baC<\/li>\n<li>Ponto m\u00ednimo de fluidez: -40 \u00baC<\/li>\n<li>Solubilidade em \u00e1gua: Insol\u00favel<\/li>\n<li>Acidez (TAN): 0,143 .<\/li>\n<li>Carga de soldagem ASTM D 2596: &gt; 800 kgf.<\/li>\n<\/ul>\n","protected":false},"excerpt":{"rendered":"<p>MOLYGRAFIT HF-4\/MSEP \u00e9 um \u00f3leo totalmente sint\u00e9tico, recomendado para lubrifica\u00e7\u00e3o de\u00a0equipamentos submetidos a altas temperaturas e altas cargas. \u00c9 especialmente formulado\u00a0lubrificantes s\u00f3lidos e aditivos que proporcionam alto desempenho com baixa taxa de evapora\u00e7\u00e3o.<\/p>\n<p>Por ser um \u00f3leo totalmente sint\u00e9tico, quando submetido a altas temperaturas, evapora sem deixar\u00a0res\u00edduos abrasivos, formando um filme seco lubrificante de bissulfeto de molibd\u00eanio (MOS2),\u00a0proporcionando longos per\u00edodos de lubrifica\u00e7\u00e3o e dispensando a limpeza do equipamento.<\/p>\n<p>Quando\u00a0na troca de lubrificantes, deve-se realizar uma limpeza na m\u00e1quina, se necess\u00e1rio fazer um flushing.<\/p>\n<p>MOLYGRAFIT HF-4\/MSEP suporta ambientes agressivos, tais como umidade e vapores \u00e1cidos ou\u00a0alcalinos.<\/p>\n<p>Especialmente indicado para aplica\u00e7\u00f5es de altas cargas em engrenagens, coroa e pinh\u00e3o, correntes,\u00a0etc.<\/p>\n<p>Produto at\u00f3xico, n\u00e3o inflam\u00e1vel, proporcionando total seguran\u00e7a ao operador.<\/p>\n<p><strong>PRAZO DE PRODU\u00c7\u00c3O: DE 5 A 8 DIAS \u00daTEIS<\/strong><\/p>\n","protected":false},"featured_media":2076,"template":"","meta":{"_acf_changed":false},"product_brand":[],"product_cat":[158],"product_tag":[301],"class_list":{"0":"post-2315","1":"product","2":"type-product","3":"status-publish","4":"has-post-thumbnail","6":"product_cat-mineracao","7":"product_tag-oleo-100-sintetico-resistente-a-elevadissimas-cargas","9":"first","10":"instock","11":"shipping-taxable","12":"purchasable","13":"product-type-variable"},"acf":[],"_links":{"self":[{"href":"https:\/\/molygrafit.com\/br\/wp-json\/wp\/v2\/product\/2315","targetHints":{"allow":["GET"]}}],"collection":[{"href":"https:\/\/molygrafit.com\/br\/wp-json\/wp\/v2\/product"}],"about":[{"href":"https:\/\/molygrafit.com\/br\/wp-json\/wp\/v2\/types\/product"}],"wp:featuredmedia":[{"embeddable":true,"href":"https:\/\/molygrafit.com\/br\/wp-json\/wp\/v2\/media\/2076"}],"wp:attachment":[{"href":"https:\/\/molygrafit.com\/br\/wp-json\/wp\/v2\/media?parent=2315"}],"wp:term":[{"taxonomy":"product_brand","embeddable":true,"href":"https:\/\/molygrafit.com\/br\/wp-json\/wp\/v2\/product_brand?post=2315"},{"taxonomy":"product_cat","embeddable":true,"href":"https:\/\/molygrafit.com\/br\/wp-json\/wp\/v2\/product_cat?post=2315"},{"taxonomy":"product_tag","embeddable":true,"href":"https:\/\/molygrafit.com\/br\/wp-json\/wp\/v2\/product_tag?post=2315"}],"curies":[{"name":"wp","href":"https:\/\/api.w.org\/{rel}","templated":true}]}}