{"id":2317,"date":"2021-05-25T15:47:33","date_gmt":"2021-05-25T18:47:33","guid":{"rendered":"https:\/\/molygrafit.com\/br\/producto\/import-placeholder-for-1830\/"},"modified":"2025-08-21T12:37:11","modified_gmt":"2025-08-21T15:37:11","slug":"hf-150-oleo-100-sintetico-com-aditivos-de-alto-desempenho-e-baixa-taxa-de-evaporacao","status":"publish","type":"product","link":"https:\/\/molygrafit.com\/br\/produto\/hf-150-oleo-100-sintetico-com-aditivos-de-alto-desempenho-e-baixa-taxa-de-evaporacao\/","title":{"rendered":"HF-150 > \u00d3LEO 100% SINT\u00c9TICO COM ADITIVOS DE ALTO DESEMPENHO E BAIXA TAXA DE EVAPORA\u00c7\u00c3O."},"content":{"rendered":"<ul>\n<li>Apar\u00eancia: L\u00edquido transparente<\/li>\n<li>Viscosidade: ISO VG 150<\/li>\n<li>Densidade a 20\u00baC: 0,850 g\/cm3<\/li>\n<li>Ponto de fulgor (ASTM D 92): 135 \u00b0C<\/li>\n<li>Ponto de auto igni\u00e7\u00e3o: 180\u00baC<\/li>\n<li>Ponto m\u00ednimo de fluidez: -30\u00baC<\/li>\n<li>Solubilidade em \u00e1gua: Insol\u00favel<\/li>\n<\/ul>\n","protected":false},"excerpt":{"rendered":"<p>MOLYGRAFIT HF-150 \u00e9 um \u00f3leo totalmente sint\u00e9tico, recomendado para atuar em equipamentos\u00a0submetidos a altas temperaturas. \u00c9 especialmente formulado com aditivos que proporcionam alto\u00a0desempenho com baixa taxa de evapora\u00e7\u00e3o.<\/p>\n<p>Por ser um \u00f3leo totalmente sint\u00e9tico, quando submetido a altas temperaturas, evapora sem deixar\u00a0res\u00edduos, agindo por longos per\u00edodos e dispensando a necessidade de limpeza do equipamento.<\/p>\n<p>Quando na troca de lubrificantes, deve-se realizar uma limpeza na m\u00e1quina, se necess\u00e1rio fazer um\u00a0flushing.<\/p>\n<p>MOLYGRAFIT HF-150 suporta ambientes agressivos, tais como umidade e vapores \u00e1cidos ou\u00a0alcalinos.<\/p>\n<p>Ideal para lubrifica\u00e7\u00e3o de pist\u00f5es, correntes, mancais, rolamentos, compressores, redutores etc. e\u00a0sistemas abertos de transfer\u00eancia de calor.<\/p>\n<p>Produto at\u00f3xico, podendo ser utilizado em ind\u00fastrias aliment\u00edcias e farmac\u00eauticas; n\u00e3o \u00e9 inflam\u00e1vel,\u00a0proporcionando total seguran\u00e7a ao operador.<\/p>\n<p><strong>PRAZO DE PRODU\u00c7\u00c3O: DE 5 A 8 DIAS \u00daTEIS<\/strong><\/p>\n","protected":false},"featured_media":2076,"template":"","meta":{"_acf_changed":false},"product_brand":[],"product_cat":[154,193],"product_tag":[304],"class_list":{"0":"post-2317","1":"product","2":"type-product","3":"status-publish","4":"has-post-thumbnail","6":"product_cat-forjaria","7":"product_cat-fundicao","8":"product_tag-oleo-100-sintetico-com-aditivos-de-alto-desempenho-e-baixa-taxa-de-evaporacao","10":"first","11":"instock","12":"shipping-taxable","13":"purchasable","14":"product-type-variable"},"acf":[],"_links":{"self":[{"href":"https:\/\/molygrafit.com\/br\/wp-json\/wp\/v2\/product\/2317","targetHints":{"allow":["GET"]}}],"collection":[{"href":"https:\/\/molygrafit.com\/br\/wp-json\/wp\/v2\/product"}],"about":[{"href":"https:\/\/molygrafit.com\/br\/wp-json\/wp\/v2\/types\/product"}],"wp:featuredmedia":[{"embeddable":true,"href":"https:\/\/molygrafit.com\/br\/wp-json\/wp\/v2\/media\/2076"}],"wp:attachment":[{"href":"https:\/\/molygrafit.com\/br\/wp-json\/wp\/v2\/media?parent=2317"}],"wp:term":[{"taxonomy":"product_brand","embeddable":true,"href":"https:\/\/molygrafit.com\/br\/wp-json\/wp\/v2\/product_brand?post=2317"},{"taxonomy":"product_cat","embeddable":true,"href":"https:\/\/molygrafit.com\/br\/wp-json\/wp\/v2\/product_cat?post=2317"},{"taxonomy":"product_tag","embeddable":true,"href":"https:\/\/molygrafit.com\/br\/wp-json\/wp\/v2\/product_tag?post=2317"}],"curies":[{"name":"wp","href":"https:\/\/api.w.org\/{rel}","templated":true}]}}