{"id":2319,"date":"2021-05-25T15:47:33","date_gmt":"2021-05-25T18:47:33","guid":{"rendered":"https:\/\/molygrafit.com\/br\/producto\/import-placeholder-for-1832\/"},"modified":"2023-11-22T12:53:20","modified_gmt":"2023-11-22T15:53:20","slug":"gw-t-oleo-desmoldante-100-sintetico-com-agentes-adesivos-e-atoxico","status":"publish","type":"product","link":"https:\/\/molygrafit.com\/br\/produto\/gw-t-oleo-desmoldante-100-sintetico-com-agentes-adesivos-e-atoxico\/","title":{"rendered":"GW\/T > \u00d3LEO DESMOLDANTE 100% SINT\u00c9TICO COM AGENTES ADESIVOS E AT\u00d3XICO."},"content":{"rendered":"<ul>\n<li>Apar\u00eancia: L\u00edquido viscoso<\/li>\n<li>Cor: Amarelo claro<\/li>\n<li>Temperatura de trabalho: &lt; 10 a 300 \u00baC<\/li>\n<li>Estrutura: Alt\u00edssima viscosidade<\/li>\n<li>Solubilidade em \u00e1gua: Insol\u00favel<\/li>\n<\/ul>\n","protected":false},"excerpt":{"rendered":"<p>MOLYGRAFIT GW\/T \u00e9 um produto totalmente sint\u00e9tico para solicita\u00e7\u00f5es extremas de\u00a0temperatura e press\u00e3o.<\/p>\n<p>MOLYGRAFIT GW\/T \u00e9 indicado para lubrificar correntes, mancais, caixas de engrenagens,\u00a0etc.<\/p>\n<p>Formulado com aditivos especiais que proporcionam baixa taxa de evapora\u00e7\u00e3o\u00a0possibilitando maiores intervalos de lubrifica\u00e7\u00e3o.<\/p>\n<p>Produto at\u00f3xico, n\u00e3o inflam\u00e1vel, podendo ser utilizado na ind\u00fastria aliment\u00edcia e\u00a0farmac\u00eautica.<\/p>\n<p><strong>PRAZO DE PRODU\u00c7\u00c3O: DE 5 A 8 DIAS \u00daTEIS<\/strong><\/p>\n","protected":false},"featured_media":2076,"template":"","meta":{"_acf_changed":false},"product_brand":[],"product_cat":[165],"product_tag":[305],"class_list":{"0":"post-2319","1":"product","2":"type-product","3":"status-publish","4":"has-post-thumbnail","6":"product_cat-vidros","7":"product_tag-oleo-desmoldante-100-sintetico-com-agentes-adesivos-e-atoxico","9":"first","10":"instock","11":"shipping-taxable","12":"purchasable","13":"product-type-variable"},"acf":[],"_links":{"self":[{"href":"https:\/\/molygrafit.com\/br\/wp-json\/wp\/v2\/product\/2319","targetHints":{"allow":["GET"]}}],"collection":[{"href":"https:\/\/molygrafit.com\/br\/wp-json\/wp\/v2\/product"}],"about":[{"href":"https:\/\/molygrafit.com\/br\/wp-json\/wp\/v2\/types\/product"}],"wp:featuredmedia":[{"embeddable":true,"href":"https:\/\/molygrafit.com\/br\/wp-json\/wp\/v2\/media\/2076"}],"wp:attachment":[{"href":"https:\/\/molygrafit.com\/br\/wp-json\/wp\/v2\/media?parent=2319"}],"wp:term":[{"taxonomy":"product_brand","embeddable":true,"href":"https:\/\/molygrafit.com\/br\/wp-json\/wp\/v2\/product_brand?post=2319"},{"taxonomy":"product_cat","embeddable":true,"href":"https:\/\/molygrafit.com\/br\/wp-json\/wp\/v2\/product_cat?post=2319"},{"taxonomy":"product_tag","embeddable":true,"href":"https:\/\/molygrafit.com\/br\/wp-json\/wp\/v2\/product_tag?post=2319"}],"curies":[{"name":"wp","href":"https:\/\/api.w.org\/{rel}","templated":true}]}}