{"id":2320,"date":"2021-05-25T15:47:33","date_gmt":"2021-05-25T18:47:33","guid":{"rendered":"https:\/\/molygrafit.com\/br\/producto\/import-placeholder-for-1833\/"},"modified":"2024-09-13T11:40:23","modified_gmt":"2024-09-13T14:40:23","slug":"gw-2-graxa-de-alta-adesividade-resistente-a-forca-centrifuga","status":"publish","type":"product","link":"https:\/\/molygrafit.com\/br\/produto\/gw-2-graxa-de-alta-adesividade-resistente-a-forca-centrifuga\/","title":{"rendered":"GW-2 > GRAXA DE ALTA ADESIVIDADE. RESISTENTE A FOR\u00c7A CENTR\u00cdFUGA."},"content":{"rendered":"<ul>\n<li>Apar\u00eancia: Preta<\/li>\n<li>Espessante: Inorg\u00e2nico Coloidal<\/li>\n<li>Consist\u00eancia NLGI: 2<\/li>\n<li>Penetra\u00e7\u00e3o Trabalhada: 265 &#8211; 295<\/li>\n<li>Temperatura de Uso: -5\u00baC a 200\u00baC<\/li>\n<li>Separa\u00e7\u00e3o de \u00f3leo 12 horas a 120\u00baC: menor que 2%<\/li>\n<li>Solubilidade em \u00e1gua: insol\u00favel<\/li>\n<\/ul>\n","protected":false},"excerpt":{"rendered":"<p>MOLYGRAFIT GW-2 \u00e9 uma linha de graxas totalmente sint\u00e9ticas formuladas especialmente para\u00a0suportar altas temperaturas, ambientes agressivos, umidade e altas cargas.<\/p>\n<p>Por ser totalmente sint\u00e9tica, n\u00e3o carboniza, proporcionando longos per\u00edodos de relubrifica\u00e7\u00e3o.<\/p>\n<p>\u00c9 extremamente adesiva, aderindo a mancais, rolamentos, engrenagens, acoplamentos e tamb\u00e9m\u00a0uni\u00f5es rotativas, diminuindo consideravelmente o consumo de graxa.<\/p>\n<p>Suporta altas temperaturas por longos per\u00edodos sem pingar ou deixar res\u00edduos.<\/p>\n<p>\u00c9 fornecida com aditivo de extrema press\u00e3o: Bissulfeto de Molibd\u00eanio.<\/p>\n<p>Produto at\u00f3xico, n\u00e3o inflam\u00e1vel, proporcionando total seguran\u00e7a ao operador.<\/p>\n<p><strong>PRAZO DE PRODU\u00c7\u00c3O: DE 5 A 8 DIAS \u00daTEIS<\/strong><\/p>\n","protected":false},"featured_media":2074,"template":"","meta":{"_acf_changed":false},"product_brand":[],"product_cat":[160],"product_tag":[306],"class_list":{"0":"post-2320","1":"product","2":"type-product","3":"status-publish","4":"has-post-thumbnail","6":"product_cat-mecanica","7":"product_tag-graxa-de-alta-adesividade-resistente-a-forca-centrifuga","9":"first","10":"instock","11":"shipping-taxable","12":"purchasable","13":"product-type-variable"},"acf":[],"_links":{"self":[{"href":"https:\/\/molygrafit.com\/br\/wp-json\/wp\/v2\/product\/2320","targetHints":{"allow":["GET"]}}],"collection":[{"href":"https:\/\/molygrafit.com\/br\/wp-json\/wp\/v2\/product"}],"about":[{"href":"https:\/\/molygrafit.com\/br\/wp-json\/wp\/v2\/types\/product"}],"wp:featuredmedia":[{"embeddable":true,"href":"https:\/\/molygrafit.com\/br\/wp-json\/wp\/v2\/media\/2074"}],"wp:attachment":[{"href":"https:\/\/molygrafit.com\/br\/wp-json\/wp\/v2\/media?parent=2320"}],"wp:term":[{"taxonomy":"product_brand","embeddable":true,"href":"https:\/\/molygrafit.com\/br\/wp-json\/wp\/v2\/product_brand?post=2320"},{"taxonomy":"product_cat","embeddable":true,"href":"https:\/\/molygrafit.com\/br\/wp-json\/wp\/v2\/product_cat?post=2320"},{"taxonomy":"product_tag","embeddable":true,"href":"https:\/\/molygrafit.com\/br\/wp-json\/wp\/v2\/product_tag?post=2320"}],"curies":[{"name":"wp","href":"https:\/\/api.w.org\/{rel}","templated":true}]}}