{"id":2321,"date":"2021-05-25T15:47:33","date_gmt":"2021-05-25T18:47:33","guid":{"rendered":"https:\/\/molygrafit.com\/br\/producto\/import-placeholder-for-1834\/"},"modified":"2023-11-22T12:54:14","modified_gmt":"2023-11-22T15:54:14","slug":"gs-2-graxa-a-base-de-silicone-especial-oferece-alta-isolacao-e-nao-suja-o-equipamento","status":"publish","type":"product","link":"https:\/\/molygrafit.com\/br\/produto\/gs-2-graxa-a-base-de-silicone-especial-oferece-alta-isolacao-e-nao-suja-o-equipamento\/","title":{"rendered":"GS-2 > GRAXA A BASE DE SILICONE ESPECIAL, OFERECE ALTA ISOLA\u00c7\u00c3O E N\u00c3O SUJA O EQUIPAMENTO."},"content":{"rendered":"<ul>\n<li>Apar\u00eancia: Homog\u00eanea Transparente<\/li>\n<li>Base: Silicone<\/li>\n<li>Espessante: Col\u00f3ide Inorg\u00e2nico<\/li>\n<li>Ponto de gota: N\u00e3o h\u00e1<\/li>\n<li>Consist\u00eancia NLGI: 2<\/li>\n<li>Penetra\u00e7\u00e3o Trabalhada: 265 &#8211; 295<\/li>\n<li>Solubilidade em \u00e1gua: Insol\u00favel<\/li>\n<li>Temperatura de Uso: -30\u00baC a 250\u00baC<\/li>\n<li>Densidade: 1,0 g\/cm3<\/li>\n<li>Fator Dn: 350 000<\/li>\n<\/ul>\n","protected":false},"excerpt":{"rendered":"<p>MOLYGRAFIT GS-2 \u00e9 uma graxa de silicone preparada com \u00f3leos de silicone especiais,\u00a0selecionados para suportar altas temperaturas.<\/p>\n<p>Espessada com col\u00f3ide inorg\u00e2nico, inerte a ambientes agressivos. Suporta condi\u00e7\u00f5es de trabalho adversas como umidade, ataques qu\u00edmicos, etc.<\/p>\n<p>MOLYGRAFIT GS-2 \u00e9 uma graxa at\u00f3xica e com aus\u00eancia de odor, podendo lubrificar equipamentos que processam alimentos ou produtos farmac\u00eauticos. Na ind\u00fastria eletroeletr\u00f4nica apresenta alta isola\u00e7\u00e3o e n\u00e3o suja o equipamento, por ser transparente. Possui baixa taxa de evapora\u00e7\u00e3o, podendo lubrificar e selar equipamentos sob v\u00e1cuo e\/ou altas temperaturas.<\/p>\n<p>MOLYGRAFIT GS-2 \u00e9 segura para o operador, pois possui baixa toxidez e n\u00e3o \u00e9 inflam\u00e1vel.<\/p>\n<p>Fornecida originalmente com PTFE, pode ser aditivada tamb\u00e9m com BISSULFETO DE MOLYBD\u00caNIO \u00a0(MOLYGRAFIT GS\/M).<\/p>\n<p>Produto inerte; n\u00e3o ataca pl\u00e1sticos, tintas ou borrachas.<\/p>\n<p><strong>PRAZO DE PRODU\u00c7\u00c3O: DE 5 A 8 DIAS \u00daTEIS<\/strong><\/p>\n","protected":false},"featured_media":2074,"template":"","meta":{"_acf_changed":false},"product_brand":[],"product_cat":[159,164,166],"product_tag":[307,308],"class_list":{"0":"post-2321","1":"product","2":"type-product","3":"status-publish","4":"has-post-thumbnail","6":"product_cat-aplicacoes-comuns","7":"product_cat-borracha","8":"product_cat-eletroeletronica","9":"product_tag-graxa-a-base-de-silicone-especial","10":"product_tag-oferece-alta-isolacao-e-nao-suja-o-equipamento","12":"first","13":"instock","14":"shipping-taxable","15":"purchasable","16":"product-type-variable"},"acf":[],"_links":{"self":[{"href":"https:\/\/molygrafit.com\/br\/wp-json\/wp\/v2\/product\/2321","targetHints":{"allow":["GET"]}}],"collection":[{"href":"https:\/\/molygrafit.com\/br\/wp-json\/wp\/v2\/product"}],"about":[{"href":"https:\/\/molygrafit.com\/br\/wp-json\/wp\/v2\/types\/product"}],"wp:featuredmedia":[{"embeddable":true,"href":"https:\/\/molygrafit.com\/br\/wp-json\/wp\/v2\/media\/2074"}],"wp:attachment":[{"href":"https:\/\/molygrafit.com\/br\/wp-json\/wp\/v2\/media?parent=2321"}],"wp:term":[{"taxonomy":"product_brand","embeddable":true,"href":"https:\/\/molygrafit.com\/br\/wp-json\/wp\/v2\/product_brand?post=2321"},{"taxonomy":"product_cat","embeddable":true,"href":"https:\/\/molygrafit.com\/br\/wp-json\/wp\/v2\/product_cat?post=2321"},{"taxonomy":"product_tag","embeddable":true,"href":"https:\/\/molygrafit.com\/br\/wp-json\/wp\/v2\/product_tag?post=2321"}],"curies":[{"name":"wp","href":"https:\/\/api.w.org\/{rel}","templated":true}]}}