{"id":2322,"date":"2021-05-25T15:47:33","date_gmt":"2021-05-25T18:47:33","guid":{"rendered":"https:\/\/molygrafit.com\/br\/producto\/import-placeholder-for-1835\/"},"modified":"2023-11-22T12:47:06","modified_gmt":"2023-11-22T15:47:06","slug":"grm-2-graxa-semissintetica-hidrorrepelente-suporta-elevadas-cargas-altas-temperaturas-e-umidade","status":"publish","type":"product","link":"https:\/\/molygrafit.com\/br\/produto\/grm-2-graxa-semissintetica-hidrorrepelente-suporta-elevadas-cargas-altas-temperaturas-e-umidade\/","title":{"rendered":"GRM-2 > GRAXA SEMISSINT\u00c9TICA HIDRORREPELENTE, SUPORTA ELEVADAS CARGAS, ALTAS TEMPERATURAS E UMIDADE."},"content":{"rendered":"<ul>\n<li>\u00d3leo B\u00e1sico: Misto \/ Sint\u00e9tico Mineral<\/li>\n<li>Espessante: Col\u00f3ide Inorg\u00e2nico<\/li>\n<li>Consist\u00eancia NLGI: 2<\/li>\n<li>Penetra\u00e7\u00e3o Trabalhada: 265 \u2013 295<\/li>\n<li>Viscosidade do \u00f3leo b\u00e1sico: 560 cSt a 40 \u00baC e 38 cSt a 100 \u00baC<\/li>\n<li>\u00cdndice de Viscosidade: 95<\/li>\n<li>Ponto de Gota ASTM D 566: Inexistente<\/li>\n<li>Water Washout ASTM D 1264 (79\u00baC): 4,0%<\/li>\n<li>Carga de Soldagem ASTM D 2596 : 400 Kgf<\/li>\n<li>Temperatura de Uso: -20\u00baC a 250\u00baC<\/li>\n<li>Separa\u00e7\u00e3o de \u00f3leo 24 horas a 120\u00baC: &lt; que 1%<\/li>\n<li>Preven\u00e7\u00e3o de ferrugem ASTM D 1743: Passa<\/li>\n<li>Corros\u00e3o Lamina de Cobre ASTM D 130: 1 a<\/li>\n<\/ul>\n","protected":false},"excerpt":{"rendered":"<p>MOLYGRAFIT GRM-2 \u00e9 uma graxa sint\u00e9tica para m\u00faltiplas aplica\u00e7\u00f5es.<\/p>\n<p>Pode ser utilizados em rolamentos, mancais, eixos, uni\u00f5es rotativas, etc.<\/p>\n<p>\u00c9 formulada com agentes antioxidantes, anticorrosivos, adesivos e de extrema press\u00e3o. Resiste a atmosferas agressivas e \u00famidas.<\/p>\n<p>\u00d3tima para ind\u00fastrias que operem com elevado teor de umidade, como papeleira e t\u00eaxtil.<\/p>\n<p>Suporta altas temperaturas por longos per\u00edodos sem pingar ou deixar res\u00edduos.<\/p>\n<p>Possui em sua composi\u00e7\u00e3o lubrificante s\u00f3lido MoS2 \u2013 bissulfeto de molibd\u00eanio.<\/p>\n<p><strong>PRAZO DE PRODU\u00c7\u00c3O: DE 5 A 8 DIAS \u00daTEIS<\/strong><\/p>\n","protected":false},"featured_media":2074,"template":"","meta":{"_acf_changed":false},"product_brand":[],"product_cat":[170,184,160,167,156],"product_tag":[311,309,310],"class_list":{"0":"post-2322","1":"product","2":"type-product","3":"status-publish","4":"has-post-thumbnail","6":"product_cat-cimento","7":"product_cat-embalagem","8":"product_cat-mecanica","9":"product_cat-papeleira","10":"product_cat-textil","11":"product_tag-altas-temperaturas-e-umidade","12":"product_tag-graxa-semissintetica-hidrorrepelente","13":"product_tag-suporta-elevadas-cargas","15":"first","16":"instock","17":"shipping-taxable","18":"purchasable","19":"product-type-variable"},"acf":[],"_links":{"self":[{"href":"https:\/\/molygrafit.com\/br\/wp-json\/wp\/v2\/product\/2322","targetHints":{"allow":["GET"]}}],"collection":[{"href":"https:\/\/molygrafit.com\/br\/wp-json\/wp\/v2\/product"}],"about":[{"href":"https:\/\/molygrafit.com\/br\/wp-json\/wp\/v2\/types\/product"}],"wp:featuredmedia":[{"embeddable":true,"href":"https:\/\/molygrafit.com\/br\/wp-json\/wp\/v2\/media\/2074"}],"wp:attachment":[{"href":"https:\/\/molygrafit.com\/br\/wp-json\/wp\/v2\/media?parent=2322"}],"wp:term":[{"taxonomy":"product_brand","embeddable":true,"href":"https:\/\/molygrafit.com\/br\/wp-json\/wp\/v2\/product_brand?post=2322"},{"taxonomy":"product_cat","embeddable":true,"href":"https:\/\/molygrafit.com\/br\/wp-json\/wp\/v2\/product_cat?post=2322"},{"taxonomy":"product_tag","embeddable":true,"href":"https:\/\/molygrafit.com\/br\/wp-json\/wp\/v2\/product_tag?post=2322"}],"curies":[{"name":"wp","href":"https:\/\/api.w.org\/{rel}","templated":true}]}}