{"id":2323,"date":"2021-05-25T15:47:34","date_gmt":"2021-05-25T18:47:34","guid":{"rendered":"https:\/\/molygrafit.com\/br\/producto\/import-placeholder-for-1836\/"},"modified":"2021-11-15T23:34:11","modified_gmt":"2021-11-16T02:34:11","slug":"grm-1-sep-graxa-semissintetica-hidrorrepelente-resistente-a-elevadissimas-cargas-altas-temperaturas-e-umidade","status":"publish","type":"product","link":"https:\/\/molygrafit.com\/br\/produto\/grm-1-sep-graxa-semissintetica-hidrorrepelente-resistente-a-elevadissimas-cargas-altas-temperaturas-e-umidade\/","title":{"rendered":"GRM-1\/SEP > GRAXA SEMISSINT\u00c9TICA, HIDRORREPELENTE, RESISTENTE A ELEVAD\u00cdSSIMAS CARGAS, ALTAS TEMPERATURAS E UMIDADE."},"content":{"rendered":"<ul>\n<li>\u00d3leo B\u00e1sico: Misto \/ Sint\u00e9tico Mineral<\/li>\n<li>Espessante: Col\u00f3ide Inorg\u00e2nico<\/li>\n<li>Consist\u00eancia NLGI: 1<\/li>\n<li>Penetra\u00e7\u00e3o Trabalhada: 310 &#8211; 340<\/li>\n<li>Ponto de Gota ASTM D 566: Inexistente<\/li>\n<li>Water Washout ASTM D 1264 (79\u00baC): 4,01%<\/li>\n<li>Temperatura de Uso: -20\u00baC a 250\u00baC<\/li>\n<li>Separa\u00e7\u00e3o de \u00f3leo 24 horas a 120\u00baC: menor que 1%<\/li>\n<li>Carga de soldagem ASTM D 2596: 800 Kgf<\/li>\n<\/ul>\n","protected":false},"excerpt":{"rendered":"<p>MOLYGRAFIT GRM-1\/SEP \u00e9 uma graxa semi-sint\u00e9tica para m\u00faltiplas aplica\u00e7\u00f5es.<\/p>\n<p>Pode ser utilizados em rolamentos, mancais, eixos, uni\u00f5es rotativas, rodetes etc.<\/p>\n<p>\u00c9 formulada com agentes antioxidantes, anticorrosivos, adesivos e de extrema press\u00e3o.<\/p>\n<p>Resiste a atmosferas agressivas e \u00famidas. \u00d3tima para ind\u00fastrias que operam com elevado teor de\u00a0umidade, como papeleira e t\u00eaxtil.<\/p>\n<p>Suporta altas temperaturas por longos per\u00edodos sem pingar ou deixar res\u00edduos.<\/p>\n<p>Possui em sua composi\u00e7\u00e3o lubrificante s\u00f3lido MoS2 \u2013 bissulfeto de molibd\u00eanio.<\/p>\n<p>Formulada com alto teor de aditivos de extrema press\u00e3o, suporta altas cargas de trabalho.<\/p>\n<p>Produto n\u00e3o t\u00f3xico, n\u00e3o inflam\u00e1vel, seguro ao operador.<\/p>\n","protected":false},"featured_media":2074,"template":"","meta":{"_acf_changed":false},"product_brand":[],"product_cat":[159,167,156],"product_tag":[311,325,330,331],"class_list":{"0":"post-2323","1":"product","2":"type-product","3":"status-publish","4":"has-post-thumbnail","6":"product_cat-aplicacoes-comuns","7":"product_cat-papeleira","8":"product_cat-textil","9":"product_tag-altas-temperaturas-e-umidade","10":"product_tag-graxa-semissintetica","11":"product_tag-hidrorrepelente","12":"product_tag-resistente-a-elevadissimas-cargas","14":"first","15":"instock","16":"shipping-taxable","17":"purchasable","18":"product-type-variable"},"acf":[],"_links":{"self":[{"href":"https:\/\/molygrafit.com\/br\/wp-json\/wp\/v2\/product\/2323","targetHints":{"allow":["GET"]}}],"collection":[{"href":"https:\/\/molygrafit.com\/br\/wp-json\/wp\/v2\/product"}],"about":[{"href":"https:\/\/molygrafit.com\/br\/wp-json\/wp\/v2\/types\/product"}],"wp:featuredmedia":[{"embeddable":true,"href":"https:\/\/molygrafit.com\/br\/wp-json\/wp\/v2\/media\/2074"}],"wp:attachment":[{"href":"https:\/\/molygrafit.com\/br\/wp-json\/wp\/v2\/media?parent=2323"}],"wp:term":[{"taxonomy":"product_brand","embeddable":true,"href":"https:\/\/molygrafit.com\/br\/wp-json\/wp\/v2\/product_brand?post=2323"},{"taxonomy":"product_cat","embeddable":true,"href":"https:\/\/molygrafit.com\/br\/wp-json\/wp\/v2\/product_cat?post=2323"},{"taxonomy":"product_tag","embeddable":true,"href":"https:\/\/molygrafit.com\/br\/wp-json\/wp\/v2\/product_tag?post=2323"}],"curies":[{"name":"wp","href":"https:\/\/api.w.org\/{rel}","templated":true}]}}