{"id":2324,"date":"2021-05-25T15:47:34","date_gmt":"2021-05-25T18:47:34","guid":{"rendered":"https:\/\/molygrafit.com\/br\/producto\/import-placeholder-for-1837\/"},"modified":"2021-11-15T23:26:27","modified_gmt":"2021-11-16T02:26:27","slug":"grc-00-graxa-formulada-para-lubrificacao-de-cabos-de-aco","status":"publish","type":"product","link":"https:\/\/molygrafit.com\/br\/produto\/grc-00-graxa-formulada-para-lubrificacao-de-cabos-de-aco\/","title":{"rendered":"GRC-00 > GRAXA FORMULADA PARA LUBRIFICA\u00c7\u00c3O DE CABOS DE A\u00c7O."},"content":{"rendered":"<ul>\n<li>Base:\u00a0\u00d3leo Mineral Puro<\/li>\n<li>Encorpante:\u00a0Col\u00f3ide Inorg\u00e2nico<\/li>\n<li>Consist\u00eancia:\u00a0NLGI-00<\/li>\n<li>Temperatura de Trabalho:\u00a0-20\u00baC a 200\u00baC<\/li>\n<li>Ponto de Gota ASTM D 566:\u00a0Inexistente<\/li>\n<li>Penetra\u00e7\u00e3o:\u00a0420 &#8211; 450<\/li>\n<li>Lubrificante S\u00f3lido:\u00a0Bissulfeto de Molibd\u00eanio<\/li>\n<li>Teste de carga de soldagem ASTM D 2596:\u00a0255 Kgf<span class=\"Apple-converted-space\">\u00a0<\/span><\/li>\n<\/ul>\n","protected":false},"excerpt":{"rendered":"<p>Graxa produzida com espessante sint\u00e9tico, especialmente formulada para lubrifica\u00e7\u00e3o de cabos de a\u00e7o, apresentando as seguintes caracter\u00edsticas:<\/p>\n<p>A) Produto de \u00f3tima fluidez, que permite a sua penetra\u00e7\u00e3o no cabo, lubrificando os fios internos eaumentando consideravelmente a sua vida \u00fatil.<\/p>\n<p>B) Possui em sua formula\u00e7\u00e3o agente de extrema press\u00e3o, resistindo a altas cargas, e de adesividade,impedindo a ocorr\u00eancia de respingos que sujam o ambiente de trabalho.<\/p>\n<p>C) Forma uma fina pel\u00edcula lubrificante externa, impedindo a forma\u00e7\u00e3o da casca que se podeobservar com o uso de lubrificantes convencionais, que promovem a cont\u00ednua ades\u00e3o de poeira e impurezas do ar.<\/p>\n<p>D) Proporciona longos per\u00edodos de lubrifica\u00e7\u00e3o<\/p>\n<p>Pode ser fornecida em aerossol: MOLYGRAFIT ACR.<\/p>\n","protected":false},"featured_media":2074,"template":"","meta":{"_acf_changed":false},"product_brand":[],"product_cat":[161,159,155],"product_tag":[329],"class_list":{"0":"post-2324","1":"product","2":"type-product","3":"status-publish","4":"has-post-thumbnail","6":"product_cat-acucar-e-alcool","7":"product_cat-aplicacoes-comuns","8":"product_cat-offshore-naval","9":"product_tag-graxa-formulada-para-lubrificacao-de-cabos-de-aco","11":"first","12":"instock","13":"shipping-taxable","14":"purchasable","15":"product-type-variable"},"acf":[],"_links":{"self":[{"href":"https:\/\/molygrafit.com\/br\/wp-json\/wp\/v2\/product\/2324","targetHints":{"allow":["GET"]}}],"collection":[{"href":"https:\/\/molygrafit.com\/br\/wp-json\/wp\/v2\/product"}],"about":[{"href":"https:\/\/molygrafit.com\/br\/wp-json\/wp\/v2\/types\/product"}],"wp:featuredmedia":[{"embeddable":true,"href":"https:\/\/molygrafit.com\/br\/wp-json\/wp\/v2\/media\/2074"}],"wp:attachment":[{"href":"https:\/\/molygrafit.com\/br\/wp-json\/wp\/v2\/media?parent=2324"}],"wp:term":[{"taxonomy":"product_brand","embeddable":true,"href":"https:\/\/molygrafit.com\/br\/wp-json\/wp\/v2\/product_brand?post=2324"},{"taxonomy":"product_cat","embeddable":true,"href":"https:\/\/molygrafit.com\/br\/wp-json\/wp\/v2\/product_cat?post=2324"},{"taxonomy":"product_tag","embeddable":true,"href":"https:\/\/molygrafit.com\/br\/wp-json\/wp\/v2\/product_tag?post=2324"}],"curies":[{"name":"wp","href":"https:\/\/api.w.org\/{rel}","templated":true}]}}