{"id":2325,"date":"2021-05-25T15:47:34","date_gmt":"2021-05-25T18:47:34","guid":{"rendered":"https:\/\/molygrafit.com\/br\/producto\/import-placeholder-for-1838\/"},"modified":"2021-11-15T23:15:08","modified_gmt":"2021-11-16T02:15:08","slug":"gr-2-graxa-semissintetica-recomendada-para-altas-temperaturas-elevadas-cargas-e-grande-hidrorepelencia","status":"publish","type":"product","link":"https:\/\/molygrafit.com\/br\/produto\/gr-2-graxa-semissintetica-recomendada-para-altas-temperaturas-elevadas-cargas-e-grande-hidrorepelencia\/","title":{"rendered":"GR-2 > GRAXA SEMISSINT\u00c9TICA RECOMENDADA PARA ALTAS TEMPERATURAS, ELEVADAS CARGAS E GRANDE HIDROREPEL\u00caNCIA."},"content":{"rendered":"<ul>\n<li>\u00d3leo B\u00e1sico:\u00a0Misto \/ Sint\u00e9tico Mineral<\/li>\n<li>Espessante:\u00a0Col\u00f3ide Inorg\u00e2nico<\/li>\n<li>Consist\u00eancia NLGI:\u00a02<\/li>\n<li>Penetra\u00e7\u00e3o Trabalhada:\u00a0265 \u2013 295<\/li>\n<li>Ponto de gota ASTM D 566:\u00a0Inexistente<\/li>\n<li>Temperatura de Uso:\u00a0-20\u00baC a 250\u00baC<\/li>\n<li>Separa\u00e7\u00e3o de \u00d3leo 24 horas a 120\u00baC:\u00a0menor que 1%<\/li>\n<li>Fator de rota\u00e7\u00e3o:\u00a01 x 10 6 (n.dm)<\/li>\n<\/ul>\n","protected":false},"excerpt":{"rendered":"<p>MOLYGRAFIT GR-2 \u00e9 uma graxa semi-sint\u00e9tica para m\u00faltiplas aplica\u00e7\u00f5es.<\/p>\n<p>Pode ser utilizada em rolamentos, mancais, eixos, uni\u00f5es rotativas, etc., submetidos a altas rota\u00e7\u00f5es e cargas elevadas.<\/p>\n<p>\u00c9 formulada com agentes antioxidantes, anticorrosivos, adesivos e de extrema press\u00e3o. Possui alta resist\u00eancia a atmosferas agressivas e \u00famidas.<\/p>\n<p>\u00d3tima para ind\u00fastrias que operam com elevado teor de umidade, como papeleira e t\u00eaxtil.<\/p>\n<p>Pode ser utilizada em sistemas de lubrifica\u00e7\u00e3o autom\u00e1ticos ou aplicado manualmente.Suporta altas temperaturas por longos per\u00edodos sem pingar ou deixar res\u00edduos.<\/p>\n<p>Ideal para estufas, fornos, secadores etc.<\/p>\n<p>Pode ser fornecida em diversas consist\u00eancias e com aditivos, como: (Bissulfeto de Molibd\u00eanio = MOLYGRAFIT GRM e Grafite = MOLYGRAFIT GRG).<\/p>\n<p>Produto at\u00f3xico e n\u00e3o inflam\u00e1vel; seguro ao operador.<span class=\"Apple-converted-space\">\u00a0<\/span><\/p>\n","protected":false},"featured_media":2074,"template":"","meta":{"_acf_changed":false},"product_brand":[],"product_cat":[167,169,156],"product_tag":[327,328,325,326],"class_list":{"0":"post-2325","1":"product","2":"type-product","3":"status-publish","4":"has-post-thumbnail","6":"product_cat-papeleira","7":"product_cat-siderurgica","8":"product_cat-textil","9":"product_tag-elevadas-cargas","10":"product_tag-grande-hidrorepelencia","11":"product_tag-graxa-semissintetica","12":"product_tag-recomendada-para-altas-temperaturas","14":"first","15":"instock","16":"shipping-taxable","17":"purchasable","18":"product-type-variable"},"acf":[],"_links":{"self":[{"href":"https:\/\/molygrafit.com\/br\/wp-json\/wp\/v2\/product\/2325","targetHints":{"allow":["GET"]}}],"collection":[{"href":"https:\/\/molygrafit.com\/br\/wp-json\/wp\/v2\/product"}],"about":[{"href":"https:\/\/molygrafit.com\/br\/wp-json\/wp\/v2\/types\/product"}],"wp:featuredmedia":[{"embeddable":true,"href":"https:\/\/molygrafit.com\/br\/wp-json\/wp\/v2\/media\/2074"}],"wp:attachment":[{"href":"https:\/\/molygrafit.com\/br\/wp-json\/wp\/v2\/media?parent=2325"}],"wp:term":[{"taxonomy":"product_brand","embeddable":true,"href":"https:\/\/molygrafit.com\/br\/wp-json\/wp\/v2\/product_brand?post=2325"},{"taxonomy":"product_cat","embeddable":true,"href":"https:\/\/molygrafit.com\/br\/wp-json\/wp\/v2\/product_cat?post=2325"},{"taxonomy":"product_tag","embeddable":true,"href":"https:\/\/molygrafit.com\/br\/wp-json\/wp\/v2\/product_tag?post=2325"}],"curies":[{"name":"wp","href":"https:\/\/api.w.org\/{rel}","templated":true}]}}