{"id":2329,"date":"2021-05-25T15:47:34","date_gmt":"2021-05-25T18:47:34","guid":{"rendered":"https:\/\/molygrafit.com\/br\/producto\/import-placeholder-for-1843\/"},"modified":"2026-04-13T16:25:32","modified_gmt":"2026-04-13T19:25:32","slug":"gl-2-r-fg-graxa-100-sintetica-atoxica-de-grau-alimenticio-resistente-a-elevadas-temperaturas-e-hidrorrepelente-certificada-nsf-h1","status":"publish","type":"product","link":"https:\/\/molygrafit.com\/br\/produto\/gl-2-r-fg-graxa-100-sintetica-atoxica-de-grau-alimenticio-resistente-a-elevadas-temperaturas-e-hidrorrepelente-certificada-nsf-h1\/","title":{"rendered":"GL-2\/R\/FG > GRAXA 100% SINT\u00c9TICA, AT\u00d3XICA DE GRAU ALIMENT\u00cdCIO, RESISTENTE A ELEVADAS TEMPERATURAS E HIDRORREPELENTE. CERTIFICADA NSF H1."},"content":{"rendered":"<ul>\n<li>Apar\u00eancia: Pasta Homog\u00eanea Branca<\/li>\n<li>Consist\u00eancia NLGI: 2<\/li>\n<li>Penetra\u00e7\u00e3o Trabalhada: 265 &#8211; 295<\/li>\n<li>Temperatura de trabalho: -20 a 250\u00baC<\/li>\n<li>Solubilidade em \u00e1gua: Insol\u00favel<\/li>\n<li>Separa\u00e7\u00e3o de \u00f3leo a 120 \u00baC: &lt; 1%<\/li>\n<li>Viscosidade do \u00f3leo b\u00e1sico: ISO VG 460<\/li>\n<li>Fator DN: 350 000<\/li>\n<li>Carga de soldagem ASTM D 2596: &gt; 315 kgf<\/li>\n<\/ul>\n","protected":false},"excerpt":{"rendered":"<p>MOLYGRAFIT GL-2\/R\/FG \u00e9 uma graxa sint\u00e9tica at\u00f3xica adequada para funcionamento em equipamentos submetidos a altas temperaturas, podendo ser aplicada por processos manuais, como: pincel, graxeiras e sistemas centralizados.<\/p>\n<p>\u00c9 formulada com \u00f3leos sint\u00e9ticos que resistem a altas temperaturas sem formar res\u00edduos.<\/p>\n<p>Cont\u00e9m aditivos que proporcionam baixo \u00edndice de evapora\u00e7\u00e3o, aumentando os per\u00edodos de lubrifica\u00e7\u00e3o.<\/p>\n<p>\u00c9 uma graxa resistente \u00e0 \u00e1gua e ambientes agressivos.<\/p>\n<p>Fornecida na consist\u00eancia 2, pode ser produzida em qualquer consist\u00eancia desejada.<\/p>\n<p>MOLYGRAFIT GL-2\/R\/FG \u00e9 certificada pelo NSF como at\u00f3xica de grau H-1, podendo ser utilizada em ind\u00fastrias farmac\u00eauticas e aliment\u00edcias.<\/p>\n<p>Produto n\u00e3o inflam\u00e1vel; proporciona seguran\u00e7a ao operador.<span class=\"Apple-converted-space\">\u00a0<\/span><\/p>\n<p><strong>PRAZO DE PRODU\u00c7\u00c3O: DE 5 A 8 DIAS \u00daTEIS<\/strong><\/p>\n","protected":false},"featured_media":2074,"template":"","meta":{"_acf_changed":false},"product_brand":[],"product_cat":[161,162],"product_tag":[284,271,285],"class_list":{"0":"post-2329","1":"product","2":"type-product","3":"status-publish","4":"has-post-thumbnail","6":"product_cat-acucar-e-alcool","7":"product_cat-alimenticia-farmaceutica","8":"product_tag-atoxica-de-grau-alimenticio","9":"product_tag-graxa-100-sintetica","10":"product_tag-resistente-a-elevadas-temperaturas-e-hidrorrepelente-certificada-nsf-h1","12":"first","13":"instock","14":"shipping-taxable","15":"purchasable","16":"product-type-variable"},"acf":[],"_links":{"self":[{"href":"https:\/\/molygrafit.com\/br\/wp-json\/wp\/v2\/product\/2329","targetHints":{"allow":["GET"]}}],"collection":[{"href":"https:\/\/molygrafit.com\/br\/wp-json\/wp\/v2\/product"}],"about":[{"href":"https:\/\/molygrafit.com\/br\/wp-json\/wp\/v2\/types\/product"}],"wp:featuredmedia":[{"embeddable":true,"href":"https:\/\/molygrafit.com\/br\/wp-json\/wp\/v2\/media\/2074"}],"wp:attachment":[{"href":"https:\/\/molygrafit.com\/br\/wp-json\/wp\/v2\/media?parent=2329"}],"wp:term":[{"taxonomy":"product_brand","embeddable":true,"href":"https:\/\/molygrafit.com\/br\/wp-json\/wp\/v2\/product_brand?post=2329"},{"taxonomy":"product_cat","embeddable":true,"href":"https:\/\/molygrafit.com\/br\/wp-json\/wp\/v2\/product_cat?post=2329"},{"taxonomy":"product_tag","embeddable":true,"href":"https:\/\/molygrafit.com\/br\/wp-json\/wp\/v2\/product_tag?post=2329"}],"curies":[{"name":"wp","href":"https:\/\/api.w.org\/{rel}","templated":true}]}}