{"id":2330,"date":"2021-05-25T15:47:34","date_gmt":"2021-05-25T18:47:34","guid":{"rendered":"https:\/\/molygrafit.com\/br\/producto\/import-placeholder-for-1844\/"},"modified":"2023-10-30T14:07:27","modified_gmt":"2023-10-30T17:07:27","slug":"gl-1-graxa-100-sintetica-resiste-a-altas-temperaturas-evapora-sem-formar-residuos-de-carbonizacao","status":"publish","type":"product","link":"https:\/\/molygrafit.com\/br\/produto\/gl-1-graxa-100-sintetica-resiste-a-altas-temperaturas-evapora-sem-formar-residuos-de-carbonizacao\/","title":{"rendered":"GL-1 > GRAXA 100% SINT\u00c9TICA, RESISTE A ALTAS TEMPERATURAS, EVAPORA SEM FORMAR RES\u00cdDUOS DE CARBONIZA\u00c7\u00c3O."},"content":{"rendered":"<ul>\n<li>Apar\u00eancia: Pasta Homog\u00eanea Transparente<\/li>\n<li>Consist\u00eancia NLGI: 1<\/li>\n<li>Penetra\u00e7\u00e3o Trabalhada: 310 &#8211; 385<\/li>\n<li>Temperatura de trabalho: -30 a 350\u00baC<\/li>\n<li>Solubilidade em \u00e1gua: Insol\u00favel<\/li>\n<li>Separa\u00e7\u00e3o de \u00f3leo (ASTM D 1742): &lt; 1%<\/li>\n<li>Carga de soldagem (ASTM D 2596): &gt;200 Kgf<\/li>\n<li>Viscosidade do \u00f3leo b\u00e1sico (ASTM D 445): 700 cst<\/li>\n<li>Envelhecimento a 150 \u00b0C (Cooking test ): &gt;1000 hrs<\/li>\n<li>Corros\u00e3o (ASTM D 130): 2 A<\/li>\n<\/ul>\n","protected":false},"excerpt":{"rendered":"<p>MOLYGRAFIT GL-1 \u00e9 uma graxa sint\u00e9tica de consist\u00eancia adequada para funcionamento em\u00a0equipamentos de lubrifica\u00e7\u00e3o centralizada, por\u00e9m pode ser aplicada por processos manuais, como:\u00a0pincel, graxeiras, etc.<\/p>\n<p>Formulada com \u00f3leos sint\u00e9ticos que resistem a altas temperaturas sem formar res\u00edduos. Cont\u00e9m\u00a0aditivos que proporcionam lubrifica\u00e7\u00e3o com baixo \u00edndice de evapora\u00e7\u00e3o, aumentando os per\u00edodos\u00a0de lubrifica\u00e7\u00e3o.<\/p>\n<p>Fornecida na consist\u00eancia 1, poder\u00e1 ser sob consulta produzida em outras consist\u00eancias.<\/p>\n<p>MOLYGRAFIT GL-1 \u00e9 at\u00f3xica, seu \u00f3leo b\u00e1sico possui alto ponto de fulgor, proporcionando\u00a0seguran\u00e7a ao operador e ao equipamento.<\/p>\n<p>MOLYGRAFIT GL-1 n\u00e3o se fluidifica, mesmo sob altas temperaturas e por ser hidrorrepelente\u00a0protege o equipamento de corros\u00e3o.<\/p>\n<p>Por estas caracter\u00edsticas, torna-se um lubrificante ideal para ind\u00fastria sider\u00fargica, cimenteira,\u00a0metal\u00fargica etc.<\/p>\n<p><strong>PRAZO DE PRODU\u00c7\u00c3O: DE 5 A 8 DIAS \u00daTEIS<\/strong><\/p>\n","protected":false},"featured_media":2074,"template":"","meta":{"_acf_changed":false},"product_brand":[],"product_cat":[170,157,169],"product_tag":[283,271,282],"class_list":{"0":"post-2330","1":"product","2":"type-product","3":"status-publish","4":"has-post-thumbnail","6":"product_cat-cimento","7":"product_cat-metalurgica","8":"product_cat-siderurgica","9":"product_tag-evapora-sem-formar-residuos-de-carbonizacao","10":"product_tag-graxa-100-sintetica","11":"product_tag-resiste-a-altas-temperaturas","13":"first","14":"instock","15":"shipping-taxable","16":"purchasable","17":"product-type-variable"},"acf":[],"_links":{"self":[{"href":"https:\/\/molygrafit.com\/br\/wp-json\/wp\/v2\/product\/2330","targetHints":{"allow":["GET"]}}],"collection":[{"href":"https:\/\/molygrafit.com\/br\/wp-json\/wp\/v2\/product"}],"about":[{"href":"https:\/\/molygrafit.com\/br\/wp-json\/wp\/v2\/types\/product"}],"wp:featuredmedia":[{"embeddable":true,"href":"https:\/\/molygrafit.com\/br\/wp-json\/wp\/v2\/media\/2074"}],"wp:attachment":[{"href":"https:\/\/molygrafit.com\/br\/wp-json\/wp\/v2\/media?parent=2330"}],"wp:term":[{"taxonomy":"product_brand","embeddable":true,"href":"https:\/\/molygrafit.com\/br\/wp-json\/wp\/v2\/product_brand?post=2330"},{"taxonomy":"product_cat","embeddable":true,"href":"https:\/\/molygrafit.com\/br\/wp-json\/wp\/v2\/product_cat?post=2330"},{"taxonomy":"product_tag","embeddable":true,"href":"https:\/\/molygrafit.com\/br\/wp-json\/wp\/v2\/product_tag?post=2330"}],"curies":[{"name":"wp","href":"https:\/\/api.w.org\/{rel}","templated":true}]}}