{"id":2331,"date":"2021-05-25T15:47:34","date_gmt":"2021-05-25T18:47:34","guid":{"rendered":"https:\/\/molygrafit.com\/br\/producto\/import-placeholder-for-1845\/"},"modified":"2023-10-30T14:06:57","modified_gmt":"2023-10-30T17:06:57","slug":"gl-000-graxa-sintetica-atoxica-ideal-para-equipamentos-com-lubrificacao-centralizada","status":"publish","type":"product","link":"https:\/\/molygrafit.com\/br\/produto\/gl-000-graxa-sintetica-atoxica-ideal-para-equipamentos-com-lubrificacao-centralizada\/","title":{"rendered":"GL-000 > GRAXA SINT\u00c9TICA AT\u00d3XICA IDEAL PARA EQUIPAMENTOS COM LUBRIFICA\u00c7\u00c3O CENTRALIZADA."},"content":{"rendered":"<ul>\n<li>Apar\u00eancia: Pasta Homog\u00eanea Transparente<\/li>\n<li>Consist\u00eancia NLGI: 000<\/li>\n<li>Penetra\u00e7\u00e3o Trabalhada: 445-475<\/li>\n<li>Temperatura de trabalho: -30 a 350\u00baC<\/li>\n<li>Solubilidade em \u00e1gua: Insol\u00favel<\/li>\n<\/ul>\n","protected":false},"excerpt":{"rendered":"<p>MOLYGRAFIT GL-000 \u00e9 uma graxa sint\u00e9tica de consist\u00eancia adequada para funcionamento em\u00a0equipamentos de lubrifica\u00e7\u00e3o centralizada, por\u00e9m pode ser aplicada por processos manuais, como:\u00a0pincel, graxeiras, etc.<\/p>\n<p>Especialmente indicada para caixas de engrenagens e redutores, pois sua baixa consist\u00eancia\u00a0proporciona uma \u00f3tima lubrifica\u00e7\u00e3o em todas as partes do equipamento.<\/p>\n<p>Formulada com \u00f3leos sint\u00e9ticos que resistem a altas temperaturas sem a formar res\u00edduos.<\/p>\n<p>MOLYGRAFIT GL-000 possui em sua formula\u00e7\u00e3o aditivos de extrema press\u00e3o, suportando altas\u00a0cargas de trabalho.<\/p>\n<p>Produto totalmente insol\u00favel em \u00e1gua, resistindo a ambientes \u00famidos e agressivos.<\/p>\n<p>Cont\u00e9m aditivos que proporcionam lubrifica\u00e7\u00e3o com baixo \u00edndice de evapora\u00e7\u00e3o, aumentando os\u00a0per\u00edodos de lubrifica\u00e7\u00e3o.<\/p>\n<p>Fornecida na consist\u00eancia 000, poder\u00e1 ser, sob consulta, ser produzida em outras consist\u00eancias.<\/p>\n<p>MOLYGRAFIT GL-000 \u00e9 at\u00f3xica, podendo entrar em contato com produtos aliment\u00edcios e\u00a0farmac\u00eauticos; n\u00e3o \u00e9 inflam\u00e1vel, portanto, proporciona seguran\u00e7a ao operador.<\/p>\n<p><strong>PRAZO DE PRODU\u00c7\u00c3O: DE 5 A 8 DIAS \u00daTEIS<\/strong><\/p>\n","protected":false},"featured_media":2074,"template":"","meta":{"_acf_changed":false},"product_brand":[],"product_cat":[161,162,160],"product_tag":[279],"class_list":{"0":"post-2331","1":"product","2":"type-product","3":"status-publish","4":"has-post-thumbnail","6":"product_cat-acucar-e-alcool","7":"product_cat-alimenticia-farmaceutica","8":"product_cat-mecanica","9":"product_tag-graxa-sintetica-atoxica-ideal-para-equipamentos-com-lubrificacao-centralizada","11":"first","12":"instock","13":"shipping-taxable","14":"purchasable","15":"product-type-variable"},"acf":[],"_links":{"self":[{"href":"https:\/\/molygrafit.com\/br\/wp-json\/wp\/v2\/product\/2331","targetHints":{"allow":["GET"]}}],"collection":[{"href":"https:\/\/molygrafit.com\/br\/wp-json\/wp\/v2\/product"}],"about":[{"href":"https:\/\/molygrafit.com\/br\/wp-json\/wp\/v2\/types\/product"}],"wp:featuredmedia":[{"embeddable":true,"href":"https:\/\/molygrafit.com\/br\/wp-json\/wp\/v2\/media\/2074"}],"wp:attachment":[{"href":"https:\/\/molygrafit.com\/br\/wp-json\/wp\/v2\/media?parent=2331"}],"wp:term":[{"taxonomy":"product_brand","embeddable":true,"href":"https:\/\/molygrafit.com\/br\/wp-json\/wp\/v2\/product_brand?post=2331"},{"taxonomy":"product_cat","embeddable":true,"href":"https:\/\/molygrafit.com\/br\/wp-json\/wp\/v2\/product_cat?post=2331"},{"taxonomy":"product_tag","embeddable":true,"href":"https:\/\/molygrafit.com\/br\/wp-json\/wp\/v2\/product_tag?post=2331"}],"curies":[{"name":"wp","href":"https:\/\/api.w.org\/{rel}","templated":true}]}}