{"id":2333,"date":"2021-05-25T15:47:34","date_gmt":"2021-05-25T18:47:34","guid":{"rendered":"https:\/\/molygrafit.com\/br\/producto\/import-placeholder-for-1847\/"},"modified":"2024-01-10T17:25:15","modified_gmt":"2024-01-10T20:25:15","slug":"gk-1-sep-graxa-100-sintetica-resistente-a-cargas-extremas","status":"publish","type":"product","link":"https:\/\/molygrafit.com\/br\/produto\/gk-1-sep-graxa-100-sintetica-resistente-a-cargas-extremas\/","title":{"rendered":"GK-1\/SEP > GRAXA 100% SINT\u00c9TICA RESISTENTE A CARGAS EXTREMAS."},"content":{"rendered":"<ul>\n<li>\u00d3leo B\u00e1sico: Sint\u00e9tico<\/li>\n<li>Espessante: Col\u00f3ide Inorg\u00e2nico<\/li>\n<li>Consist\u00eancia NLGI: 1<\/li>\n<li>Penetra\u00e7\u00e3o Trabalhada: 310 &#8211; 340<\/li>\n<li>Ponto de Gota ASTM D 566: Inexistente<\/li>\n<li>Temperatura de Uso: -20\u00baC a 250\u00baC<\/li>\n<li>Separa\u00e7\u00e3o de \u00f3leo 24 horas a 120\u00baC: menor que 1%<\/li>\n<li>Fator de rota\u00e7\u00e3o ( DN) : 5 x 105 (n.dm)<\/li>\n<li>Viscosidade do \u00f3leo base: ISO VG 220<\/li>\n<li>Four Ball (Carga de Soldagem ASTM D 2596) &gt; 800 kg.<\/li>\n<\/ul>\n","protected":false},"excerpt":{"rendered":"<p>MOLYGRAFIT GK-1\/SEP \u00e9 uma graxa totalmente sint\u00e9tica de m\u00faltiplas aplica\u00e7\u00f5es.<\/p>\n<p>Pode ser utilizadas em rolamentos, mancais, buchas, eixos, uni\u00f5es rotativas etc., em altas rota\u00e7\u00f5es.<\/p>\n<p>\u00c9 formulada com agentes antioxidantes, anticorrosivos, adesivos e hidrorrepelentes.<\/p>\n<p>Possui em sua formula\u00e7\u00e3o uma alta concentra\u00e7\u00e3o de aditivos especiais de extrema press\u00e3o, que a\u00a0habilita a trabalhar sob cargas extremas.<\/p>\n<p>MOLYGRAFIT GK-1\/SEP resiste a atmosferas agressivas e \u00famidas. \u00d3tima para ind\u00fastrias que\u00a0operam com elevado teor de umidade, como papeleira e t\u00eaxtil.<\/p>\n<p>Suporta altas temperaturas por longos per\u00edodos sem pingar ou deixar res\u00edduos. Produto at\u00f3xico, n\u00e3o\u00a0inflam\u00e1vel, seguro para o operador.<\/p>\n<p><strong>PRAZO DE PRODU\u00c7\u00c3O: DE 5 A 8 DIAS \u00daTEIS<\/strong><\/p>\n","protected":false},"featured_media":2074,"template":"","meta":{"_acf_changed":false},"product_brand":[],"product_cat":[158,167,156],"product_tag":[289],"class_list":{"0":"post-2333","1":"product","2":"type-product","3":"status-publish","4":"has-post-thumbnail","6":"product_cat-mineracao","7":"product_cat-papeleira","8":"product_cat-textil","9":"product_tag-graxa-100-sintetica-resistente-a-cargas-extremas","11":"first","12":"instock","13":"shipping-taxable","14":"purchasable","15":"product-type-variable"},"acf":[],"_links":{"self":[{"href":"https:\/\/molygrafit.com\/br\/wp-json\/wp\/v2\/product\/2333","targetHints":{"allow":["GET"]}}],"collection":[{"href":"https:\/\/molygrafit.com\/br\/wp-json\/wp\/v2\/product"}],"about":[{"href":"https:\/\/molygrafit.com\/br\/wp-json\/wp\/v2\/types\/product"}],"wp:featuredmedia":[{"embeddable":true,"href":"https:\/\/molygrafit.com\/br\/wp-json\/wp\/v2\/media\/2074"}],"wp:attachment":[{"href":"https:\/\/molygrafit.com\/br\/wp-json\/wp\/v2\/media?parent=2333"}],"wp:term":[{"taxonomy":"product_brand","embeddable":true,"href":"https:\/\/molygrafit.com\/br\/wp-json\/wp\/v2\/product_brand?post=2333"},{"taxonomy":"product_cat","embeddable":true,"href":"https:\/\/molygrafit.com\/br\/wp-json\/wp\/v2\/product_cat?post=2333"},{"taxonomy":"product_tag","embeddable":true,"href":"https:\/\/molygrafit.com\/br\/wp-json\/wp\/v2\/product_tag?post=2333"}],"curies":[{"name":"wp","href":"https:\/\/api.w.org\/{rel}","templated":true}]}}