{"id":2336,"date":"2021-05-25T15:47:39","date_gmt":"2021-05-25T18:47:39","guid":{"rendered":"https:\/\/molygrafit.com\/br\/producto\/import-placeholder-for-1850\/"},"modified":"2023-10-30T14:02:19","modified_gmt":"2023-10-30T17:02:19","slug":"ge-0-sep-graxa-resistente-a-elevadissimas-cargas-de-operacao-ideal-para-caixas-de-engrenagens-do-comando-final-de-escavadeiras","status":"publish","type":"product","link":"https:\/\/molygrafit.com\/br\/produto\/ge-0-sep-graxa-resistente-a-elevadissimas-cargas-de-operacao-ideal-para-caixas-de-engrenagens-do-comando-final-de-escavadeiras\/","title":{"rendered":"GE-0\/SEP > GRAXA RESISTENTE A ELEVAD\u00cdSSIMAS CARGAS DE OPERA\u00c7\u00c3O, IDEAL PARA CAIXAS DE ENGRENAGENS DO COMANDO FINAL DE ESCAVADEIRAS."},"content":{"rendered":"<ul>\n<li>Apar\u00eancia:\u00a0Preta<\/li>\n<li>\u00d3leo B\u00e1sico:\u00a0Mineral<\/li>\n<li>Viscosidade do \u00f3leo b\u00e1sico:\u00a07.000 cSt a 40 \u00baC<\/li>\n<li>Espessante:\u00a0Inorg\u00e2nico Coloidal<\/li>\n<li>Penetra\u00e7\u00e3oTrabalhada:\u00a0400\/430<\/li>\n<li>Consist\u00eancia:\u00a0NLGI-00<\/li>\n<li>Ponto de Gota ASTM D 566:\u00a0Inexistente<\/li>\n<li>Temperatura de Trabalho:\u00a0-20\u00baC a 200\u00baC<\/li>\n<li>Lubrificante s\u00f3lido:\u00a0Bissulfeto de Molibd\u00eanio<\/li>\n<li>Carga de soldagem ASTM D-2596:\u00a0&gt; 800 Kgf<\/li>\n<\/ul>\n","protected":false},"excerpt":{"rendered":"<p>Graxa especial de alta ader\u00eancia com Bissulfeto de Molibd\u00eanio e aditivos especiais de extrema press\u00e3o, indicada para engrenagens abertas submetidas a cargas muito elevadas.<\/p>\n<p>Sua f\u00f3rmula \u00e9 composta de aditivos especiais que proporcionam \u00e0 graxa redu\u00e7\u00e3o de atrito entre as engrenagens, resist\u00eancia a cargas elevadas, bem como o efeito antiest\u00e1tico, inibindo ader\u00eancia de p\u00f3.<\/p>\n<p>Produto sint\u00e9tico, sem ponto de gota e resistente a altas temperaturas.<\/p>\n<p>Resiste \u00e0 \u00e1gua, produtos qu\u00edmicos e atmosferas agressivas. Pode ser aplicados em qualquer tipo de engrenagem, como em ind\u00fastrias navais, terraplenagens, minera\u00e7\u00e3o etc.<\/p>\n<p>MOLYGRAFIT GE-00\/SEP \u00e9 um produto de baixa toxidez. Pronto para uso, n\u00e3o requer dilui\u00e7\u00f5es e n\u00e3o cont\u00e9m solventes.<\/p>\n<p>F\u00e1cil de usar, podendo ser aplicado manualmente ou por sistemas autom\u00e1ticos.<\/p>\n<p>Produto n\u00e3o inflam\u00e1vel; n\u00e3o causa dermatites, oferecendo seguran\u00e7a ao operador.<\/p>\n<p><strong>PRAZO DE PRODU\u00c7\u00c3O: DE 5 A 8 DIAS \u00daTEIS<\/strong><\/p>\n","protected":false},"featured_media":2074,"template":"","meta":{"_acf_changed":false},"product_brand":[],"product_cat":[159,158,155],"product_tag":[228,278],"class_list":{"0":"post-2336","1":"product","2":"type-product","3":"status-publish","4":"has-post-thumbnail","6":"product_cat-aplicacoes-comuns","7":"product_cat-mineracao","8":"product_cat-offshore-naval","9":"product_tag-graxa-resistente-a-elevadissimas-cargas-de-operacao","10":"product_tag-ideal-para-caixas-de-engrenagens-do-comando-final-de-escavadeiras","12":"first","13":"instock","14":"shipping-taxable","15":"purchasable","16":"product-type-variable"},"acf":[],"_links":{"self":[{"href":"https:\/\/molygrafit.com\/br\/wp-json\/wp\/v2\/product\/2336","targetHints":{"allow":["GET"]}}],"collection":[{"href":"https:\/\/molygrafit.com\/br\/wp-json\/wp\/v2\/product"}],"about":[{"href":"https:\/\/molygrafit.com\/br\/wp-json\/wp\/v2\/types\/product"}],"wp:featuredmedia":[{"embeddable":true,"href":"https:\/\/molygrafit.com\/br\/wp-json\/wp\/v2\/media\/2074"}],"wp:attachment":[{"href":"https:\/\/molygrafit.com\/br\/wp-json\/wp\/v2\/media?parent=2336"}],"wp:term":[{"taxonomy":"product_brand","embeddable":true,"href":"https:\/\/molygrafit.com\/br\/wp-json\/wp\/v2\/product_brand?post=2336"},{"taxonomy":"product_cat","embeddable":true,"href":"https:\/\/molygrafit.com\/br\/wp-json\/wp\/v2\/product_cat?post=2336"},{"taxonomy":"product_tag","embeddable":true,"href":"https:\/\/molygrafit.com\/br\/wp-json\/wp\/v2\/product_tag?post=2336"}],"curies":[{"name":"wp","href":"https:\/\/api.w.org\/{rel}","templated":true}]}}