{"id":2339,"date":"2021-05-25T15:47:39","date_gmt":"2021-05-25T18:47:39","guid":{"rendered":"https:\/\/molygrafit.com\/br\/producto\/import-placeholder-for-1853\/"},"modified":"2023-10-30T14:04:35","modified_gmt":"2023-10-30T17:04:35","slug":"graxa-100-sintetica-atoxica-e-biodegradavel","status":"publish","type":"product","link":"https:\/\/molygrafit.com\/br\/produto\/graxa-100-sintetica-atoxica-e-biodegradavel\/","title":{"rendered":"GBIO-0\/SEP > GRAXA 100% SINT\u00c9TICA, AT\u00d3XICA E BIODEGRAD\u00c1VEL."},"content":{"rendered":"<ul>\n<li>Base:\u00a0\u00d3leo sint\u00e9tico<\/li>\n<li>Encorpante:\u00a0Col\u00f3ide Inorg\u00e2nico<\/li>\n<li>Consist\u00eancia:\u00a0NLGI-0<\/li>\n<li>Temperatura de Trabalho:\u00a0-20\u00baC a 250\u00baC<\/li>\n<li>Ponto de Gota ASTM D 566:\u00a0Inexistente<\/li>\n<li>Penetra\u00e7\u00e3o:\u00a0355 \/ 385<\/li>\n<li>Teste de carga de soldagem ASTM D 2596:\u00a0800 Kg<\/li>\n<li>Teste de carga de desgaste ASTM D 2266 40 Kg:\u00a00,58 mm<\/li>\n<li>WaterWashOut 79\u00b0 C ASTM D126Y:\u00a01,2%<\/li>\n<\/ul>\n","protected":false},"excerpt":{"rendered":"<p>Graxa semifluida, contendo aditivos antioxidantes e anticorrosivos, indicada para redutores, variadores de velocidade, mancais, engrenagens etc.<\/p>\n<p>MOLYGRAFIT GBIO-0\/SEP \u00e9 especialmente formulada com aditivos de extrema press\u00e3o, sendo indicada para equipamentos submetidos a altas cargas.<\/p>\n<p>Por ser semifluida, oferece \u00f3tima lubrifica\u00e7\u00e3o, penetrando em todas as cavidades, protegendo o equipamento sem vazamentos ou gotejamento.<\/p>\n<p>Diminui a temperatura de trabalho por reduzir o atrito interno.\u00c9 tamb\u00e9m recomendada especialmente para temperaturas elevadas devido seu alto ponto de fulgor.<\/p>\n<p>MOLYGRAFIT GBIO-0\/SEP \u00e9 um lubrificante biodegrad\u00e1vel conforme norma OECD 301 B, atendendo \u00e0s normas do IBAMA.<\/p>\n<p>Produto at\u00f3xico e n\u00e3o inflam\u00e1vel; seguro ao operador.<\/p>\n<p><strong>PRAZO DE PRODU\u00c7\u00c3O: DE 5 A 8 DIAS \u00daTEIS<\/strong><\/p>\n","protected":false},"featured_media":2074,"template":"","meta":{"_acf_changed":false},"product_brand":[],"product_cat":[158],"product_tag":[272,271],"class_list":{"0":"post-2339","1":"product","2":"type-product","3":"status-publish","4":"has-post-thumbnail","6":"product_cat-mineracao","7":"product_tag-atoxica-e-biodegradavel","8":"product_tag-graxa-100-sintetica","10":"first","11":"instock","12":"shipping-taxable","13":"purchasable","14":"product-type-variable"},"acf":[],"_links":{"self":[{"href":"https:\/\/molygrafit.com\/br\/wp-json\/wp\/v2\/product\/2339","targetHints":{"allow":["GET"]}}],"collection":[{"href":"https:\/\/molygrafit.com\/br\/wp-json\/wp\/v2\/product"}],"about":[{"href":"https:\/\/molygrafit.com\/br\/wp-json\/wp\/v2\/types\/product"}],"wp:featuredmedia":[{"embeddable":true,"href":"https:\/\/molygrafit.com\/br\/wp-json\/wp\/v2\/media\/2074"}],"wp:attachment":[{"href":"https:\/\/molygrafit.com\/br\/wp-json\/wp\/v2\/media?parent=2339"}],"wp:term":[{"taxonomy":"product_brand","embeddable":true,"href":"https:\/\/molygrafit.com\/br\/wp-json\/wp\/v2\/product_brand?post=2339"},{"taxonomy":"product_cat","embeddable":true,"href":"https:\/\/molygrafit.com\/br\/wp-json\/wp\/v2\/product_cat?post=2339"},{"taxonomy":"product_tag","embeddable":true,"href":"https:\/\/molygrafit.com\/br\/wp-json\/wp\/v2\/product_tag?post=2339"}],"curies":[{"name":"wp","href":"https:\/\/api.w.org\/{rel}","templated":true}]}}