{"id":2340,"date":"2021-05-25T15:47:40","date_gmt":"2021-05-25T18:47:40","guid":{"rendered":"https:\/\/molygrafit.com\/br\/producto\/import-placeholder-for-1854\/"},"modified":"2024-01-10T17:20:27","modified_gmt":"2024-01-10T20:20:27","slug":"oleo-misto-mineral-sintetico-com-aditivos-anticorrosivos-antioxidantes-atidesgastantes-e-antiespumantes","status":"publish","type":"product","link":"https:\/\/molygrafit.com\/br\/produto\/oleo-misto-mineral-sintetico-com-aditivos-anticorrosivos-antioxidantes-atidesgastantes-e-antiespumantes\/","title":{"rendered":"FTM-68 > \u00d3LEO MISTO MINERAL\/SINT\u00c9TICO, COM ADITIVOS ANTICORROSIVOS, ANTIOXIDANTES, ATIDESGASTANTES E ANTIESPUMANTES."},"content":{"rendered":"<ul>\n<li>Apar\u00eancia: L\u00edquido transparente Azul<\/li>\n<li>Viscosidade: ISO VG 68<\/li>\n<li>Viscosidade a 100\u00baC: 10,00 cSt<\/li>\n<li>\u00cdndice de viscosidade IV: 140<\/li>\n<li>Ponto m\u00ednimo de fluidez ASTM D 97: -30\u00baC<\/li>\n<li>Solubilidade em \u00e1gua: Insol\u00favel<\/li>\n<li>Acidez ASTM D 974: 0,20 mg KOH\/g<\/li>\n<li>Ponto de fulgor (ASTM D 92): 180\u00baC<\/li>\n<li>Temperatura de autoigni\u00e7\u00e3o ASTM D 286: &gt; 250\u00baC<\/li>\n<li>Temperatura de Trabalho: -30\u00baC a 170\u00baC<\/li>\n<li>Espuma ABNT NBR 14235: 10\/0<\/li>\n<li>Corros\u00e3o lamina de cobre ASTMD 130: 1 a<span class=\"Apple-converted-space\">\u00a0<\/span><\/li>\n<\/ul>\n","protected":false},"excerpt":{"rendered":"<p>MOLYGRAFIT FTM-68 \u00e9 um \u00f3leo misto (mineral + sint\u00e9tico) para operar em compressores de ar rotativos, (palheta, parafusos, centr\u00edfugos etc).<\/p>\n<p>Possui em sua formula\u00e7\u00e3o aditivos anticorrosivos, antioxidantes, antidesgaste e antiespumantes que proporcionam longos per\u00edodos de lubrifica\u00e7\u00e3o, de 4000 horas a 8 000 horas a depender da temperatura de descarga da m\u00e1quina.<\/p>\n<p>Por sua formula\u00e7\u00e3o, n\u00e3o necessita de limpeza nas trocas de \u00f3leo, somente a troca dos filtros e drenagem do \u00f3leo usado.<\/p>\n<p>Apesar de ser compat\u00edvel com \u00f3leos minerais, \u00e9steres e polialfaolef\u00ednas, ao se realizar a troca do tipo de lubrificantes, \u00e9 recomendada a limpeza da m\u00e1quina; se necess\u00e1rio fazer um flushing.<\/p>\n<p>MOLYGRAFIT FTM-68 cont\u00e9m elevado teor de \u00f3leo sint\u00e9tico, minimizando assim a forma\u00e7\u00e3o de borra e verniz que afetam o rendimento do equipamento. Ao manter as v\u00e1lvulas limpas de res\u00edduos de carboniza\u00e7\u00e3o, proporciona um aumento na vida \u00fatil do equipamento.<\/p>\n<p>O alto teor de \u00f3leo sint\u00e9tico, diminui a taxa de evapora\u00e7\u00e3o reduzindo o consumo de lubrificante.<\/p>\n<p>O \u00f3leo sint\u00e9tico presente na formula\u00e7\u00e3o do MOLYGRAFIT FTM-68 proporciona \u00f3tima demulsibilidade, diminuindo a presen\u00e7a de \u00e1gua que danifica o equipamento.Os aditivos e o \u00f3leo sint\u00e9tico presentes na formula, proporcionam uma redu\u00e7\u00e3o de atrito e o consequente desgaste, aumentando a vida \u00fatil do equipamento e diminuindo os custos operacionais.<\/p>\n<p>Produto at\u00f3xico, com alto ponto de fulgor, seguro para o operador.<\/p>\n<p><strong>PRAZO DE PRODU\u00c7\u00c3O: DE 5 A 8 DIAS \u00daTEIS<\/strong><\/p>\n<p>&nbsp;<\/p>\n","protected":false},"featured_media":2076,"template":"","meta":{"_acf_changed":false},"product_brand":[],"product_cat":[159,158],"product_tag":[252,253,251,250],"class_list":{"0":"post-2340","1":"product","2":"type-product","3":"status-publish","4":"has-post-thumbnail","6":"product_cat-aplicacoes-comuns","7":"product_cat-mineracao","8":"product_tag-antioxidantes","9":"product_tag-atidesgastantes-e-antiespumantes","10":"product_tag-com-aditivos-anticorrosivos","11":"product_tag-oleo-misto-mineral-sintetico","13":"first","14":"instock","15":"shipping-taxable","16":"purchasable","17":"product-type-variable"},"acf":[],"_links":{"self":[{"href":"https:\/\/molygrafit.com\/br\/wp-json\/wp\/v2\/product\/2340","targetHints":{"allow":["GET"]}}],"collection":[{"href":"https:\/\/molygrafit.com\/br\/wp-json\/wp\/v2\/product"}],"about":[{"href":"https:\/\/molygrafit.com\/br\/wp-json\/wp\/v2\/types\/product"}],"wp:featuredmedia":[{"embeddable":true,"href":"https:\/\/molygrafit.com\/br\/wp-json\/wp\/v2\/media\/2076"}],"wp:attachment":[{"href":"https:\/\/molygrafit.com\/br\/wp-json\/wp\/v2\/media?parent=2340"}],"wp:term":[{"taxonomy":"product_brand","embeddable":true,"href":"https:\/\/molygrafit.com\/br\/wp-json\/wp\/v2\/product_brand?post=2340"},{"taxonomy":"product_cat","embeddable":true,"href":"https:\/\/molygrafit.com\/br\/wp-json\/wp\/v2\/product_cat?post=2340"},{"taxonomy":"product_tag","embeddable":true,"href":"https:\/\/molygrafit.com\/br\/wp-json\/wp\/v2\/product_tag?post=2340"}],"curies":[{"name":"wp","href":"https:\/\/api.w.org\/{rel}","templated":true}]}}