{"id":2341,"date":"2021-05-25T15:47:40","date_gmt":"2021-05-25T18:47:40","guid":{"rendered":"https:\/\/molygrafit.com\/br\/producto\/import-placeholder-for-1855\/"},"modified":"2023-09-26T15:01:30","modified_gmt":"2023-09-26T18:01:30","slug":"oleo-100-sintetico-para-compressores-com-lubrificacao-isenta-de-residuos-por-periodo-de-no-minimo-8-000hs-de-trabalho","status":"publish","type":"product","link":"https:\/\/molygrafit.com\/br\/produto\/oleo-100-sintetico-para-compressores-com-lubrificacao-isenta-de-residuos-por-periodo-de-no-minimo-8-000hs-de-trabalho\/","title":{"rendered":"FT-68\/C > \u00d3LEO 100% SINT\u00c9TICO PARA COMPRESSORES, COM LUBRIFICA\u00c7\u00c3O ISENTA DE RES\u00cdDUOS POR PER\u00cdODO DE NO M\u00cdNIMO 8.000HS DE TRABALHO."},"content":{"rendered":"<ul>\n<li>Apar\u00eancia: L\u00edquido Transparente Claro<\/li>\n<li>Viscosidade a 40\u00ba C: 68 cSt<\/li>\n<li>Viscosidade a 100 \u00baC: 11 cSt<\/li>\n<li>\u00cdndice de Viscosidade: 160<\/li>\n<li>Viscosidade ISO VG: 68<\/li>\n<li>Ponto m\u00ednimo de fluidez: -38\u00baC<\/li>\n<li>Densidade: 0,95 gr\/cm\u00b3<\/li>\n<li>Solubilidade em \u00e1gua: Insol\u00favel<\/li>\n<li>Ponto de fulgor (ASTM D 92): 240\u00baC<\/li>\n<li>Temperatura de Autoigni\u00e7\u00e3o ASTM D 659: 360 \u00ba<\/li>\n<li>Temperatura de Trabalho: -30\u00baC a 230\u00baC<\/li>\n<li>Corros\u00e3o L\u00e2mina de cobre ASTM D 130: 1 a<\/li>\n<\/ul>\n","protected":false},"excerpt":{"rendered":"<p>MOLYGRAFIT FT-68\/C \u00e9 um \u00f3leo totalmente sint\u00e9tico para compressores de ar.<\/p>\n<p>Possui em sua formula\u00e7\u00e3o aditivos antioxidantes, anticorrosivos e antiespumantes.<\/p>\n<p>Por ser totalmente sint\u00e9tico de base qu\u00edmica Glicol \/ \u00c9ster, n\u00e3o carboniza n\u00e3o forma borra e n\u00e3o altera a viscosidade ap\u00f3s longos per\u00edodos. Por essas caracter\u00edsticas \u00e9 especialmente indicado para compressores alternativos e rotativos (palhetas e parafusos), para, no m\u00ednimo, 8.000 horas de uso.<\/p>\n<p>Ao contr\u00e1rio dos \u00f3leos minerais comumente usados, n\u00e3o enverniza os trocadores de calor(radiadores) n\u00e3o necessitando de paradas para limpeza e troca de filtros.<\/p>\n<p>Produto biodegrad\u00e1vel conforme norma OECD 301-B.<\/p>\n<p>Quando na troca de lubrificantes, deve-se realizar uma limpeza na m\u00e1quina, se necess\u00e1rio fazer um flushing.<\/p>\n<p>MOLYGRAFIT FT-68\/C n\u00e3o \u00e9 t\u00f3xico nem inflam\u00e1vel; indicado para operar em ind\u00fastriasfarmac\u00eauticas ou aliment\u00edcias.<\/p>\n<p><strong>PRAZO DE PRODU\u00c7\u00c3O: DE 5 A 8 DIAS \u00daTEIS<\/strong><\/p>\n<p>&nbsp;<\/p>\n","protected":false},"featured_media":2076,"template":"","meta":{"_acf_changed":false},"product_brand":[],"product_cat":[159,158],"product_tag":[249,248],"class_list":{"0":"post-2341","1":"product","2":"type-product","3":"status-publish","4":"has-post-thumbnail","6":"product_cat-aplicacoes-comuns","7":"product_cat-mineracao","8":"product_tag-com-lubrificacao-isenta-de-residuos-por-periodo-de-no-minimo-8-000hs-de-trabalho","9":"product_tag-oleo-100-sintetico-para-compressores","11":"first","12":"instock","13":"shipping-taxable","14":"purchasable","15":"product-type-variable"},"acf":[],"_links":{"self":[{"href":"https:\/\/molygrafit.com\/br\/wp-json\/wp\/v2\/product\/2341","targetHints":{"allow":["GET"]}}],"collection":[{"href":"https:\/\/molygrafit.com\/br\/wp-json\/wp\/v2\/product"}],"about":[{"href":"https:\/\/molygrafit.com\/br\/wp-json\/wp\/v2\/types\/product"}],"wp:featuredmedia":[{"embeddable":true,"href":"https:\/\/molygrafit.com\/br\/wp-json\/wp\/v2\/media\/2076"}],"wp:attachment":[{"href":"https:\/\/molygrafit.com\/br\/wp-json\/wp\/v2\/media?parent=2341"}],"wp:term":[{"taxonomy":"product_brand","embeddable":true,"href":"https:\/\/molygrafit.com\/br\/wp-json\/wp\/v2\/product_brand?post=2341"},{"taxonomy":"product_cat","embeddable":true,"href":"https:\/\/molygrafit.com\/br\/wp-json\/wp\/v2\/product_cat?post=2341"},{"taxonomy":"product_tag","embeddable":true,"href":"https:\/\/molygrafit.com\/br\/wp-json\/wp\/v2\/product_tag?post=2341"}],"curies":[{"name":"wp","href":"https:\/\/api.w.org\/{rel}","templated":true}]}}