{"id":2342,"date":"2021-05-25T15:47:40","date_gmt":"2021-05-25T18:47:40","guid":{"rendered":"https:\/\/molygrafit.com\/br\/producto\/import-placeholder-for-1856\/"},"modified":"2023-09-26T15:02:10","modified_gmt":"2023-09-26T18:02:10","slug":"oleo-100-sintetico-resiste-a-elevadas-temperaturas-nao-forma-residuos-de-carbonizacao","status":"publish","type":"product","link":"https:\/\/molygrafit.com\/br\/produto\/oleo-100-sintetico-resiste-a-elevadas-temperaturas-nao-forma-residuos-de-carbonizacao\/","title":{"rendered":"FT-68 > \u00d3LEO 100% SINT\u00c9TICO, RESISTE A ELEVADAS TEMPERATURAS, N\u00c3O FORMA RES\u00cdDUOS DE CARBONIZA\u00c7\u00c3O."},"content":{"rendered":"<ul>\n<li>Apar\u00eancia: L\u00edquido castanho<\/li>\n<li>Viscosidade a 40\u00baC: 68 cSt<\/li>\n<li>Viscosidade a 100\u00baC: 12 cSt<\/li>\n<li>\u00cdndice de Viscosidade: 145<\/li>\n<li>Ponto m\u00ednimo de fluidez: -38\u00baC<\/li>\n<li>Ponto de fulgor (ASTM D 92): 225\u00baC<\/li>\n<li>Tens\u00e3o superficial: 32 dinas\/cm<\/li>\n<li>Cinzas: menor que 0,1%<\/li>\n<li>Solubilidade em \u00e1gua: Insol\u00favel<\/li>\n<\/ul>\n","protected":false},"excerpt":{"rendered":"<p>MOLYGRAFIT FT-68 \u00e9 um \u00f3leo totalmente sint\u00e9tico para aplica\u00e7\u00f5es de extrema solicita\u00e7\u00e3o de\u00a0temperatura.<\/p>\n<p>Possui em sua formula\u00e7\u00e3o aditivos especiais que conferem ao produto alta resist\u00eancia a\u00a0temperaturas e cargas, com total aus\u00eancia de cinzas e carboniza\u00e7\u00e3o.<\/p>\n<p>Possui ainda fun\u00e7\u00e3o anticorrosiva em ambientes \u00famidos e\/ou agressivos.<\/p>\n<p>Por ser totalmente sint\u00e9tico, n\u00e3o \u00e9 t\u00f3xico ou inflam\u00e1vel, sendo seguro ao operador sob as mais\u00a0diversas condi\u00e7\u00f5es.<\/p>\n<p>Recomendado para todo tipo de ind\u00fastria que necessite de lubrifica\u00e7\u00e3o de alta performance sem\u00a0riscos ambientais.<\/p>\n<p>Sua aplica\u00e7\u00e3o pode ser efetuada por sistemas autom\u00e1ticos de gotejamento ou borrifamento (OILMIST).<\/p>\n<p>Pr\u00f3prio para correntes, mancais, rolamentos, barramentos etc.<\/p>\n<p>\u00c9 tamb\u00e9m recomendado para lubrifica\u00e7\u00e3o de equipamentos, como: caixas de redu\u00e7\u00e3o, bombas de\u00a0v\u00e1cuo e compressores.<\/p>\n<p>Possui f\u00f3rmula balanceada que proporciona uma excelente rela\u00e7\u00e3o custo\/benef\u00edcio, n\u00e3o encontrada\u00a0em nenhum outro produto similar.<\/p>\n<p>Quando na troca de lubrificantes, deve-se realizar uma limpeza\u00a0na m\u00e1quina, se necess\u00e1rio fazer um flushing.<\/p>\n<p>MOLYGRAFIT FT-68 \u00e9 um produto de baixa toxidez podendo operar em ind\u00fastrias aliment\u00edcias e\u00a0farmac\u00eauticas em situa\u00e7\u00f5es controladas.<\/p>\n<p><strong>PRAZO DE PRODU\u00c7\u00c3O: DE 5 A 8 DIAS \u00daTEIS<\/strong><\/p>\n","protected":false},"featured_media":2076,"template":"","meta":{"_acf_changed":false},"product_brand":[],"product_cat":[160],"product_tag":[247,233,246],"class_list":{"0":"post-2342","1":"product","2":"type-product","3":"status-publish","4":"has-post-thumbnail","6":"product_cat-mecanica","7":"product_tag-nao-forma-residuos-de-carbonizacao","8":"product_tag-oleo-100-sintetico","9":"product_tag-resiste-a-elevadas-temperaturas","11":"first","12":"instock","13":"shipping-taxable","14":"purchasable","15":"product-type-variable"},"acf":[],"_links":{"self":[{"href":"https:\/\/molygrafit.com\/br\/wp-json\/wp\/v2\/product\/2342","targetHints":{"allow":["GET"]}}],"collection":[{"href":"https:\/\/molygrafit.com\/br\/wp-json\/wp\/v2\/product"}],"about":[{"href":"https:\/\/molygrafit.com\/br\/wp-json\/wp\/v2\/types\/product"}],"wp:featuredmedia":[{"embeddable":true,"href":"https:\/\/molygrafit.com\/br\/wp-json\/wp\/v2\/media\/2076"}],"wp:attachment":[{"href":"https:\/\/molygrafit.com\/br\/wp-json\/wp\/v2\/media?parent=2342"}],"wp:term":[{"taxonomy":"product_brand","embeddable":true,"href":"https:\/\/molygrafit.com\/br\/wp-json\/wp\/v2\/product_brand?post=2342"},{"taxonomy":"product_cat","embeddable":true,"href":"https:\/\/molygrafit.com\/br\/wp-json\/wp\/v2\/product_cat?post=2342"},{"taxonomy":"product_tag","embeddable":true,"href":"https:\/\/molygrafit.com\/br\/wp-json\/wp\/v2\/product_tag?post=2342"}],"curies":[{"name":"wp","href":"https:\/\/api.w.org\/{rel}","templated":true}]}}