{"id":2345,"date":"2021-05-25T15:47:40","date_gmt":"2021-05-25T18:47:40","guid":{"rendered":"https:\/\/molygrafit.com\/br\/producto\/import-placeholder-for-1859\/"},"modified":"2021-11-15T22:14:56","modified_gmt":"2021-11-16T01:14:56","slug":"ft-150-cp-oleo-100-sintetico-para-compressores-suporta-altas-pressoes-e-elevadas-temperaturas-sem-carbonizar","status":"publish","type":"product","link":"https:\/\/molygrafit.com\/br\/produto\/ft-150-cp-oleo-100-sintetico-para-compressores-suporta-altas-pressoes-e-elevadas-temperaturas-sem-carbonizar\/","title":{"rendered":"FT-150\/CP > \u00d3LEO 100% SINT\u00c9TICO PARA COMPRESSORES DE G\u00c1S, SUPORTA ALTAS PRESS\u00d5ES E ELEVADAS TEMPERATURAS SEM CARBONIZAR."},"content":{"rendered":"<ul>\n<li>Apar\u00eancia: L\u00edquido transparente claro<\/li>\n<li>Viscosidade ASTM D 445 a 40\u00baC: 150 cSt<\/li>\n<li>Viscosidade ASTM D 445 a 100\u00baC: 23 cSt<\/li>\n<li>\u00cdndice de viscosidade: 185<\/li>\n<li>Densidade a 20\u00baC: 1,0 gr\/cm\u00b3<\/li>\n<li>Ponto m\u00ednimo de fluidez ASTM D 97: -35\u00baC<\/li>\n<li>Solubilidade em \u00e1gua: Insol\u00favel<\/li>\n<li>Ponto de fulgor (ASTM D 92): 225\u00baC<\/li>\n<li>Temperatura de Trabalho: -30\u00baC a 215\u00baC<\/li>\n<li>Condutibilidade t\u00e9rmica (x10-\u00b3)cal\/cm.seg.\u00baC,25\u00baC: 0,360<\/li>\n<li>Coeficiente de expans\u00e3o t\u00e9rmica(x10-\u00b3)\u00baC-\u00b9,55\u00baC: 0,75<\/li>\n<li>Calor espec\u00edfico, cal\/g\/\u00baC,25\u00baC: 0,452<\/li>\n<li>Calor espec\u00edfico, cal\/g\/\u00baC,100\u00baC: 0,490<\/li>\n<li>Teste FZG: &gt; 12<\/li>\n<li>Espuma ASTM D 892: 10\/0 mm<\/li>\n<li>Corros\u00e3o ASTM D 130: 1 a<\/li>\n<li>Concentra\u00e7\u00e3o de Polialquilenoglicol: 98%<\/li>\n<\/ul>\n","protected":false},"excerpt":{"rendered":"<p>MOLYGRAFIT FT-150\/CP \u00e9 um \u00f3leo totalmente sint\u00e9tico para compressores de g\u00e1s.<\/p>\n<p>Possui em sua formula\u00e7\u00e3o, aditivos antioxidantes, anticorrosivos e antiespumantes.<\/p>\n<p>Por ser totalmente sint\u00e9tico n\u00e3o carboniza n\u00e3o forma borra e n\u00e3o altera a viscosidade ap\u00f3s longos per\u00edodos.<\/p>\n<p>Por essas caracter\u00edsticas \u00e9 especialmente indicado para compressores alternativos e rotativos (palhetas e parafusos), para per\u00edodos de lubrifica\u00e7\u00e3o maiores que 1 ano.<\/p>\n<p>Formulado com poliglicol e aditivos, n\u00e3o \u00e9 misc\u00edvel em hidrocarbonetos (g\u00e1s natural, etileno,propileno, butano, propano, etc.). Possui a\u00e7\u00e3o EP, protegendo o equipamento de desgaste.<\/p>\n<p>Por sua natureza qu\u00edmica, suporta altas press\u00f5es: at\u00e9 3000 bar.<\/p>\n<p>MOLYGRAFIT FT-150\/CP n\u00e3o ataca os pl\u00e1sticos, borrachas e tintas normalmente usados em compressores, deve-se proteger somente borrachas macias.<\/p>\n<p>Quando na troca de lubrificantes, deve-se realizar uma limpeza na m\u00e1quina, se necess\u00e1rio fazer um flushing.<\/p>\n<p>MOLYGRAFIT FT-150\/CP n\u00e3o \u00e9 t\u00f3xico, e n\u00e3o inflam\u00e1vel,<span class=\"Apple-converted-space\">\u00a0<\/span><\/p>\n","protected":false},"featured_media":2076,"template":"","meta":{"_acf_changed":false},"product_brand":[],"product_cat":[155],"product_tag":[319,320],"class_list":{"0":"post-2345","1":"product","2":"type-product","3":"status-publish","4":"has-post-thumbnail","6":"product_cat-offshore-naval","7":"product_tag-oleo-100-sintetico-para-compressores-de-gas","8":"product_tag-suporta-altas-pressoes-e-elevadas-temperaturas-sem-carbonizar","10":"first","11":"instock","12":"shipping-taxable","13":"purchasable","14":"product-type-variable"},"acf":[],"_links":{"self":[{"href":"https:\/\/molygrafit.com\/br\/wp-json\/wp\/v2\/product\/2345","targetHints":{"allow":["GET"]}}],"collection":[{"href":"https:\/\/molygrafit.com\/br\/wp-json\/wp\/v2\/product"}],"about":[{"href":"https:\/\/molygrafit.com\/br\/wp-json\/wp\/v2\/types\/product"}],"wp:featuredmedia":[{"embeddable":true,"href":"https:\/\/molygrafit.com\/br\/wp-json\/wp\/v2\/media\/2076"}],"wp:attachment":[{"href":"https:\/\/molygrafit.com\/br\/wp-json\/wp\/v2\/media?parent=2345"}],"wp:term":[{"taxonomy":"product_brand","embeddable":true,"href":"https:\/\/molygrafit.com\/br\/wp-json\/wp\/v2\/product_brand?post=2345"},{"taxonomy":"product_cat","embeddable":true,"href":"https:\/\/molygrafit.com\/br\/wp-json\/wp\/v2\/product_cat?post=2345"},{"taxonomy":"product_tag","embeddable":true,"href":"https:\/\/molygrafit.com\/br\/wp-json\/wp\/v2\/product_tag?post=2345"}],"curies":[{"name":"wp","href":"https:\/\/api.w.org\/{rel}","templated":true}]}}