{"id":2346,"date":"2021-05-25T15:47:40","date_gmt":"2021-05-25T18:47:40","guid":{"rendered":"https:\/\/molygrafit.com\/br\/producto\/import-placeholder-for-1860\/"},"modified":"2023-10-30T13:55:58","modified_gmt":"2023-10-30T16:55:58","slug":"oleo-100-sintetico-resistente-a-altas-temperaturas-elevadas-cargas-e-atmosferas-agressivas","status":"publish","type":"product","link":"https:\/\/molygrafit.com\/br\/produto\/oleo-100-sintetico-resistente-a-altas-temperaturas-elevadas-cargas-e-atmosferas-agressivas\/","title":{"rendered":"FT (LINHA) > \u00d3LEO 100% SINT\u00c9TICO, RESISTENTE A ALTAS TEMPERATURAS, ELEVADAS CARGAS E ATMOSFERAS AGRESSIVAS."},"content":{"rendered":"<ul>\n<li>Apar\u00eancia: L\u00edquido Transparente Claro<\/li>\n<li>Viscosidade: ISO VG 68\/150\/220\/320\/460<\/li>\n<li>Ponto m\u00ednimo de fluidez: -38\u00baC \/ -20\u00baC<\/li>\n<li>Solubilidade em \u00e1gua: Insol\u00favel<\/li>\n<li>Ponto de fulgor (ASTM D 92): 225\u00baC \/ 275\u00baC<\/li>\n<\/ul>\n","protected":false},"excerpt":{"rendered":"<p>MOLYGRAFIT FT \u00e9 uma linha de \u00f3leos sint\u00e9ticos para equipamentos que exijam alta performance\u00a0de lubrifica\u00e7\u00e3o.<\/p>\n<p>Cont\u00e9m em sua formula\u00e7\u00e3o agentes anti-oxidantes, anti-espumantes e\u00a0anticorrosivos, que proporcionam alto desempenho de lubrifica\u00e7\u00e3o quando exposto a altas\u00a0temperaturas, atmosferas agressivas, elevadas cargas, etc.<\/p>\n<p>Por ser totalmente sint\u00e9tico, n\u00e3o carboniza, n\u00e3o forma borra e n\u00e3o altera a viscosidade ap\u00f3s longos\u00a0per\u00edodos.<\/p>\n<p>Quando na troca de lubrificantes, deve-se realizar uma limpeza na m\u00e1quina, se necess\u00e1rio\u00a0fazer um flushing.<\/p>\n<p>Por essas caracter\u00edsticas \u00e9 especialmente indicado para bombas de v\u00e1cuo, caixas de engrenagens,\u00a0correntes industriais, mancais etc.<\/p>\n<p>Produto n\u00e3o t\u00f3xico, n\u00e3o inflam\u00e1vel, podendo operar em ind\u00fastrias farmac\u00eauticas ou aliment\u00edcias,\u00a0oferecendo total seguran\u00e7a ao operador.<\/p>\n<p><strong>PRAZO DE PRODU\u00c7\u00c3O: DE 5 A 8 DIAS \u00daTEIS<\/strong><\/p>\n","protected":false},"featured_media":2076,"template":"","meta":{"_acf_changed":false},"product_brand":[],"product_cat":[162,159],"product_tag":[269,233,268],"class_list":{"0":"post-2346","1":"product","2":"type-product","3":"status-publish","4":"has-post-thumbnail","6":"product_cat-alimenticia-farmaceutica","7":"product_cat-aplicacoes-comuns","8":"product_tag-elevadas-cargas-e-atmosferas-agressivas","9":"product_tag-oleo-100-sintetico","10":"product_tag-resistente-a-altas-temperaturas","12":"first","13":"instock","14":"shipping-taxable","15":"purchasable","16":"product-type-variable"},"acf":[],"_links":{"self":[{"href":"https:\/\/molygrafit.com\/br\/wp-json\/wp\/v2\/product\/2346","targetHints":{"allow":["GET"]}}],"collection":[{"href":"https:\/\/molygrafit.com\/br\/wp-json\/wp\/v2\/product"}],"about":[{"href":"https:\/\/molygrafit.com\/br\/wp-json\/wp\/v2\/types\/product"}],"wp:featuredmedia":[{"embeddable":true,"href":"https:\/\/molygrafit.com\/br\/wp-json\/wp\/v2\/media\/2076"}],"wp:attachment":[{"href":"https:\/\/molygrafit.com\/br\/wp-json\/wp\/v2\/media?parent=2346"}],"wp:term":[{"taxonomy":"product_brand","embeddable":true,"href":"https:\/\/molygrafit.com\/br\/wp-json\/wp\/v2\/product_brand?post=2346"},{"taxonomy":"product_cat","embeddable":true,"href":"https:\/\/molygrafit.com\/br\/wp-json\/wp\/v2\/product_cat?post=2346"},{"taxonomy":"product_tag","embeddable":true,"href":"https:\/\/molygrafit.com\/br\/wp-json\/wp\/v2\/product_tag?post=2346"}],"curies":[{"name":"wp","href":"https:\/\/api.w.org\/{rel}","templated":true}]}}