{"id":2347,"date":"2021-05-25T15:47:40","date_gmt":"2021-05-25T18:47:40","guid":{"rendered":"https:\/\/molygrafit.com\/br\/producto\/import-placeholder-for-1862\/"},"modified":"2023-10-30T13:55:16","modified_gmt":"2023-10-30T16:55:16","slug":"oleo-100-sintetico-biodegradavel-e-atoxico-de-grau-alimenticio","status":"publish","type":"product","link":"https:\/\/molygrafit.com\/br\/produto\/oleo-100-sintetico-biodegradavel-e-atoxico-de-grau-alimenticio\/","title":{"rendered":"FE\/K (LINHA) > \u00d3LEO 100% SINT\u00c9TICO, BIODEGRAD\u00c1VEL E AT\u00d3XICO DE GRAU ALIMENT\u00cdCIO."},"content":{"rendered":"<ul>\n<li>Apar\u00eancia: L\u00edquido amarelo .<\/li>\n<li>Viscosidade a 40\u00baC: de 32 a 25.000 cSt<\/li>\n<li>Densidade a 20\u00baC: 0,950 g\/cm3<\/li>\n<li>Ponto de fulgor: &gt; 240 \u00b0C<\/li>\n<li>Ponto de igni\u00e7\u00e3o: &gt;300 \u00baC<\/li>\n<li>Carga de soldagem ASTM D 2783: 800 kgf<\/li>\n<li>Solubilidade em \u00e1gua: Insol\u00favel<\/li>\n<\/ul>\n","protected":false},"excerpt":{"rendered":"<p>MOLYGRAFIT FE\/K \u00e9 uma linha de \u00f3leos totalmente sint\u00e9ticos, dispon\u00edvel em diversas\u00a0viscosidades, recomendados para lubrifica\u00e7\u00e3o de equipamentos submetidos a altas cargas.<\/p>\n<p>\u00c9\u00a0especialmente formulada com aditivos que proporcionam alto desempenho com perda\u00a0reduzida.<\/p>\n<p>N\u00e3o carboniza, n\u00e3o forma borra, proporciona longos per\u00edodos de lubrifica\u00e7\u00e3o e dispensa a\u00a0necessidade de limpeza constante do equipamento.<\/p>\n<p>Quando na troca de lubrificantes, deve-se\u00a0realizar uma limpeza na m\u00e1quina, se necess\u00e1rio fazer um flushing.<\/p>\n<p>MOLYGRAFIT FE\/K suporta ambientes agressivos, tais como umidade e vapores \u00e1cidos\u00a0ou alcalinos.<\/p>\n<p>\u00c9 especialmente formulada sem aditivos s\u00f3lidos, n\u00e3o causando entupimentos ou\u00a0incrusta\u00e7\u00f5es.<\/p>\n<p>MOLYGRAFIT FE\/K \u00e9 biodegrad\u00e1vel, conforme norma OECD 301 B.<\/p>\n<p>Ideal para lubrifica\u00e7\u00e3o de mancais e engrenagens abertas (rodetes).<\/p>\n<p>Por ser uma linha de \u00f3leos at\u00f3xicos de grau aliment\u00edcio certificada pelo NSF como\u00a0at\u00f3xica de grau H1, \u00e9 especialmente indicada para operar em ind\u00fastrias aliment\u00edcias e\u00a0farmac\u00eauticas.<\/p>\n<p>MOLYGRAFIT FE\/K n\u00e3o \u00e9 inflam\u00e1vel, proporcionando total seguran\u00e7a ao operador.<\/p>\n<p><strong>PRAZO DE PRODU\u00c7\u00c3O: DE 5 A 8 DIAS \u00daTEIS<\/strong><\/p>\n","protected":false},"featured_media":2076,"template":"","meta":{"_acf_changed":false},"product_brand":[],"product_cat":[161],"product_tag":[265,233],"class_list":{"0":"post-2347","1":"product","2":"type-product","3":"status-publish","4":"has-post-thumbnail","6":"product_cat-acucar-e-alcool","7":"product_tag-biodegradavel-e-atoxico-de-grau-alimenticio","8":"product_tag-oleo-100-sintetico","10":"first","11":"instock","12":"shipping-taxable","13":"purchasable","14":"product-type-variable"},"acf":[],"_links":{"self":[{"href":"https:\/\/molygrafit.com\/br\/wp-json\/wp\/v2\/product\/2347","targetHints":{"allow":["GET"]}}],"collection":[{"href":"https:\/\/molygrafit.com\/br\/wp-json\/wp\/v2\/product"}],"about":[{"href":"https:\/\/molygrafit.com\/br\/wp-json\/wp\/v2\/types\/product"}],"wp:featuredmedia":[{"embeddable":true,"href":"https:\/\/molygrafit.com\/br\/wp-json\/wp\/v2\/media\/2076"}],"wp:attachment":[{"href":"https:\/\/molygrafit.com\/br\/wp-json\/wp\/v2\/media?parent=2347"}],"wp:term":[{"taxonomy":"product_brand","embeddable":true,"href":"https:\/\/molygrafit.com\/br\/wp-json\/wp\/v2\/product_brand?post=2347"},{"taxonomy":"product_cat","embeddable":true,"href":"https:\/\/molygrafit.com\/br\/wp-json\/wp\/v2\/product_cat?post=2347"},{"taxonomy":"product_tag","embeddable":true,"href":"https:\/\/molygrafit.com\/br\/wp-json\/wp\/v2\/product_tag?post=2347"}],"curies":[{"name":"wp","href":"https:\/\/api.w.org\/{rel}","templated":true}]}}