{"id":2348,"date":"2021-05-25T15:47:40","date_gmt":"2021-05-25T18:47:40","guid":{"rendered":"https:\/\/molygrafit.com\/br\/producto\/import-placeholder-for-1863\/"},"modified":"2023-10-30T13:50:33","modified_gmt":"2023-10-30T16:50:33","slug":"oleo-100-sintetico-para-extrusao-e-forjamento-de-metais-nao-ferrosos-e-produtos-vitreos","status":"publish","type":"product","link":"https:\/\/molygrafit.com\/br\/produto\/oleo-100-sintetico-para-extrusao-e-forjamento-de-metais-nao-ferrosos-e-produtos-vitreos\/","title":{"rendered":"FDV > \u00d3LEO 100% SINT\u00c9TICO, PARA EXTRUS\u00c3O E FORJAMENTO DE METAIS N\u00c3O FERROSOS E PRODUTOS VITREOS."},"content":{"rendered":"<ul>\n<li>Apar\u00eancia: L\u00edquido Homog\u00eaneo Castanho<\/li>\n<li>Viscosidade: ISO VG 150<\/li>\n<li>Solubilidade em \u00e1gua: insol\u00favel em \u00e1gua,\u00a0sol\u00favel em clorados e alif\u00e1ticos<\/li>\n<\/ul>\n","protected":false},"excerpt":{"rendered":"<p>\u00d3leo totalmente sint\u00e9tico para extrus\u00e3o e forjamento de metais n\u00e3o ferrosos e produtos\u00a0v\u00edtreos.<\/p>\n<p>Possui em sua formula\u00e7\u00e3o agentes adesivos e lubrificantes que proporcionam \u00f3timo\u00a0acabamento com m\u00ednimo desgaste do ferramental.<\/p>\n<p>Por ser totalmente sint\u00e9tico, n\u00e3o\u00a0carboniza, n\u00e3o gera incrustra\u00e7\u00f5es, vapores ou fuma\u00e7a, aumentando a vida \u00fatil dos moldes.<\/p>\n<p>Produto at\u00f3xico, podendo eventualmente entrar em contato com produtos aliment\u00edcios.<\/p>\n<p>Apresenta alto ponto de fulgor, n\u00e3o \u00e9 inflam\u00e1vel e n\u00e3o causa dermatites.<\/p>\n<p><strong>PRAZO DE PRODU\u00c7\u00c3O: DE 5 A 8 DIAS \u00daTEIS<\/strong><\/p>\n","protected":false},"featured_media":2076,"template":"","meta":{"_acf_changed":false},"product_brand":[],"product_cat":[154,165],"product_tag":[233,266],"class_list":{"0":"post-2348","1":"product","2":"type-product","3":"status-publish","4":"has-post-thumbnail","6":"product_cat-forjaria","7":"product_cat-vidros","8":"product_tag-oleo-100-sintetico","9":"product_tag-para-extrusao-e-forjamento-de-metais-nao-ferrosos-e-produtos-vitreos","11":"first","12":"instock","13":"shipping-taxable","14":"purchasable","15":"product-type-variable"},"acf":[],"_links":{"self":[{"href":"https:\/\/molygrafit.com\/br\/wp-json\/wp\/v2\/product\/2348","targetHints":{"allow":["GET"]}}],"collection":[{"href":"https:\/\/molygrafit.com\/br\/wp-json\/wp\/v2\/product"}],"about":[{"href":"https:\/\/molygrafit.com\/br\/wp-json\/wp\/v2\/types\/product"}],"wp:featuredmedia":[{"embeddable":true,"href":"https:\/\/molygrafit.com\/br\/wp-json\/wp\/v2\/media\/2076"}],"wp:attachment":[{"href":"https:\/\/molygrafit.com\/br\/wp-json\/wp\/v2\/media?parent=2348"}],"wp:term":[{"taxonomy":"product_brand","embeddable":true,"href":"https:\/\/molygrafit.com\/br\/wp-json\/wp\/v2\/product_brand?post=2348"},{"taxonomy":"product_cat","embeddable":true,"href":"https:\/\/molygrafit.com\/br\/wp-json\/wp\/v2\/product_cat?post=2348"},{"taxonomy":"product_tag","embeddable":true,"href":"https:\/\/molygrafit.com\/br\/wp-json\/wp\/v2\/product_tag?post=2348"}],"curies":[{"name":"wp","href":"https:\/\/api.w.org\/{rel}","templated":true}]}}