{"id":2352,"date":"2021-05-25T15:47:40","date_gmt":"2021-05-25T18:47:40","guid":{"rendered":"https:\/\/molygrafit.com\/br\/producto\/import-placeholder-for-1867\/"},"modified":"2023-10-30T13:56:43","modified_gmt":"2023-10-30T16:56:43","slug":"aerossol-antirrespingo-para-soldas","status":"publish","type":"product","link":"https:\/\/molygrafit.com\/br\/produto\/aerossol-antirrespingo-para-soldas\/","title":{"rendered":"AR-II > AEROSSOL ANTIRRESPINGO PARA SOLDAS."},"content":{"rendered":"","protected":false},"excerpt":{"rendered":"<p>MOLYGRAFIT AR-II \u00e9 um produto especialmente desenvolvido para prevenir respingos de soldas\u00a0em pe\u00e7as ou bocais.<\/p>\n<p>Produto n\u00e3o inflam\u00e1vel, sendo econ\u00f4mico e de f\u00e1cil aplica\u00e7\u00e3o.<\/p>\n<p>Por n\u00e3o conter silicone, pode ser utilizado em pe\u00e7as que venham a sofrer tratamento posterior,\u00a0como: pinturas, cromea\u00e7\u00e3o, etc.<\/p>\n<p>Multiplica a vida \u00fatil dos bocais. Produto completamente inerte, n\u00e3o afetando o processo de solda.<\/p>\n<p>Uma s\u00f3 aplica\u00e7\u00e3o proporciona uma duradoura prote\u00e7\u00e3o.<\/p>\n<p>Aumenta a produtividade, pois diminui consideravelmente o n\u00famero de pe\u00e7as a serem lixadas ou\u00a0refeitas.<\/p>\n<p><strong>CONT\u00c9M 400grs<\/strong><\/p>\n<p><strong>PRAZO DE PRODU\u00c7\u00c3O: DE 5 A 8 DIAS \u00daTEIS<\/strong><\/p>\n","protected":false},"featured_media":2085,"template":"","meta":{"_acf_changed":false},"product_brand":[],"product_cat":[159,157,169],"product_tag":[263],"class_list":{"0":"post-2352","1":"product","2":"type-product","3":"status-publish","4":"has-post-thumbnail","6":"product_cat-aplicacoes-comuns","7":"product_cat-metalurgica","8":"product_cat-siderurgica","9":"product_tag-aerossol-antirrespingo-para-soldas","11":"first","12":"instock","13":"shipping-taxable","14":"purchasable","15":"product-type-simple"},"acf":[],"_links":{"self":[{"href":"https:\/\/molygrafit.com\/br\/wp-json\/wp\/v2\/product\/2352","targetHints":{"allow":["GET"]}}],"collection":[{"href":"https:\/\/molygrafit.com\/br\/wp-json\/wp\/v2\/product"}],"about":[{"href":"https:\/\/molygrafit.com\/br\/wp-json\/wp\/v2\/types\/product"}],"wp:featuredmedia":[{"embeddable":true,"href":"https:\/\/molygrafit.com\/br\/wp-json\/wp\/v2\/media\/2085"}],"wp:attachment":[{"href":"https:\/\/molygrafit.com\/br\/wp-json\/wp\/v2\/media?parent=2352"}],"wp:term":[{"taxonomy":"product_brand","embeddable":true,"href":"https:\/\/molygrafit.com\/br\/wp-json\/wp\/v2\/product_brand?post=2352"},{"taxonomy":"product_cat","embeddable":true,"href":"https:\/\/molygrafit.com\/br\/wp-json\/wp\/v2\/product_cat?post=2352"},{"taxonomy":"product_tag","embeddable":true,"href":"https:\/\/molygrafit.com\/br\/wp-json\/wp\/v2\/product_tag?post=2352"}],"curies":[{"name":"wp","href":"https:\/\/api.w.org\/{rel}","templated":true}]}}