{"id":2353,"date":"2021-05-25T15:47:40","date_gmt":"2021-05-25T18:47:40","guid":{"rendered":"https:\/\/molygrafit.com\/br\/producto\/import-placeholder-for-1868\/"},"modified":"2023-10-30T13:57:19","modified_gmt":"2023-10-30T16:57:19","slug":"aerossol-contra-oxidacao-e-corrosao","status":"publish","type":"product","link":"https:\/\/molygrafit.com\/br\/produto\/aerossol-contra-oxidacao-e-corrosao\/","title":{"rendered":"AP > AEROSSOL CONTRA OXIDA\u00c7\u00c3O E CORROS\u00c3O."},"content":{"rendered":"<p>VANTAGENS<\/p>\n<ul>\n<li>Produto n\u00e3o inflam\u00e1vel;<\/li>\n<li>F\u00e1cil de usar, penetra em todas as cavidades;<\/li>\n<li>Colorido para visualiza\u00e7\u00e3o das pe\u00e7as tratadas;<\/li>\n<li>Suporta longos per\u00edodos em ambientes fechados;<\/li>\n<li>Possui secagem r\u00e1pida, n\u00e3o necessitando de limpeza para montagem;<\/li>\n<li>Teste de n\u00e9voa salina (Salt Spray) DIN 50907 \u2013 48 horas, m\u00ednimo.<\/li>\n<\/ul>\n","protected":false},"excerpt":{"rendered":"<p>Protege pe\u00e7as met\u00e1licas contra oxida\u00e7\u00e3o e corros\u00e3o.<\/p>\n<p>Pode ser utilizado em pe\u00e7as estocadas entre opera\u00e7\u00f5es ou quando embaladas para expedi\u00e7\u00e3o e remessa.<\/p>\n<p>Forma um filme ultra fino (2 a 3 microns), n\u00e3o necessitando de remo\u00e7\u00e3o.<\/p>\n<p>\u00c9 ideal para moldes de inje\u00e7\u00e3o pl\u00e1stica, podendo operar sem a remo\u00e7\u00e3o do protetivo, pois este evapora ap\u00f3s a primeira inje\u00e7\u00e3o.<\/p>\n<p>Sendo totalmente sint\u00e9tico, n\u00e3o forma incrusta\u00e7\u00f5es mantendo o equipamento limpo, diminuindo as paradas para manuten\u00e7\u00e3o.<\/p>\n<p>Atua como desaguante, podendo ser utilizado para remover \u00e1gua inclusive em equipamentos eletroeletr\u00f4nicos.<\/p>\n<p>Suporta atmosferas agressivas e \u00famidas.<\/p>\n<p>Molygrafit AP \u00e9 fornecido em aerossol, podendo tamb\u00e9m ser fornecido a granel (MOLYGRAFIT AP\/L) e incolor.<\/p>\n<p><strong>CONT\u00c9M 400grs<\/strong><\/p>\n<p><strong>PRAZO DE PRODU\u00c7\u00c3O: DE 5 A 8 DIAS \u00daTEIS<\/strong><\/p>\n","protected":false},"featured_media":2084,"template":"","meta":{"_acf_changed":false},"product_brand":[],"product_cat":[159,160,157,155,168],"product_tag":[264],"class_list":{"0":"post-2353","1":"product","2":"type-product","3":"status-publish","4":"has-post-thumbnail","6":"product_cat-aplicacoes-comuns","7":"product_cat-mecanica","8":"product_cat-metalurgica","9":"product_cat-offshore-naval","10":"product_cat-plastico","11":"product_tag-aerossol-contra-oxidacao-e-corrosao","13":"first","14":"instock","15":"shipping-taxable","16":"purchasable","17":"product-type-simple"},"acf":[],"_links":{"self":[{"href":"https:\/\/molygrafit.com\/br\/wp-json\/wp\/v2\/product\/2353","targetHints":{"allow":["GET"]}}],"collection":[{"href":"https:\/\/molygrafit.com\/br\/wp-json\/wp\/v2\/product"}],"about":[{"href":"https:\/\/molygrafit.com\/br\/wp-json\/wp\/v2\/types\/product"}],"wp:featuredmedia":[{"embeddable":true,"href":"https:\/\/molygrafit.com\/br\/wp-json\/wp\/v2\/media\/2084"}],"wp:attachment":[{"href":"https:\/\/molygrafit.com\/br\/wp-json\/wp\/v2\/media?parent=2353"}],"wp:term":[{"taxonomy":"product_brand","embeddable":true,"href":"https:\/\/molygrafit.com\/br\/wp-json\/wp\/v2\/product_brand?post=2353"},{"taxonomy":"product_cat","embeddable":true,"href":"https:\/\/molygrafit.com\/br\/wp-json\/wp\/v2\/product_cat?post=2353"},{"taxonomy":"product_tag","embeddable":true,"href":"https:\/\/molygrafit.com\/br\/wp-json\/wp\/v2\/product_tag?post=2353"}],"curies":[{"name":"wp","href":"https:\/\/api.w.org\/{rel}","templated":true}]}}