{"id":2354,"date":"2021-05-25T15:47:40","date_gmt":"2021-05-25T18:47:40","guid":{"rendered":"https:\/\/molygrafit.com\/br\/producto\/import-placeholder-for-1869\/"},"modified":"2023-09-26T15:03:15","modified_gmt":"2023-09-26T18:03:15","slug":"graxa-branca-em-aerossol-para-lubrificar-por-longos-periodos","status":"publish","type":"product","link":"https:\/\/molygrafit.com\/br\/produto\/graxa-branca-em-aerossol-para-lubrificar-por-longos-periodos\/","title":{"rendered":"AGLI-2\/B > GRAXA BRANCA EM AEROSSOL PARA LUBRIFICAR POR LONGOS PER\u00cdODOS."},"content":{"rendered":"<ul>\n<li>Cor: Branca Leitosa<\/li>\n<li>\u00d3leo B\u00e1sico: Mineral Puro<\/li>\n<li>Espessante: Sab\u00e3o Met\u00e1lico<\/li>\n<li>Consist\u00eancia NLGI: 2<\/li>\n<li>Penetra\u00e7\u00e3o Trabalhada: 265 &#8211; 295<\/li>\n<li>Temperatura de Uso: -20\u00baC a 150\u00baC<\/li>\n<li>Separa\u00e7\u00e3o de \u00d3leo 12 horas a 120\u00baC: menor que 2%<\/li>\n<\/ul>\n","protected":false},"excerpt":{"rendered":"<p>Graxa de sab\u00e3o met\u00e1lico, em aerossol, para m\u00faltiplas aplica\u00e7\u00f5es. Resiste a atmosferas agressivas e\/ou \u00famidas.<\/p>\n<p>Proporciona lubrifica\u00e7\u00e3o eficaz sob altas temperaturas por longos per\u00edodos.<\/p>\n<p>Pode ser aplicada em correntes, rolamentos, mancais, uni\u00f5es rotativas, pinos extratores, etc.<\/p>\n<p>Possui em sua formula\u00e7\u00e3o antioxidantes, anticorrosivos, agentes de adesividade, etc.<\/p>\n<p>Produto at\u00f3xico, podendo lubrificar equipamentos que produzam alimentos.<\/p>\n<p><strong>CONT\u00c9M 400grs<\/strong><\/p>\n<p><strong>PRAZO DE PRODU\u00c7\u00c3O: DE 5 A 8 DIAS \u00daTEIS<\/strong><\/p>\n","protected":false},"featured_media":2083,"template":"","meta":{"_acf_changed":false},"product_brand":[],"product_cat":[159,155],"product_tag":[267],"class_list":{"0":"post-2354","1":"product","2":"type-product","3":"status-publish","4":"has-post-thumbnail","6":"product_cat-aplicacoes-comuns","7":"product_cat-offshore-naval","8":"product_tag-graxa-branca-em-aerossol-para-lubrificar-por-longos-periodos","10":"first","11":"instock","12":"shipping-taxable","13":"purchasable","14":"product-type-simple"},"acf":[],"_links":{"self":[{"href":"https:\/\/molygrafit.com\/br\/wp-json\/wp\/v2\/product\/2354","targetHints":{"allow":["GET"]}}],"collection":[{"href":"https:\/\/molygrafit.com\/br\/wp-json\/wp\/v2\/product"}],"about":[{"href":"https:\/\/molygrafit.com\/br\/wp-json\/wp\/v2\/types\/product"}],"wp:featuredmedia":[{"embeddable":true,"href":"https:\/\/molygrafit.com\/br\/wp-json\/wp\/v2\/media\/2083"}],"wp:attachment":[{"href":"https:\/\/molygrafit.com\/br\/wp-json\/wp\/v2\/media?parent=2354"}],"wp:term":[{"taxonomy":"product_brand","embeddable":true,"href":"https:\/\/molygrafit.com\/br\/wp-json\/wp\/v2\/product_brand?post=2354"},{"taxonomy":"product_cat","embeddable":true,"href":"https:\/\/molygrafit.com\/br\/wp-json\/wp\/v2\/product_cat?post=2354"},{"taxonomy":"product_tag","embeddable":true,"href":"https:\/\/molygrafit.com\/br\/wp-json\/wp\/v2\/product_tag?post=2354"}],"curies":[{"name":"wp","href":"https:\/\/api.w.org\/{rel}","templated":true}]}}