{"id":2355,"date":"2021-05-25T15:47:41","date_gmt":"2021-05-25T18:47:41","guid":{"rendered":"https:\/\/molygrafit.com\/br\/producto\/import-placeholder-for-1870\/"},"modified":"2025-11-11T12:12:49","modified_gmt":"2025-11-11T15:12:49","slug":"afs-filme-aderente-e-lubrificante-nao-adere-po-diminui-o-desgaste","status":"publish","type":"product","link":"https:\/\/molygrafit.com\/br\/produto\/afs-filme-aderente-e-lubrificante-nao-adere-po-diminui-o-desgaste\/","title":{"rendered":"AFS > FILME ADERENTE E LUBRIFICANTE, N\u00c3O ADERE P\u00d3, DIMINUI O DESGASTE."},"content":{"rendered":"<ul>\n<li>Tempo de secagem a 25\u00baC: 60 segundos<\/li>\n<li>Temperatura de trabalho: -20\u00ba a 450\u00baC<span class=\"Apple-converted-space\">\u00a0<\/span><\/li>\n<li>Corros\u00e3o c\u00e2mara salina: m\u00ednimo 48 horas<\/li>\n<li>Lubrificante S\u00f3lido: Bissulfeto de Molibd\u00eanio<\/li>\n<li>Pureza MoS2: 99%<\/li>\n<li>Tamanho m\u00e9dio das part\u00edculas: 0,5 microns<\/li>\n<\/ul>\n","protected":false},"excerpt":{"rendered":"<p>MOLYGRAFIT AFS \u00e9 um aerossol de lubrificante seco para aplica\u00e7\u00f5es onde \u00f3leos e graxas n\u00e3o atendem as especifica\u00e7\u00f5es de uso.<\/p>\n<p>Produto formulado com Bissulfeto de Molibd\u00eanio e resinas especiais, forma um filme aderente e lubrificante, diminuindo desgaste sem ader\u00eancia de p\u00f3 ou perigo de inflamabilidade.<\/p>\n<p>Suporta altas press\u00f5es, \u00e1cidos, alcalis, umidade, preservando o equipamento de efeitos nocivos de ambientes agressivos.<\/p>\n<p><strong>CONT\u00c9M 400grs<\/strong><\/p>\n<p><strong>PRAZO DE PRODU\u00c7\u00c3O: DE 5 A 8 DIAS \u00daTEIS<\/strong><\/p>\n","protected":false},"featured_media":2088,"template":"","meta":{"_acf_changed":false},"product_brand":[],"product_cat":[159,156],"product_tag":[244,242,243],"class_list":{"0":"post-2355","1":"product","2":"type-product","3":"status-publish","4":"has-post-thumbnail","6":"product_cat-aplicacoes-comuns","7":"product_cat-textil","8":"product_tag-diminui-o-desgaste","9":"product_tag-filme-aderente-e-lubrificante","10":"product_tag-nao-adere-po","12":"first","13":"instock","14":"shipping-taxable","15":"purchasable","16":"product-type-simple"},"acf":[],"_links":{"self":[{"href":"https:\/\/molygrafit.com\/br\/wp-json\/wp\/v2\/product\/2355","targetHints":{"allow":["GET"]}}],"collection":[{"href":"https:\/\/molygrafit.com\/br\/wp-json\/wp\/v2\/product"}],"about":[{"href":"https:\/\/molygrafit.com\/br\/wp-json\/wp\/v2\/types\/product"}],"wp:featuredmedia":[{"embeddable":true,"href":"https:\/\/molygrafit.com\/br\/wp-json\/wp\/v2\/media\/2088"}],"wp:attachment":[{"href":"https:\/\/molygrafit.com\/br\/wp-json\/wp\/v2\/media?parent=2355"}],"wp:term":[{"taxonomy":"product_brand","embeddable":true,"href":"https:\/\/molygrafit.com\/br\/wp-json\/wp\/v2\/product_brand?post=2355"},{"taxonomy":"product_cat","embeddable":true,"href":"https:\/\/molygrafit.com\/br\/wp-json\/wp\/v2\/product_cat?post=2355"},{"taxonomy":"product_tag","embeddable":true,"href":"https:\/\/molygrafit.com\/br\/wp-json\/wp\/v2\/product_tag?post=2355"}],"curies":[{"name":"wp","href":"https:\/\/api.w.org\/{rel}","templated":true}]}}