{"id":2357,"date":"2021-05-25T15:47:41","date_gmt":"2021-05-25T18:47:41","guid":{"rendered":"https:\/\/molygrafit.com\/br\/producto\/import-placeholder-for-1872\/"},"modified":"2023-09-26T14:58:34","modified_gmt":"2023-09-26T17:58:34","slug":"ae-limpa-circuitos-eletronicos","status":"publish","type":"product","link":"https:\/\/molygrafit.com\/br\/produto\/ae-limpa-circuitos-eletronicos\/","title":{"rendered":"AE > LIMPA CIRCUITOS ELETR\u00d4NICOS."},"content":{"rendered":"<p>Apar\u00eancia: L\u00edquido incolor com odor caracter\u00edstico<\/p>\n<p>Viscosidade a 20\u00baC: 1 cSt<\/p>\n<p>Ponto de Fulgor: N\/A<\/p>\n<p>Ponto m\u00ednimo de fluidez: -100\u00baC<\/p>\n<p>Densidade a 25\u00baC: 1,25 g\/cm3<\/p>\n<p>Tens\u00e3o superficial: 18,4 m.N\/m<span class=\"Apple-converted-space\">\u00a0<\/span><\/p>\n<p>Ponto de ebuli\u00e7\u00e3o a 1 atm: 32 \u00baC<\/p>\n<p>Kauri Butanol: 51<\/p>\n","protected":false},"excerpt":{"rendered":"<p>Produto especialmente desenvolvido para limpeza de circuitos eletr\u00f4nicos e pe\u00e7as em geral.<\/p>\n<p>Inerte a maioria dos pl\u00e1sticos, n\u00e3o ataca circuitos eletr\u00f4nicos, soldas e borrachas.<\/p>\n<p>Seca ao ar rapidamente, otimizando os processos de limpeza.<\/p>\n<p>Pode ser aplicado em pe\u00e7as com cavidades profundas e tamb\u00e9m em equipamentos de ultra-som.<\/p>\n<p>Produto n\u00e3o inflam\u00e1vel e n\u00e3o t\u00f3xico; n\u00e3o ataca a camada de oz\u00f4nio, pois n\u00e3o cont\u00e9m CFC,\u00a0oferecendo seguran\u00e7a ao operador.<\/p>\n<p>Pode ser utilizado com equipamento energizado at\u00e9 250 Volts.<\/p>\n<p><strong>CONT\u00c9M 400grs<\/strong><\/p>\n<p><strong>PRAZO DE PRODU\u00c7\u00c3O: DE 5 A 8 DIAS \u00daTEIS<\/strong><\/p>\n","protected":false},"featured_media":2081,"template":"","meta":{"_acf_changed":false},"product_brand":[],"product_cat":[159,166],"product_tag":[232],"class_list":{"0":"post-2357","1":"product","2":"type-product","3":"status-publish","4":"has-post-thumbnail","6":"product_cat-aplicacoes-comuns","7":"product_cat-eletroeletronica","8":"product_tag-limpa-circuitos-eletronicos","10":"first","11":"instock","12":"shipping-taxable","13":"purchasable","14":"product-type-simple"},"acf":[],"_links":{"self":[{"href":"https:\/\/molygrafit.com\/br\/wp-json\/wp\/v2\/product\/2357","targetHints":{"allow":["GET"]}}],"collection":[{"href":"https:\/\/molygrafit.com\/br\/wp-json\/wp\/v2\/product"}],"about":[{"href":"https:\/\/molygrafit.com\/br\/wp-json\/wp\/v2\/types\/product"}],"wp:featuredmedia":[{"embeddable":true,"href":"https:\/\/molygrafit.com\/br\/wp-json\/wp\/v2\/media\/2081"}],"wp:attachment":[{"href":"https:\/\/molygrafit.com\/br\/wp-json\/wp\/v2\/media?parent=2357"}],"wp:term":[{"taxonomy":"product_brand","embeddable":true,"href":"https:\/\/molygrafit.com\/br\/wp-json\/wp\/v2\/product_brand?post=2357"},{"taxonomy":"product_cat","embeddable":true,"href":"https:\/\/molygrafit.com\/br\/wp-json\/wp\/v2\/product_cat?post=2357"},{"taxonomy":"product_tag","embeddable":true,"href":"https:\/\/molygrafit.com\/br\/wp-json\/wp\/v2\/product_tag?post=2357"}],"curies":[{"name":"wp","href":"https:\/\/api.w.org\/{rel}","templated":true}]}}