{"id":2358,"date":"2021-05-25T15:47:41","date_gmt":"2021-05-25T18:47:41","guid":{"rendered":"https:\/\/molygrafit.com\/br\/producto\/import-placeholder-for-1873\/"},"modified":"2023-09-26T14:56:33","modified_gmt":"2023-09-26T17:56:33","slug":"ad-s-aerossol-desmoldante-a-base-de-silicone","status":"publish","type":"product","link":"https:\/\/molygrafit.com\/br\/produto\/ad-s-aerossol-desmoldante-a-base-de-silicone\/","title":{"rendered":"AD\/S > AEROSSOL DESMOLDANTE A BASE DE SILICONE."},"content":{"rendered":"","protected":false},"excerpt":{"rendered":"<div class=\"page\" title=\"Page 1\">\n<div class=\"layoutArea\">\n<div class=\"column\">\n<p>Desmoldante siliconado para inje\u00e7\u00e3o de todo tipo de pl\u00e1stico.<\/p>\n<p>Possui baixa tens\u00e3o superficial, penetrando em todos os orif\u00edcios dos moldes, desmoldando pe\u00e7as intricadas com facilidade.<\/p>\n<p>Produto econ\u00f4mico; uma aplica\u00e7\u00e3o proporciona diversas desmoldagens.<\/p>\n<p>Produto at\u00f3xico, podendo ser utilizado em ind\u00fastrias aliment\u00edcias e farmac\u00eauticas.<\/p>\n<p>Pode ser utilizado como lubrificante em servi\u00e7os leves, como: correntes transportadoras, mancais, etc.<\/p>\n<p>Produto hidrorrepelente, recomendado para impermeabilizar e proteger pe\u00e7as em ambientes \u00famidos.<\/p>\n<p>Antiest\u00e1tico; lubrifica equipamentos t\u00eaxteis sem ader\u00eancia de p\u00f3.<\/p>\n<p>MOLYGRAFIT AD\/S \u00e9 transparente e n\u00e3o suja; portanto \u00e9 recomendado para a ind\u00fastria eletro-eletr\u00f4nica, para lubrifica\u00e7\u00e3o de engrenagens, polias, rotores el\u00e9tricos, etc.<\/p>\n<p>Aerossol envasado com C02 (g\u00e1s carb\u00f4nico &#8211; propelente n\u00e3o inflam\u00e1vel); oferece seguran\u00e7a para o operador.<span class=\"Apple-converted-space\">\u00a0<\/span><\/p>\n<p><strong>CONT\u00c9M 400grs<\/strong><\/p>\n<p><strong>PRAZO DE PRODU\u00c7\u00c3O: DE 5 A 8 DIAS \u00daTEIS<\/strong><\/p>\n<\/div>\n<\/div>\n<\/div>\n","protected":false},"featured_media":2087,"template":"","meta":{"_acf_changed":false},"product_brand":[],"product_cat":[168,156],"product_tag":[245],"class_list":{"0":"post-2358","1":"product","2":"type-product","3":"status-publish","4":"has-post-thumbnail","6":"product_cat-plastico","7":"product_cat-textil","8":"product_tag-aerossol-desmoldante-a-base-de-silicone","10":"first","11":"instock","12":"shipping-taxable","13":"purchasable","14":"product-type-simple"},"acf":[],"_links":{"self":[{"href":"https:\/\/molygrafit.com\/br\/wp-json\/wp\/v2\/product\/2358","targetHints":{"allow":["GET"]}}],"collection":[{"href":"https:\/\/molygrafit.com\/br\/wp-json\/wp\/v2\/product"}],"about":[{"href":"https:\/\/molygrafit.com\/br\/wp-json\/wp\/v2\/types\/product"}],"wp:featuredmedia":[{"embeddable":true,"href":"https:\/\/molygrafit.com\/br\/wp-json\/wp\/v2\/media\/2087"}],"wp:attachment":[{"href":"https:\/\/molygrafit.com\/br\/wp-json\/wp\/v2\/media?parent=2358"}],"wp:term":[{"taxonomy":"product_brand","embeddable":true,"href":"https:\/\/molygrafit.com\/br\/wp-json\/wp\/v2\/product_brand?post=2358"},{"taxonomy":"product_cat","embeddable":true,"href":"https:\/\/molygrafit.com\/br\/wp-json\/wp\/v2\/product_cat?post=2358"},{"taxonomy":"product_tag","embeddable":true,"href":"https:\/\/molygrafit.com\/br\/wp-json\/wp\/v2\/product_tag?post=2358"}],"curies":[{"name":"wp","href":"https:\/\/api.w.org\/{rel}","templated":true}]}}