{"id":2360,"date":"2021-05-25T15:47:41","date_gmt":"2021-05-25T18:47:41","guid":{"rendered":"https:\/\/molygrafit.com\/br\/producto\/import-placeholder-for-1875\/"},"modified":"2023-09-26T14:59:40","modified_gmt":"2023-09-26T17:59:40","slug":"acf-aerossol-atoxico","status":"publish","type":"product","link":"https:\/\/molygrafit.com\/br\/produto\/acf-aerossol-atoxico\/","title":{"rendered":"ACF > AEROSSOL AT\u00d3XICO."},"content":{"rendered":"<div class=\"page\" title=\"Page 1\">\n<div class=\"layoutArea\">\n<div class=\"column\">\n<p><strong>VANTAGENS:<\/strong><\/p>\n<\/div>\n<\/div>\n<\/div>\n<ul>\n<li>Propelente n\u00e3o inflam\u00e1vel;<\/li>\n<li>N\u00e3o ataca a camada de oz\u00f4nio;<\/li>\n<li>N\u00e3o adere p\u00f3 ou sujeira;<\/li>\n<li>Pode ser aplicado com o equipamento em movimento<\/li>\n<\/ul>\n","protected":false},"excerpt":{"rendered":"<p>\u00d3leo lubrificante em aerossol, formulado especialmente para correntes industriais que operem sob condi\u00e7\u00f5es severas de umidade e\/ou ambientes agressivos.<\/p>\n<p>Possui \u00f3tima penetrabilidade, lubrificando a corrente em suas partes internas.<\/p>\n<p>Produto altamente adesivo possui viscosidade ISO VG 1500, n\u00e3o pinga ou espirra em alta velocidade.<\/p>\n<p>Formulado com produtos medicinais, podendo entrar em contato eventual com alimentos ou produtos farmac\u00eauticos. Possui PTFE como lubrificante s\u00f3lido, resistindo melhor ao desgaste.<\/p>\n<p>MOLYGRAFIT ACF possui alto ponto de fulgor (220 \u00baC) sendo seguro ao operador, mesmo operando a altas temperaturas, podendo operar entre -15 \u00baC a 180 \u00baC.<\/p>\n<p>Pode ser fornecido em aerossol ou a granel (ACF\/L).<\/p>\n<p><strong>CONT\u00c9M 400grs<\/strong><\/p>\n<p><strong>PRAZO DE PRODU\u00c7\u00c3O: DE 5 A 8 DIAS \u00daTEIS<\/strong><\/p>\n","protected":false},"featured_media":2075,"template":"","meta":{"_acf_changed":false},"product_brand":[],"product_cat":[162],"product_tag":[237,333],"class_list":{"0":"post-2360","1":"product","2":"type-product","3":"status-publish","4":"has-post-thumbnail","6":"product_cat-alimenticia-farmaceutica","7":"product_tag-aerossol-atoxico","8":"product_tag-spray-atoxico","10":"first","11":"instock","12":"shipping-taxable","13":"purchasable","14":"product-type-simple"},"acf":[],"_links":{"self":[{"href":"https:\/\/molygrafit.com\/br\/wp-json\/wp\/v2\/product\/2360","targetHints":{"allow":["GET"]}}],"collection":[{"href":"https:\/\/molygrafit.com\/br\/wp-json\/wp\/v2\/product"}],"about":[{"href":"https:\/\/molygrafit.com\/br\/wp-json\/wp\/v2\/types\/product"}],"wp:featuredmedia":[{"embeddable":true,"href":"https:\/\/molygrafit.com\/br\/wp-json\/wp\/v2\/media\/2075"}],"wp:attachment":[{"href":"https:\/\/molygrafit.com\/br\/wp-json\/wp\/v2\/media?parent=2360"}],"wp:term":[{"taxonomy":"product_brand","embeddable":true,"href":"https:\/\/molygrafit.com\/br\/wp-json\/wp\/v2\/product_brand?post=2360"},{"taxonomy":"product_cat","embeddable":true,"href":"https:\/\/molygrafit.com\/br\/wp-json\/wp\/v2\/product_cat?post=2360"},{"taxonomy":"product_tag","embeddable":true,"href":"https:\/\/molygrafit.com\/br\/wp-json\/wp\/v2\/product_tag?post=2360"}],"curies":[{"name":"wp","href":"https:\/\/api.w.org\/{rel}","templated":true}]}}