{"id":2361,"date":"2021-05-25T15:47:41","date_gmt":"2021-05-25T18:47:41","guid":{"rendered":"https:\/\/molygrafit.com\/br\/producto\/import-placeholder-for-1876\/"},"modified":"2023-09-26T14:24:26","modified_gmt":"2023-09-26T17:24:26","slug":"ac-aerossol-para-correntes-industriais","status":"publish","type":"product","link":"https:\/\/molygrafit.com\/br\/produto\/ac-aerossol-para-correntes-industriais\/","title":{"rendered":"AC > AEROSSOL PARA CORRENTES INDUSTRIAIS."},"content":{"rendered":"<p><b>VANTAGENS:<\/b><\/p>\n<ul>\n<li>Propelente n\u00e3o inflam\u00e1vel;<\/li>\n<li>N\u00e3o ataca a camada de oz\u00f4nio;<\/li>\n<li>N\u00e3o adere p\u00f3 ou sujeira;<\/li>\n<li>Pode ser aplicado com o equipamento em movimento<span class=\"Apple-converted-space\">\u00a0<\/span><\/li>\n<\/ul>\n","protected":false},"excerpt":{"rendered":"<p>\u00d3leo lubrificante formulado especialmente para correntes industriais que operem sob condi\u00e7\u00f5es severas de umidade e\/ou ambientes agressivos.<\/p>\n<p>Possui \u00f3tima penetrabilidade, lubrificando a corrente em suas partes internas.<\/p>\n<p>N\u00e3o pinga ou espirra em alta velocidade.<\/p>\n<p>\u00c9 formulado com Bissulfeto de Molibd\u00eanio, o que o faz resistir a altas cargas.<\/p>\n<p>Pode ser fornecido em aerossol ou a granel.<\/p>\n<p><strong>CONT\u00c9M 400grs<\/strong><\/p>\n<p><strong>PRAZO DE PRODU\u00c7\u00c3O: DE 5 A 8 DIAS \u00daTEIS<\/strong><\/p>\n","protected":false},"featured_media":2078,"template":"","meta":{"_acf_changed":false},"product_brand":[],"product_cat":[159],"product_tag":[241],"class_list":{"0":"post-2361","1":"product","2":"type-product","3":"status-publish","4":"has-post-thumbnail","6":"product_cat-aplicacoes-comuns","7":"product_tag-aerossol-para-correntes-industriais","9":"first","10":"instock","11":"shipping-taxable","12":"purchasable","13":"product-type-simple"},"acf":[],"_links":{"self":[{"href":"https:\/\/molygrafit.com\/br\/wp-json\/wp\/v2\/product\/2361","targetHints":{"allow":["GET"]}}],"collection":[{"href":"https:\/\/molygrafit.com\/br\/wp-json\/wp\/v2\/product"}],"about":[{"href":"https:\/\/molygrafit.com\/br\/wp-json\/wp\/v2\/types\/product"}],"wp:featuredmedia":[{"embeddable":true,"href":"https:\/\/molygrafit.com\/br\/wp-json\/wp\/v2\/media\/2078"}],"wp:attachment":[{"href":"https:\/\/molygrafit.com\/br\/wp-json\/wp\/v2\/media?parent=2361"}],"wp:term":[{"taxonomy":"product_brand","embeddable":true,"href":"https:\/\/molygrafit.com\/br\/wp-json\/wp\/v2\/product_brand?post=2361"},{"taxonomy":"product_cat","embeddable":true,"href":"https:\/\/molygrafit.com\/br\/wp-json\/wp\/v2\/product_cat?post=2361"},{"taxonomy":"product_tag","embeddable":true,"href":"https:\/\/molygrafit.com\/br\/wp-json\/wp\/v2\/product_tag?post=2361"}],"curies":[{"name":"wp","href":"https:\/\/api.w.org\/{rel}","templated":true}]}}