{"id":2362,"date":"2021-05-25T15:47:41","date_gmt":"2021-05-25T18:47:41","guid":{"rendered":"https:\/\/molygrafit.com\/br\/producto\/import-placeholder-for-1877\/"},"modified":"2023-09-26T14:59:07","modified_gmt":"2023-09-26T17:59:07","slug":"ab-aerossol-que-previne-o-deslizamento-de-correias","status":"publish","type":"product","link":"https:\/\/molygrafit.com\/br\/produto\/ab-aerossol-que-previne-o-deslizamento-de-correias\/","title":{"rendered":"AB &#8211; AEROSSOL QUE PREVINE O DESLIZAMENTO DE CORREIAS."},"content":{"rendered":"","protected":false},"excerpt":{"rendered":"<p>Produto sint\u00e9tico desenvolvido especialmente para prevenir deslizamento de correias. F\u00e1cil de aplicar pode ser fornecido em spray ou a granel. Aumenta a tra\u00e7\u00e3o das correias nas polias sem ader\u00eancia de p\u00f3 ou res\u00edduos. Pode ser aplicado com o equipamento em funcionamento, economiza energia e aumenta a vida \u00fatil das correias.<\/p>\n<p>Por ser sint\u00e9tico, n\u00e3o cont\u00e9m produtos betuminosos que sujam e endurecem, desgastando polias e correias.<\/p>\n<p>Produto n\u00e3o inflam\u00e1vel; proporciona \u00f3tima rela\u00e7\u00e3o custo\/benef\u00edcio, economizando tempo, energia e equipamento.<\/p>\n<p><strong>CONT\u00c9M 400grs<\/strong><\/p>\n<p><strong>PRAZO DE PRODU\u00c7\u00c3O: DE 5 A 8 DIAS \u00daTEIS<\/strong><\/p>\n","protected":false},"featured_media":2077,"template":"","meta":{"_acf_changed":false},"product_brand":[],"product_cat":[159],"product_tag":[235],"class_list":{"0":"post-2362","1":"product","2":"type-product","3":"status-publish","4":"has-post-thumbnail","6":"product_cat-aplicacoes-comuns","7":"product_tag-aerossol-que-previne-o-deslizamento-de-correias","9":"first","10":"instock","11":"featured","12":"shipping-taxable","13":"purchasable","14":"product-type-simple"},"acf":[],"_links":{"self":[{"href":"https:\/\/molygrafit.com\/br\/wp-json\/wp\/v2\/product\/2362","targetHints":{"allow":["GET"]}}],"collection":[{"href":"https:\/\/molygrafit.com\/br\/wp-json\/wp\/v2\/product"}],"about":[{"href":"https:\/\/molygrafit.com\/br\/wp-json\/wp\/v2\/types\/product"}],"wp:featuredmedia":[{"embeddable":true,"href":"https:\/\/molygrafit.com\/br\/wp-json\/wp\/v2\/media\/2077"}],"wp:attachment":[{"href":"https:\/\/molygrafit.com\/br\/wp-json\/wp\/v2\/media?parent=2362"}],"wp:term":[{"taxonomy":"product_brand","embeddable":true,"href":"https:\/\/molygrafit.com\/br\/wp-json\/wp\/v2\/product_brand?post=2362"},{"taxonomy":"product_cat","embeddable":true,"href":"https:\/\/molygrafit.com\/br\/wp-json\/wp\/v2\/product_cat?post=2362"},{"taxonomy":"product_tag","embeddable":true,"href":"https:\/\/molygrafit.com\/br\/wp-json\/wp\/v2\/product_tag?post=2362"}],"curies":[{"name":"wp","href":"https:\/\/api.w.org\/{rel}","templated":true}]}}