{"id":2363,"date":"2021-05-25T15:47:41","date_gmt":"2021-05-25T18:47:41","guid":{"rendered":"https:\/\/molygrafit.com\/br\/producto\/import-placeholder-for-1878\/"},"modified":"2023-09-26T14:25:29","modified_gmt":"2023-09-26T17:25:29","slug":"fe-100-c-oleo-100-sintetico-a-base-de-ester-para-compressores","status":"publish","type":"product","link":"https:\/\/molygrafit.com\/br\/produto\/fe-100-c-oleo-100-sintetico-a-base-de-ester-para-compressores\/","title":{"rendered":"FE-100\/C > \u00d3LEO 100% SINT\u00c9TICO, A BASE DE \u00c9STER PARA COMPRESSORES."},"content":{"rendered":"<ul>\n<li>Apar\u00eancia: L\u00edquido Transparente<\/li>\n<li>ClaroViscosidade: ISO VG 100<\/li>\n<li>Ponto m\u00ednimo de fluidez (ISO 3016): &#8211; 30 \u00baC<\/li>\n<li>Solubilidade em \u00e1gua: Insol\u00favel<\/li>\n<li>Ponto de fulgor (DIN 51376): 280 \u00baC<\/li>\n<li>Temperatura de trabalho: -25\u00ba C a 270 \u00baC<span class=\"Apple-converted-space\">\u00a0<\/span><\/li>\n<\/ul>\n","protected":false},"excerpt":{"rendered":"<p>MOLYGRAFIT FE-100\/C \u00e9 um \u00f3leo totalmente sint\u00e9tico, a base de \u00e9ster, para compressores.<\/p>\n<p>Possui em sua formula\u00e7\u00e3o, aditivos, anticorrosivos e antiespumantes.<\/p>\n<p>Produto compat\u00edvel com lubrificantes minerais, lubrifica e sela sem perda da viscosidade.<\/p>\n<p>Possui baixo ponto de fluidez, n\u00e3o congelando nos dutos.<\/p>\n<p>Por ser totalmente sint\u00e9tico, n\u00e3o carboniza, n\u00e3o forma borra e n\u00e3o altera a viscosidade ap\u00f3s longos per\u00edodos. Por essas caracter\u00edsticas \u00e9 especialmente indicado para compressoresalternativos, rotativos ou parafuso.<\/p>\n<p>Quando na troca de lubrificantes, deve-se realizar uma limpeza na m\u00e1quina, se necess\u00e1rio fazer um flushing.<\/p>\n<p>MOLYGRAFIT FE-100\/C n\u00e3o \u00e9 t\u00f3xico, n\u00e3o inflam\u00e1vel, podendo operar em ind\u00fastrias farmac\u00eauticas ou aliment\u00edcias e oferecendo seguran\u00e7a ao operador.<\/p>\n<p><strong>PRAZO DE PRODU\u00c7\u00c3O: DE 5 A 8 DIAS \u00daTEIS<\/strong><\/p>\n","protected":false},"featured_media":2076,"template":"","meta":{"_acf_changed":false},"product_brand":[],"product_cat":[162,159],"product_tag":[234,233],"class_list":{"0":"post-2363","1":"product","2":"type-product","3":"status-publish","4":"has-post-thumbnail","6":"product_cat-alimenticia-farmaceutica","7":"product_cat-aplicacoes-comuns","8":"product_tag-a-base-de-ester-para-compressores","9":"product_tag-oleo-100-sintetico","11":"first","12":"instock","13":"shipping-taxable","14":"purchasable","15":"product-type-variable"},"acf":[],"_links":{"self":[{"href":"https:\/\/molygrafit.com\/br\/wp-json\/wp\/v2\/product\/2363","targetHints":{"allow":["GET"]}}],"collection":[{"href":"https:\/\/molygrafit.com\/br\/wp-json\/wp\/v2\/product"}],"about":[{"href":"https:\/\/molygrafit.com\/br\/wp-json\/wp\/v2\/types\/product"}],"wp:featuredmedia":[{"embeddable":true,"href":"https:\/\/molygrafit.com\/br\/wp-json\/wp\/v2\/media\/2076"}],"wp:attachment":[{"href":"https:\/\/molygrafit.com\/br\/wp-json\/wp\/v2\/media?parent=2363"}],"wp:term":[{"taxonomy":"product_brand","embeddable":true,"href":"https:\/\/molygrafit.com\/br\/wp-json\/wp\/v2\/product_brand?post=2363"},{"taxonomy":"product_cat","embeddable":true,"href":"https:\/\/molygrafit.com\/br\/wp-json\/wp\/v2\/product_cat?post=2363"},{"taxonomy":"product_tag","embeddable":true,"href":"https:\/\/molygrafit.com\/br\/wp-json\/wp\/v2\/product_tag?post=2363"}],"curies":[{"name":"wp","href":"https:\/\/api.w.org\/{rel}","templated":true}]}}