{"id":2364,"date":"2021-05-25T15:47:41","date_gmt":"2021-05-25T18:47:41","guid":{"rendered":"https:\/\/molygrafit.com\/br\/producto\/import-placeholder-for-1879\/"},"modified":"2024-01-10T17:37:53","modified_gmt":"2024-01-10T20:37:53","slug":"pk-1-graxa-desengripante-e-hidrorepelente-totalmente-sintetica","status":"publish","type":"product","link":"https:\/\/molygrafit.com\/br\/produto\/pk-1-graxa-desengripante-e-hidrorepelente-totalmente-sintetica\/","title":{"rendered":"PK-1 > GRAXA DESENGRIPANTE E HIDROREPELENTE TOTALMENTE SINT\u00c9TICA."},"content":{"rendered":"<ul>\n<li>\u00d3leo B\u00e1sico:\u00a0Sint\u00e9tico<\/li>\n<li>Espessante:\u00a0Col\u00f3ide Inorg\u00e2nico<\/li>\n<li>Consist\u00eancia NLGI:\u00a01<\/li>\n<li>Penetra\u00e7\u00e3o Trabalhada (ASTM D 217):\u00a0310 &#8211; 330<\/li>\n<li>Temperatura de Uso:\u00a0-20\u00baC a 1000\u00baC<\/li>\n<li>Ponto de Gota ASTM D 566:\u00a0Inexistente<\/li>\n<li>Corros\u00e3o em Lamina de Cobre (ASTM D-4048):\u00a01 A<\/li>\n<li>Separa\u00e7\u00e3o de \u00d3leo (ASTM D-6184):\u00a0&lt; 3,0 %<\/li>\n<li>Densidade a 20 \u00b0C:\u00a01,0 g\/cm\u00b3<span class=\"Apple-converted-space\">\u00a0<\/span><\/li>\n<\/ul>\n","protected":false},"excerpt":{"rendered":"<p>Graxa desengripante totalmente sint\u00e9tica, hidrorrepelente, para uso em roscas, parafusos e equipamentos sujeitos a ambientes agressivos e ou \u00famidos que provoquem corros\u00e3o.<\/p>\n<p>Possui em sua formula\u00e7\u00e3o lubrificantes s\u00f3lidos (grafite micronizado), antioxidantes, aditivos de extrema press\u00e3o, antidesgaste, p\u00f3s met\u00e1licos (cobre coloidal), que protegem e evitam o engripamento das pe\u00e7as tratadas.<\/p>\n<p>MOLYGRAFIT PK-1 \u00e9 isenta de chumbo e zinco e foi especialmente desenvolvida para atender as mais severas condi\u00e7\u00f5es de trabalho de perfura\u00e7\u00e3o nos segmentos de minera\u00e7\u00e3o e offshore, atendendo as exig\u00eancias das normas API.<\/p>\n<p>Em fun\u00e7\u00e3o da sua formula\u00e7\u00e3o, com mat\u00e9rias primas de ultima gera\u00e7\u00e3o, MOLYGRAFIT PK-1, \u00e9 \u00f3tima para lubrifica\u00e7\u00e3o de v\u00e1lvulas de ind\u00fastrias sider\u00fargicas e parafusos de fixa\u00e7\u00e3o de equipamentos submetidos a altas temperaturas, como: fornos, canh\u00f5es de extrusoras, etc.<\/p>\n<p>Suporta altas temperaturas sem gotejar, proporcionando lubrifica\u00e7\u00e3o eficaz por longos per\u00edodos. Pode tamb\u00e9m ser utilizada em contatos el\u00e9tricos ou terminais de baterias para inibir a forma\u00e7\u00e3o de oxida\u00e7\u00e3o (zinabre).<\/p>\n<p>MOLYGRAFIT PK-1 \u00e9 um produto at\u00f3xico, n\u00e3o causando risco algum ao operador<b>.<\/b><\/p>\n<p><strong>PRAZO DE PRODU\u00c7\u00c3O: DE 5 A 8 DIAS \u00daTEIS<\/strong><\/p>\n","protected":false},"featured_media":2074,"template":"","meta":{"_acf_changed":false},"product_brand":[],"product_cat":[159,158,155,169],"product_tag":[236],"class_list":{"0":"post-2364","1":"product","2":"type-product","3":"status-publish","4":"has-post-thumbnail","6":"product_cat-aplicacoes-comuns","7":"product_cat-mineracao","8":"product_cat-offshore-naval","9":"product_cat-siderurgica","10":"product_tag-graxa-desengripante-e-hidrorepelente-totalmente-sintetica","12":"first","13":"instock","14":"shipping-taxable","15":"purchasable","16":"product-type-variable"},"acf":[],"_links":{"self":[{"href":"https:\/\/molygrafit.com\/br\/wp-json\/wp\/v2\/product\/2364","targetHints":{"allow":["GET"]}}],"collection":[{"href":"https:\/\/molygrafit.com\/br\/wp-json\/wp\/v2\/product"}],"about":[{"href":"https:\/\/molygrafit.com\/br\/wp-json\/wp\/v2\/types\/product"}],"wp:featuredmedia":[{"embeddable":true,"href":"https:\/\/molygrafit.com\/br\/wp-json\/wp\/v2\/media\/2074"}],"wp:attachment":[{"href":"https:\/\/molygrafit.com\/br\/wp-json\/wp\/v2\/media?parent=2364"}],"wp:term":[{"taxonomy":"product_brand","embeddable":true,"href":"https:\/\/molygrafit.com\/br\/wp-json\/wp\/v2\/product_brand?post=2364"},{"taxonomy":"product_cat","embeddable":true,"href":"https:\/\/molygrafit.com\/br\/wp-json\/wp\/v2\/product_cat?post=2364"},{"taxonomy":"product_tag","embeddable":true,"href":"https:\/\/molygrafit.com\/br\/wp-json\/wp\/v2\/product_tag?post=2364"}],"curies":[{"name":"wp","href":"https:\/\/api.w.org\/{rel}","templated":true}]}}