{"id":2366,"date":"2021-05-25T15:47:47","date_gmt":"2021-05-25T18:47:47","guid":{"rendered":"https:\/\/molygrafit.com\/br\/producto\/import-placeholder-for-1881\/"},"modified":"2023-09-26T14:20:28","modified_gmt":"2023-09-26T17:20:28","slug":"gls-1-graxa-100-sintetica-nao-carboniza-e-suporta-elevadas-temperaturas-sem-fluidificar","status":"publish","type":"product","link":"https:\/\/molygrafit.com\/br\/produto\/gls-1-graxa-100-sintetica-nao-carboniza-e-suporta-elevadas-temperaturas-sem-fluidificar\/","title":{"rendered":"GLS-1 > GRAXA 100% SINT\u00c9TICA. N\u00c3O CARBONIZA E SUPORTA ELEVADAS TEMPERATURAS SEM FLUIDIFICAR."},"content":{"rendered":"<ul>\n<li>Apar\u00eancia: Pasta Homog\u00eanea Transparente<\/li>\n<li>Consist\u00eancia NLGI: 1<\/li>\n<li>Penetra\u00e7\u00e3o Trabalhada: 310-340<\/li>\n<li>Ponto de gota ASTM D 566: N\u00e3o h\u00e1<\/li>\n<li>Temperatura de trabalho: -20 a 350\u00baC<\/li>\n<li>Solubilidade em \u00e1gua: Insol\u00favel<\/li>\n<li>Separa\u00e7\u00e3o de \u00f3leo (ASTM D 1742): \u00a0&lt; 1%<\/li>\n<li>Carga de soldagem (ASTM D 2596): &gt;200 Kgf<\/li>\n<li>Viscosidade do \u00f3leo b\u00e1sico (ASTM D 445): 1000 cSt<\/li>\n<li>Envelhecimento a 150\u00b0C (Cooking test): &gt;1000 hrs<\/li>\n<li>Corros\u00e3o (ASTM D 130): 2 A<\/li>\n<\/ul>\n","protected":false},"excerpt":{"rendered":"<p>MOLYGRAFIT GLS-1 \u00e9 uma graxa sint\u00e9tica especialmente desenvolvida para equipamentos que operem sob altas temperaturas. Produzida na consist\u00eancia adequada para sistemas centralizados de lubrifica\u00e7\u00e3o, possui \u00f3tima bombeabilidade.<\/p>\n<p>\u00c9 formulada com \u00f3leos sint\u00e9ticos que resistem a altas temperaturas, proporcionando uma lubrifica\u00e7\u00e3o isenta de res\u00edduos. Cont\u00e9m aditivos que proporcionam lubrifica\u00e7\u00e3o com baixo \u00edndice de evapora\u00e7\u00e3o, aumentando os per\u00edodos de lubrifica\u00e7\u00e3o. Suporta altas press\u00f5es e ambientes agressivos e \u00famidas. Possui a\u00e7\u00e3o protetiva, inibindo a corros\u00e3o.<\/p>\n<p>Por ser totalmente sint\u00e9tica, n\u00e3o possui ponto de gota, proporcionando maior seguran\u00e7a na lubrifica\u00e7\u00e3o em casos de picos extremos de temperatura.<\/p>\n<p>Fornecida na consist\u00eancia 1, poder\u00e1 ser sob consulta produzida tamb\u00e9m em outras consist\u00eancias.<\/p>\n<p>MOLYGRAFIT GLS-1 \u00e9 at\u00f3xica e seu \u00f3leo b\u00e1sico possui alto ponto de fulgor, oferecendo total seguran\u00e7a ao operador.<\/p>\n<p><strong>PRAZO DE PRODU\u00c7\u00c3O: DE 5 A 8 DIAS \u00daTEIS<\/strong><\/p>\n","protected":false},"featured_media":2074,"template":"","meta":{"_acf_changed":false},"product_brand":[],"product_cat":[158,169],"product_tag":[230],"class_list":{"0":"post-2366","1":"product","2":"type-product","3":"status-publish","4":"has-post-thumbnail","6":"product_cat-mineracao","7":"product_cat-siderurgica","8":"product_tag-graxa-100-sintetica-nao-carboniza-e-suporta-elevadas-temperaturas-sem-fluidificar","10":"first","11":"instock","12":"shipping-taxable","13":"purchasable","14":"product-type-variable"},"acf":[],"_links":{"self":[{"href":"https:\/\/molygrafit.com\/br\/wp-json\/wp\/v2\/product\/2366","targetHints":{"allow":["GET"]}}],"collection":[{"href":"https:\/\/molygrafit.com\/br\/wp-json\/wp\/v2\/product"}],"about":[{"href":"https:\/\/molygrafit.com\/br\/wp-json\/wp\/v2\/types\/product"}],"wp:featuredmedia":[{"embeddable":true,"href":"https:\/\/molygrafit.com\/br\/wp-json\/wp\/v2\/media\/2074"}],"wp:attachment":[{"href":"https:\/\/molygrafit.com\/br\/wp-json\/wp\/v2\/media?parent=2366"}],"wp:term":[{"taxonomy":"product_brand","embeddable":true,"href":"https:\/\/molygrafit.com\/br\/wp-json\/wp\/v2\/product_brand?post=2366"},{"taxonomy":"product_cat","embeddable":true,"href":"https:\/\/molygrafit.com\/br\/wp-json\/wp\/v2\/product_cat?post=2366"},{"taxonomy":"product_tag","embeddable":true,"href":"https:\/\/molygrafit.com\/br\/wp-json\/wp\/v2\/product_tag?post=2366"}],"curies":[{"name":"wp","href":"https:\/\/api.w.org\/{rel}","templated":true}]}}