{"id":2518,"date":"2021-05-25T15:48:17","date_gmt":"2021-05-25T18:48:17","guid":{"rendered":"https:\/\/molygrafit.com\/br\/producto\/import-placeholder-for-2264\/"},"modified":"2024-05-08T08:09:06","modified_gmt":"2024-05-08T11:09:06","slug":"ge-1-sep-graxa-resistente-a-elevadissimas-cargas-de-operacao-ideal-para-lubrificacao-de-cremalheiras-e-engrenagens","status":"publish","type":"product","link":"https:\/\/molygrafit.com\/br\/produto\/ge-1-sep-graxa-resistente-a-elevadissimas-cargas-de-operacao-ideal-para-lubrificacao-de-cremalheiras-e-engrenagens\/","title":{"rendered":"GE-1\/SEP > GRAXA RESISTENTE A ELEVAD\u00cdSSIMAS CARGAS DE OPERA\u00c7\u00c3O, IDEAL PARA LUBRIFICA\u00c7\u00c3O DE CREMALHEIRAS E ENGRENAGENS."},"content":{"rendered":"<ul>\n<li>Apar\u00eancia:\u00a0Preta<\/li>\n<li>\u00d3leo B\u00e1sico:\u00a0Mineral\/Sint\u00e9tico<\/li>\n<li>Viscosidade do \u00f3leo b\u00e1sico:\u00a07.000 cSt a 40\u00baC<\/li>\n<li>Espessante: Inorg\u00e2nico Coloidal<\/li>\n<li>Consist\u00eancia: NLGI-1<\/li>\n<li>Penetra\u00e7\u00e3o trabalhada ASTM D 217: 310-340<\/li>\n<li>Ponto de Gota ASTM D 566: Inexistente<\/li>\n<li>Temperatura de Trabalho: -20\u00baC a 200\u00baC<\/li>\n<li>Lubrificante s\u00f3lido: Bissulfeto de Molibd\u00eanio<\/li>\n<li>Carga de soldagem ASTM D-2596: &gt; 800 Kgf<\/li>\n<li>Corros\u00e3o em lamina de cobre ASTM D 130: 2 A<\/li>\n<\/ul>\n","protected":false},"excerpt":{"rendered":"<p>Graxa especial de alta ader\u00eancia contendo Bissulfeto de Molibd\u00eanio e aditivos especiais de extrema press\u00e3o, indicada para engrenagens abertas submetidas a cargas muito elevadas. Sua formula \u00e9 composta de aditivos especiais que proporcionam \u00e0 graxa redu\u00e7\u00e3o de atrito entre as engrenagens, resist\u00eancia a cargas elevadas, bem como o efeito antiest\u00e1tico, inibindo ader\u00eancia de p\u00f3.<\/p>\n<p>Produto sint\u00e9tico sem ponto de gota, resistente a altas temperaturas. Resiste \u00e0 \u00e1gua, produtos qu\u00edmicos e atmosferas agressivas. Pode ser aplicados em qualquer tipo de engrenagens, como em ind\u00fastrias navais, terraplanagens, minera\u00e7\u00e3o, etc.<\/p>\n<p>MOLYGRAFIT GE-1\/SEP \u00e9 um produto de baixa toxidez.<\/p>\n<p>Pronto para uso, n\u00e3o requer dilui\u00e7\u00f5es, n\u00e3o cont\u00e9m solventes. F\u00e1cil de usar, podendo ser aplicado manualmente ou por sistemas autom\u00e1ticos.<\/p>\n<p>Produto n\u00e3o inflam\u00e1vel; n\u00e3o causa dermatites, oferecendo seguran\u00e7a ao operador.<\/p>\n<p><strong>PRAZO DE PRODU\u00c7\u00c3O: DE 5 A 8 DIAS \u00daTEIS<\/strong><\/p>\n<p><span class=\"Apple-converted-space\">\u00a0<\/span><\/p>\n","protected":false},"featured_media":2074,"template":"","meta":{"_acf_changed":false},"product_brand":[],"product_cat":[158],"product_tag":[228,229],"class_list":{"0":"post-2518","1":"product","2":"type-product","3":"status-publish","4":"has-post-thumbnail","6":"product_cat-mineracao","7":"product_tag-graxa-resistente-a-elevadissimas-cargas-de-operacao","8":"product_tag-ideal-para-lubrificacao-de-cremalheiras-e-engrenagens","10":"first","11":"instock","12":"shipping-taxable","13":"purchasable","14":"product-type-variable"},"acf":[],"_links":{"self":[{"href":"https:\/\/molygrafit.com\/br\/wp-json\/wp\/v2\/product\/2518","targetHints":{"allow":["GET"]}}],"collection":[{"href":"https:\/\/molygrafit.com\/br\/wp-json\/wp\/v2\/product"}],"about":[{"href":"https:\/\/molygrafit.com\/br\/wp-json\/wp\/v2\/types\/product"}],"wp:featuredmedia":[{"embeddable":true,"href":"https:\/\/molygrafit.com\/br\/wp-json\/wp\/v2\/media\/2074"}],"wp:attachment":[{"href":"https:\/\/molygrafit.com\/br\/wp-json\/wp\/v2\/media?parent=2518"}],"wp:term":[{"taxonomy":"product_brand","embeddable":true,"href":"https:\/\/molygrafit.com\/br\/wp-json\/wp\/v2\/product_brand?post=2518"},{"taxonomy":"product_cat","embeddable":true,"href":"https:\/\/molygrafit.com\/br\/wp-json\/wp\/v2\/product_cat?post=2518"},{"taxonomy":"product_tag","embeddable":true,"href":"https:\/\/molygrafit.com\/br\/wp-json\/wp\/v2\/product_tag?post=2518"}],"curies":[{"name":"wp","href":"https:\/\/api.w.org\/{rel}","templated":true}]}}