{"id":3157,"date":"2022-09-22T11:22:22","date_gmt":"2022-09-22T14:22:22","guid":{"rendered":"https:\/\/molygrafit.com\/br\/?post_type=product&#038;p=3157"},"modified":"2026-03-16T08:32:24","modified_gmt":"2026-03-16T11:32:24","slug":"pz-50-pasta-para-montagem-com-alto-teor-de-aditivos-de-extrema-pressao-recomendada-para-montagens-e-amaciamento-de-maquinas-novas","status":"publish","type":"product","link":"https:\/\/molygrafit.com\/br\/produto\/pz-50-pasta-para-montagem-com-alto-teor-de-aditivos-de-extrema-pressao-recomendada-para-montagens-e-amaciamento-de-maquinas-novas\/","title":{"rendered":"PZ-50 > PASTA PARA MONTAGEM COM ALTO TEOR DE ADITIVOS DE EXTREMA PRESS\u00c3O, RECOMENDADA PARA MONTAGENS E AMACIAMENTO DE M\u00c1QUINAS NOVAS."},"content":{"rendered":"<ul>\n<li>Apar\u00eancia:\u00a0Pasta Homog\u00eanea preta<\/li>\n<li>Consist\u00eancia\u00a0<span style=\"color: #555555;\">NLGI:<\/span>\u00a01<\/li>\n<li>Penetra\u00e7\u00e3o: 310 a 340<\/li>\n<li>Espessante:\u00a0Col\u00f3ide Inorg\u00e2nico<\/li>\n<li>\u00d3leo B\u00e1sico: Sint\u00e9tico<\/li>\n<li>Solubilidade em \u00e1gua:\u00a0insol\u00favel<\/li>\n<li>Temperatura de trabalho:\u00a0-20\u00baC a 1200\u00baC<\/li>\n<\/ul>\n","protected":false},"excerpt":{"rendered":"<p>Pasta para montagem com alto teor de aditivos de extrema press\u00e3o, recomendada para montagens eamaciamento de m\u00e1quinas novas.<\/p>\n<p>Possui em sua formula\u00e7\u00e3o o que h\u00e1 de melhor em aditivo de extrema press\u00e3o n\u00e3o met\u00e1licos.<\/p>\n<p>N\u00e3o oxida e protege as pe\u00e7as tratadas.<\/p>\n<p>Pode ser utilizada tamb\u00e9m em estampagens ou extrus\u00e3o, aumentando a vida do ferramental. Reduz o desgaste inicial e vibra\u00e7\u00f5es, aumentando o tempo de uso do equipamento.<\/p>\n<p>Produto n\u00e3o t\u00f3xico, sem risco algum ao operador.<\/p>\n<p>\u00c9 fornecida com alta concentra\u00e7\u00e3o de aditivos de extrema press\u00e3o, podendo ser dilu\u00edda para opera\u00e7\u00f5es menos severas.<\/p>\n<p>Age tamb\u00e9m como desengripante, protegendo roscas e parafusos de corros\u00e3o.<\/p>\n<p><strong>PRAZO DE PRODU\u00c7\u00c3O: DE 5 A 8 DIAS \u00daTEIS<\/strong><\/p>\n","protected":false},"featured_media":2074,"template":"","meta":{"_acf_changed":false},"product_brand":[],"product_cat":[154,158,155,169],"product_tag":[339],"class_list":{"0":"post-3157","1":"product","2":"type-product","3":"status-publish","4":"has-post-thumbnail","6":"product_cat-forjaria","7":"product_cat-mineracao","8":"product_cat-offshore-naval","9":"product_cat-siderurgica","10":"product_tag-pasta-para-montagem-com-alto-teor-de-aditivos-de-extrema-pressao","12":"first","13":"instock","14":"shipping-taxable","15":"purchasable","16":"product-type-variable"},"acf":[],"_links":{"self":[{"href":"https:\/\/molygrafit.com\/br\/wp-json\/wp\/v2\/product\/3157","targetHints":{"allow":["GET"]}}],"collection":[{"href":"https:\/\/molygrafit.com\/br\/wp-json\/wp\/v2\/product"}],"about":[{"href":"https:\/\/molygrafit.com\/br\/wp-json\/wp\/v2\/types\/product"}],"wp:featuredmedia":[{"embeddable":true,"href":"https:\/\/molygrafit.com\/br\/wp-json\/wp\/v2\/media\/2074"}],"wp:attachment":[{"href":"https:\/\/molygrafit.com\/br\/wp-json\/wp\/v2\/media?parent=3157"}],"wp:term":[{"taxonomy":"product_brand","embeddable":true,"href":"https:\/\/molygrafit.com\/br\/wp-json\/wp\/v2\/product_brand?post=3157"},{"taxonomy":"product_cat","embeddable":true,"href":"https:\/\/molygrafit.com\/br\/wp-json\/wp\/v2\/product_cat?post=3157"},{"taxonomy":"product_tag","embeddable":true,"href":"https:\/\/molygrafit.com\/br\/wp-json\/wp\/v2\/product_tag?post=3157"}],"curies":[{"name":"wp","href":"https:\/\/api.w.org\/{rel}","templated":true}]}}