{"id":3173,"date":"2022-11-10T14:11:28","date_gmt":"2022-11-10T17:11:28","guid":{"rendered":"https:\/\/molygrafit.com\/br\/?post_type=product&#038;p=3173"},"modified":"2023-09-26T14:06:42","modified_gmt":"2023-09-26T17:06:42","slug":"ga-2-graxa-aluminizada-formulada-especialmente-para-altas-temperaturas","status":"publish","type":"product","link":"https:\/\/molygrafit.com\/br\/produto\/ga-2-graxa-aluminizada-formulada-especialmente-para-altas-temperaturas\/","title":{"rendered":"GA-2 > GRAXA ALUMINIZADA FORMULADA ESPECIALMENTE PARA ALTAS TEMPERATURAS."},"content":{"rendered":"<ul>\n<li>Apar\u00eancia: Graxa Aluminizada<\/li>\n<li>\u00d3leo b\u00e1sico: Hidrocarboneto Sint\u00e9tico<\/li>\n<li>Espessante: Col\u00f3ide Inorg\u00e2nico<\/li>\n<li>Penetra\u00e7\u00e3o trabalhada: 260 &#8211; 295<\/li>\n<li>Consist\u00eancia: NLGI:2<\/li>\n<li>Ponto de Gota ASTM D566: N\/A<\/li>\n<li>Temperatura de uso: -20\u00baC a 300\u00baC<\/li>\n<\/ul>\n","protected":false},"excerpt":{"rendered":"<p>MOLYGRAFIT GA -2 \u00e9 uma graxa formulada especialmente para altas temperaturas.<\/p>\n<p>Possui em sua formula\u00e7\u00e3o aditivos antioxidantes, anticorrosivos que conferem ao produto longo tempo de lubrifica\u00e7\u00e3o, mesmo sob altas temperaturas, reduzindo custos de reposi\u00e7\u00e3o.<\/p>\n<p>Graxa sint\u00e9tica, sem cinzas e hidrorepente, suporta atmosferas agressivas.<\/p>\n<p>Formulada com alum\u00ednio coloidal, dispersa o calor recebido, prolongando a vida \u00fatil da graxa e dos equipamentos.<\/p>\n<p>MOLYGRAFIT GA \u00e9 pr\u00f3pria para rolamentos, mancais, uni\u00f5es rotativas, rotores, etc.<\/p>\n<p><strong>PRAZO DE PRODU\u00c7\u00c3O: DE 5 A 8 DIAS \u00daTEIS<\/strong><\/p>\n","protected":false},"featured_media":2074,"template":"","meta":{"_acf_changed":false},"product_brand":[],"product_cat":[159,158,155,169],"product_tag":[337,338],"class_list":{"0":"post-3173","1":"product","2":"type-product","3":"status-publish","4":"has-post-thumbnail","6":"product_cat-aplicacoes-comuns","7":"product_cat-mineracao","8":"product_cat-offshore-naval","9":"product_cat-siderurgica","10":"product_tag-graxa-aluminizada","11":"product_tag-para-altas-temperaturas","13":"first","14":"instock","15":"shipping-taxable","16":"purchasable","17":"product-type-variable"},"acf":[],"_links":{"self":[{"href":"https:\/\/molygrafit.com\/br\/wp-json\/wp\/v2\/product\/3173","targetHints":{"allow":["GET"]}}],"collection":[{"href":"https:\/\/molygrafit.com\/br\/wp-json\/wp\/v2\/product"}],"about":[{"href":"https:\/\/molygrafit.com\/br\/wp-json\/wp\/v2\/types\/product"}],"wp:featuredmedia":[{"embeddable":true,"href":"https:\/\/molygrafit.com\/br\/wp-json\/wp\/v2\/media\/2074"}],"wp:attachment":[{"href":"https:\/\/molygrafit.com\/br\/wp-json\/wp\/v2\/media?parent=3173"}],"wp:term":[{"taxonomy":"product_brand","embeddable":true,"href":"https:\/\/molygrafit.com\/br\/wp-json\/wp\/v2\/product_brand?post=3173"},{"taxonomy":"product_cat","embeddable":true,"href":"https:\/\/molygrafit.com\/br\/wp-json\/wp\/v2\/product_cat?post=3173"},{"taxonomy":"product_tag","embeddable":true,"href":"https:\/\/molygrafit.com\/br\/wp-json\/wp\/v2\/product_tag?post=3173"}],"curies":[{"name":"wp","href":"https:\/\/api.w.org\/{rel}","templated":true}]}}