{"id":560,"date":"2020-11-06T19:10:12","date_gmt":"2020-11-06T23:10:12","guid":{"rendered":"https:\/\/molygrafit.com\/cl\/?page_id=560"},"modified":"2025-08-20T20:11:51","modified_gmt":"2025-08-20T23:11:51","slug":"presentacion","status":"publish","type":"page","link":"https:\/\/molygrafit.com\/cl\/presentacion\/","title":{"rendered":"Presentaci\u00f3n"},"content":{"rendered":"\t\t<div data-elementor-type=\"wp-page\" data-elementor-id=\"560\" class=\"elementor elementor-560\">\n\t\t\t\t\t\t<section class=\"elementor-section elementor-top-section elementor-element elementor-element-caf04fa elementor-section-boxed elementor-section-height-default elementor-section-height-default\" data-id=\"caf04fa\" data-element_type=\"section\">\n\t\t\t\t\t\t<div class=\"elementor-container elementor-column-gap-default\">\n\t\t\t\t\t<div class=\"elementor-column elementor-col-100 elementor-top-column elementor-element elementor-element-7fac06e\" data-id=\"7fac06e\" data-element_type=\"column\">\n\t\t\t<div class=\"elementor-widget-wrap elementor-element-populated\">\n\t\t\t\t\t\t<section class=\"elementor-section elementor-inner-section elementor-element elementor-element-5727487 elementor-section-boxed elementor-section-height-default elementor-section-height-default\" data-id=\"5727487\" data-element_type=\"section\">\n\t\t\t\t\t\t<div class=\"elementor-container elementor-column-gap-default\">\n\t\t\t\t\t<div class=\"elementor-column elementor-col-100 elementor-inner-column elementor-element elementor-element-cdd3e8d\" data-id=\"cdd3e8d\" data-element_type=\"column\">\n\t\t\t<div class=\"elementor-widget-wrap elementor-element-populated\">\n\t\t\t\t\t\t<div class=\"elementor-element elementor-element-85e3169 elementor-widget elementor-widget-heading\" data-id=\"85e3169\" data-element_type=\"widget\" data-widget_type=\"heading.default\">\n\t\t\t\t<div class=\"elementor-widget-container\">\n\t\t\t\t\t<h2 class=\"elementor-heading-title elementor-size-default\">Presentaci\u00f3n<\/h2>\t\t\t\t<\/div>\n\t\t\t\t<\/div>\n\t\t\t\t<div class=\"elementor-element elementor-element-140e033 elementor-widget elementor-widget-text-editor\" data-id=\"140e033\" data-element_type=\"widget\" data-widget_type=\"text-editor.default\">\n\t\t\t\t<div class=\"elementor-widget-container\">\n\t\t\t\t\t\t\t\t\t<p><strong>Calidad probada con la mejor relaci\u00f3n costo-beneficio del mercado.<br \/><\/strong>Nos sentimos orgullosos de ser una empresa 100% brasile\u00f1a con m\u00e1s de 25 a\u00f1os de experiencia desarrollando y suministrando lubricantes especiales de alto rendimiento a diversos sectores industriales. Con sucursal en Chile, hoy atendemos a grandes clientes que operan en Latinoam\u00e9rica, como Vale, Codelco, Gerdau, CSN, Usiminas, Petrobras etc.<br \/><br \/>Nuestros lubricantes est\u00e1n equipados con tecnolog\u00eda avanzada que proporciona la m\u00e1xima eficiencia, aumentando la vida \u00fatil del equipo y reduciendo el costo de mantenimiento debido a la menor necesidad de tiempo de inactividad.<br \/><br \/><strong>Acceso a la misma tecnolog\u00eda utilizada en grandes empresas, en Brasil y en el exterior<br \/><\/strong>La tecnolog\u00eda de Molygrafit que se aplica actualmente en lubricantes utilizados en equipos pesados de grandes empresas, en Brasil y en el exterior, tambi\u00e9n est\u00e1 disponible para ofrecer soluciones de lubricaci\u00f3n al mercado minorista que quiere garantizar una lubricaci\u00f3n eficiente a sus equipos para uso personal, dom\u00e9stico o profesional.<br \/><br \/>Con Molygrafit, usted utilizar\u00e1 lubricantes de alto rendimiento, que se hacen presentes en los procesos productivos de las m\u00e1s grandes e importantes empresas ubicadas en Brasil y en el exterior.<br \/><br \/><strong>M\u00e1s informaci\u00f3n sobre lubricaci\u00f3n<br \/><\/strong><strong><br \/>\u00bfQu\u00e9 es?<br \/><\/strong>Es un proceso que tiene como resultado la reducci\u00f3n de la fricci\u00f3n entre dos superficies m\u00f3viles, mediante la introducci\u00f3n de una sustancia entre ellas, denominada lubricante, que puede ser s\u00f3lida, l\u00edquida o pastosa.<br \/><br \/><strong>La importancia de la lubricaci\u00f3n<br \/><\/strong>La lubricaci\u00f3n es fundamental para permitir el pleno funcionamiento de los equipos mec\u00e1nicos. Sin ella, se produce un desgaste prematuro, aumento de temperatura o simplemente la imposibilidad de poner en marcha ciertos equipos, ya que se romper\u00edan en una fracci\u00f3n de segundo.<br \/><br \/><strong>Cambio de aceite en veh\u00edculos a motor<br \/><\/strong>Cambiar el aceite del autom\u00f3vil es esencial para el buen funcionamiento y la longevidad del motor. Todo aceite de motor tiene una vida \u00fatil, aunque el c\u00e1rter est\u00e9 lleno, despu\u00e9s de un alg\u00fan tiempo de operaci\u00f3n es necesario cambiarlo por varias razones:<br \/><br \/><strong>A) Contaminaci\u00f3n externa <\/strong>\u2013 Los filtros no logran bloquear el paso de todas las part\u00edculas en el aire. Despu\u00e9s de cierto per\u00edodo, que depende de la condici\u00f3n de uso del veh\u00edculo, el aceite presentar\u00e1 una concentraci\u00f3n de part\u00edculas s\u00f3lidas que puede resultar en una acci\u00f3n abrasiva causadora de desgaste prematuro.<br \/><br \/><strong>B) Residuos s\u00f3lidos resultantes de la oxidaci\u00f3n del aceite en funci\u00f3n de la temperatura de trabajo<\/strong>\u2013 Estos residuos, que tambi\u00e9n se llaman carbonizaci\u00f3n, son el resultado de la ruptura de la estructura molecular del aceite, resultante de su exposici\u00f3n a altas temperaturas de operaci\u00f3n. Ellos se acumulan y con el tiempo se vuelven abrasivos, por lo que, tras un rato, que depende de la temperatura de operaci\u00f3n del motor, la concentraci\u00f3n alcanza un nivel que compromete la vida \u00fatil del motor. Por tanto, el cambio de aceite debe realizarse antes de que la concentraci\u00f3n de estos s\u00f3lidos alcance un nivel que implique riesgo.<br \/><br \/><strong>C) P\u00e9rdida de eficiencia en el paquete de aditivos<\/strong>\u2013 Todos los aceites de motor tienen aditivos, como agentes anticorrosivos (neutralizantes de \u00e1cidos), antidesgaste, detergentes etc. Con el uso de aceite, estos aditivos pierden su eficiencia, comprometiendo la vida \u00fatil del motor.<br \/><br \/>En los sectores industriales tambi\u00e9n existe la necesidad de cambiar los lubricantes despu\u00e9s de per\u00edodos de uso. Adem\u00e1s de este procedimiento, al igual que en los veh\u00edculos, es necesario utilizar el lubricante correcto, indicado para las respectivas condiciones de operaci\u00f3n de cada tipo de equipo.<br \/><br \/><a href=\"https:\/\/molygrafit.com\/cl\/wp-content\/uploads\/2021\/05\/apostila_curso_lubrificantes.pdf\" target=\"_blank\" rel=\"noopener\"><b>Haga clic aqu\u00ed y descargue nuestro Curso de Lubricaci\u00f3n<\/b><\/a><\/p>\t\t\t\t\t\t\t\t<\/div>\n\t\t\t\t<\/div>\n\t\t\t\t\t<\/div>\n\t\t<\/div>\n\t\t\t\t\t<\/div>\n\t\t<\/section>\n\t\t\t\t\t<\/div>\n\t\t<\/div>\n\t\t\t\t\t<\/div>\n\t\t<\/section>\n\t\t\t\t<\/div>\n\t\t","protected":false},"excerpt":{"rendered":"<p>Presentaci\u00f3n Calidad probada con la mejor relaci\u00f3n costo-beneficio del mercado.Nos sentimos orgullosos de ser una empresa 100% brasile\u00f1a con m\u00e1s de 25 a\u00f1os de experiencia desarrollando y suministrando lubricantes especiales de alto rendimiento a diversos sectores industriales. Con sucursal en Chile, hoy atendemos a grandes clientes que operan en Latinoam\u00e9rica, como Vale, Codelco, Gerdau, CSN, [&#8230;]\n","protected":false},"author":1,"featured_media":0,"parent":0,"menu_order":0,"comment_status":"closed","ping_status":"closed","template":"elementor_header_footer","meta":{"_acf_changed":false,"footnotes":""},"class_list":["post-560","page","type-page","status-publish","hentry"],"acf":[],"yoast_head":"<!-- This site is optimized with the Yoast SEO plugin v26.9 - https:\/\/yoast.com\/product\/yoast-seo-wordpress\/ -->\n<title>Presentaci\u00f3n - Molygrafit - Lubricantes Especiales<\/title>\n<meta name=\"robots\" content=\"index, follow, max-snippet:-1, max-image-preview:large, max-video-preview:-1\" \/>\n<link rel=\"canonical\" href=\"https:\/\/molygrafit.com\/cl\/presentacion\/\" \/>\n<meta property=\"og:locale\" content=\"es_ES\" \/>\n<meta property=\"og:type\" content=\"article\" \/>\n<meta property=\"og:title\" content=\"Presentaci\u00f3n - Molygrafit - Lubricantes Especiales\" \/>\n<meta property=\"og:description\" content=\"Presentaci\u00f3n Calidad probada con la mejor relaci\u00f3n costo-beneficio del mercado.Nos sentimos orgullosos de ser una empresa 100% brasile\u00f1a con m\u00e1s de 25 a\u00f1os de experiencia desarrollando y suministrando lubricantes especiales de alto rendimiento a diversos sectores industriales. Con sucursal en Chile, hoy atendemos a grandes clientes que operan en Latinoam\u00e9rica, como Vale, Codelco, Gerdau, CSN, [...]\" \/>\n<meta property=\"og:url\" content=\"https:\/\/molygrafit.com\/cl\/presentacion\/\" \/>\n<meta property=\"og:site_name\" content=\"Molygrafit - Lubricantes Especiales\" \/>\n<meta property=\"article:modified_time\" content=\"2025-08-20T23:11:51+00:00\" \/>\n<meta name=\"twitter:card\" content=\"summary_large_image\" \/>\n<meta name=\"twitter:label1\" content=\"Tiempo estimado de lectura\" \/>\n\t<meta name=\"twitter:data1\" content=\"3 minutos\" \/>\n<script type=\"application\/ld+json\" class=\"yoast-schema-graph\">{\"@context\":\"https:\/\/schema.org\",\"@graph\":[{\"@type\":\"WebPage\",\"@id\":\"https:\/\/molygrafit.com\/cl\/presentacion\/\",\"url\":\"https:\/\/molygrafit.com\/cl\/presentacion\/\",\"name\":\"Presentaci\u00f3n - Molygrafit - Lubricantes Especiales\",\"isPartOf\":{\"@id\":\"https:\/\/molygrafit.com\/cl\/#website\"},\"datePublished\":\"2020-11-06T23:10:12+00:00\",\"dateModified\":\"2025-08-20T23:11:51+00:00\",\"breadcrumb\":{\"@id\":\"https:\/\/molygrafit.com\/cl\/presentacion\/#breadcrumb\"},\"inLanguage\":\"es-CL\",\"potentialAction\":[{\"@type\":\"ReadAction\",\"target\":[\"https:\/\/molygrafit.com\/cl\/presentacion\/\"]}]},{\"@type\":\"BreadcrumbList\",\"@id\":\"https:\/\/molygrafit.com\/cl\/presentacion\/#breadcrumb\",\"itemListElement\":[{\"@type\":\"ListItem\",\"position\":1,\"name\":\"In\u00edcio\",\"item\":\"https:\/\/molygrafit.com\/cl\/\"},{\"@type\":\"ListItem\",\"position\":2,\"name\":\"Presentaci\u00f3n\"}]},{\"@type\":\"WebSite\",\"@id\":\"https:\/\/molygrafit.com\/cl\/#website\",\"url\":\"https:\/\/molygrafit.com\/cl\/\",\"name\":\"Molygrafit - Lubricantes Especiales\",\"description\":\"\",\"potentialAction\":[{\"@type\":\"SearchAction\",\"target\":{\"@type\":\"EntryPoint\",\"urlTemplate\":\"https:\/\/molygrafit.com\/cl\/?s={search_term_string}\"},\"query-input\":{\"@type\":\"PropertyValueSpecification\",\"valueRequired\":true,\"valueName\":\"search_term_string\"}}],\"inLanguage\":\"es-CL\"}]}<\/script>\n<!-- \/ Yoast SEO plugin. -->","yoast_head_json":{"title":"Presentaci\u00f3n - Molygrafit - Lubricantes Especiales","robots":{"index":"index","follow":"follow","max-snippet":"max-snippet:-1","max-image-preview":"max-image-preview:large","max-video-preview":"max-video-preview:-1"},"canonical":"https:\/\/molygrafit.com\/cl\/presentacion\/","og_locale":"es_ES","og_type":"article","og_title":"Presentaci\u00f3n - Molygrafit - Lubricantes Especiales","og_description":"Presentaci\u00f3n Calidad probada con la mejor relaci\u00f3n costo-beneficio del mercado.Nos sentimos orgullosos de ser una empresa 100% brasile\u00f1a con m\u00e1s de 25 a\u00f1os de experiencia desarrollando y suministrando lubricantes especiales de alto rendimiento a diversos sectores industriales. Con sucursal en Chile, hoy atendemos a grandes clientes que operan en Latinoam\u00e9rica, como Vale, Codelco, Gerdau, CSN, [...]","og_url":"https:\/\/molygrafit.com\/cl\/presentacion\/","og_site_name":"Molygrafit - Lubricantes Especiales","article_modified_time":"2025-08-20T23:11:51+00:00","twitter_card":"summary_large_image","twitter_misc":{"Tiempo estimado de lectura":"3 minutos"},"schema":{"@context":"https:\/\/schema.org","@graph":[{"@type":"WebPage","@id":"https:\/\/molygrafit.com\/cl\/presentacion\/","url":"https:\/\/molygrafit.com\/cl\/presentacion\/","name":"Presentaci\u00f3n - Molygrafit - Lubricantes Especiales","isPartOf":{"@id":"https:\/\/molygrafit.com\/cl\/#website"},"datePublished":"2020-11-06T23:10:12+00:00","dateModified":"2025-08-20T23:11:51+00:00","breadcrumb":{"@id":"https:\/\/molygrafit.com\/cl\/presentacion\/#breadcrumb"},"inLanguage":"es-CL","potentialAction":[{"@type":"ReadAction","target":["https:\/\/molygrafit.com\/cl\/presentacion\/"]}]},{"@type":"BreadcrumbList","@id":"https:\/\/molygrafit.com\/cl\/presentacion\/#breadcrumb","itemListElement":[{"@type":"ListItem","position":1,"name":"In\u00edcio","item":"https:\/\/molygrafit.com\/cl\/"},{"@type":"ListItem","position":2,"name":"Presentaci\u00f3n"}]},{"@type":"WebSite","@id":"https:\/\/molygrafit.com\/cl\/#website","url":"https:\/\/molygrafit.com\/cl\/","name":"Molygrafit - Lubricantes Especiales","description":"","potentialAction":[{"@type":"SearchAction","target":{"@type":"EntryPoint","urlTemplate":"https:\/\/molygrafit.com\/cl\/?s={search_term_string}"},"query-input":{"@type":"PropertyValueSpecification","valueRequired":true,"valueName":"search_term_string"}}],"inLanguage":"es-CL"}]}},"_links":{"self":[{"href":"https:\/\/molygrafit.com\/cl\/wp-json\/wp\/v2\/pages\/560","targetHints":{"allow":["GET"]}}],"collection":[{"href":"https:\/\/molygrafit.com\/cl\/wp-json\/wp\/v2\/pages"}],"about":[{"href":"https:\/\/molygrafit.com\/cl\/wp-json\/wp\/v2\/types\/page"}],"author":[{"embeddable":true,"href":"https:\/\/molygrafit.com\/cl\/wp-json\/wp\/v2\/users\/1"}],"replies":[{"embeddable":true,"href":"https:\/\/molygrafit.com\/cl\/wp-json\/wp\/v2\/comments?post=560"}],"version-history":[{"count":28,"href":"https:\/\/molygrafit.com\/cl\/wp-json\/wp\/v2\/pages\/560\/revisions"}],"predecessor-version":[{"id":2677,"href":"https:\/\/molygrafit.com\/cl\/wp-json\/wp\/v2\/pages\/560\/revisions\/2677"}],"wp:attachment":[{"href":"https:\/\/molygrafit.com\/cl\/wp-json\/wp\/v2\/media?parent=560"}],"curies":[{"name":"wp","href":"https:\/\/api.w.org\/{rel}","templated":true}]}}