{"id":2306,"date":"2021-05-25T15:47:32","date_gmt":"2021-05-25T18:47:32","guid":{"rendered":"https:\/\/molygrafit.com\/cl\/producto\/import-placeholder-for-1819\/"},"modified":"2025-08-20T19:36:36","modified_gmt":"2025-08-20T22:36:36","slug":"pg-15-aceite-con-aditivos-especiales-se-diluye-en-agua-con-gran-adherencia-al-herramental-aumentando-la-vida-util-de-los-moldes","status":"publish","type":"product","link":"https:\/\/molygrafit.com\/cl\/producto\/pg-15-aceite-con-aditivos-especiales-se-diluye-en-agua-con-gran-adherencia-al-herramental-aumentando-la-vida-util-de-los-moldes\/","title":{"rendered":"PG-15 > ACEITE CON ADITIVOS ESPECIALES, SE DILUYE EN AGUA, CON GRAN ADHERENCIA AL HERRAMENTAL, AUMENTANDO LA VIDA \u00daTIL DE LOS MOLDES."},"content":{"rendered":"<ul>\n<li>Apariencia: Pasta negra homog\u00e9nea<\/li>\n<li>Disolvente: Agua<\/li>\n<li>Espesante: Coloide inorg\u00e1nico<\/li>\n<li>Lubricante s\u00f3lido: Grafito coloidal<\/li>\n<li>Tama\u00f1o medio de part\u00edcula: 10 micrones<\/li>\n<li>Contenido de grafito: 15%<\/li>\n<\/ul>\n","protected":false},"excerpt":{"rendered":"<p>MOLYGRAFIT PG-15 es una dispersi\u00f3n con alto contenido de Grafito Coloidal para operaciones de forja.<\/p>\n<p>Contiene aditivos especiales que promueven una excelente adherencia a las herramientas, proporcionando\u00a0una excelente lubricaci\u00f3n, aumentando la vida de los moldes y reduciendo los costos del proceso.<\/p>\n<p>MOLYGRAFIT PG-15 es un producto que se diluye f\u00e1cilmente en agua, formando una dispersi\u00f3n estable.<\/p>\n<p>Su formulaci\u00f3n aditiva cuenta con estabilizadores que minimizan al m\u00e1ximo el proceso de decantaci\u00f3n.<\/p>\n<p>Incluso si la dispersi\u00f3n permanece en reposo durante mucho tiempo, el producto se volver\u00e1 a dispersar con\u00a0una agitaci\u00f3n moderada.<\/p>\n<p>La diluci\u00f3n var\u00eda con el proceso, dependiendo del metal trabajado, la profundidad de forjado y el tama\u00f1o de\u00a0la pieza a forjar. Sin embargo, se recomienda una diluci\u00f3n 1:2 para procesos severos y hasta 1:8 para\u00a0operaciones ligeras.<\/p>\n","protected":false},"featured_media":2074,"template":"","meta":{"_acf_changed":false},"product_brand":[],"product_cat":[164],"product_tag":[308,311,310,309],"class_list":{"0":"post-2306","1":"product","2":"type-product","3":"status-publish","4":"has-post-thumbnail","6":"product_cat-fragua","7":"product_tag-aceite-con-aditivos-especiales","8":"product_tag-aumentando-la-vida-util-de-los-moldes","9":"product_tag-con-gran-adherencia-al-herramental","10":"product_tag-se-diluye-en-agua","12":"first","13":"instock","14":"shipping-taxable","15":"product-type-variable"},"acf":[],"yoast_head":"<!-- This site is optimized with the Yoast SEO plugin v26.9 - https:\/\/yoast.com\/product\/yoast-seo-wordpress\/ -->\n<title>PG-15 &gt; ACEITE CON ADITIVOS ESPECIALES, SE DILUYE EN AGUA, CON GRAN ADHERENCIA AL HERRAMENTAL, AUMENTANDO LA VIDA \u00daTIL DE LOS MOLDES. - Molygrafit - Lubricantes Especiales<\/title>\n<meta name=\"robots\" content=\"index, follow, max-snippet:-1, max-image-preview:large, max-video-preview:-1\" \/>\n<link rel=\"canonical\" href=\"https:\/\/molygrafit.com\/cl\/producto\/pg-15-aceite-con-aditivos-especiales-se-diluye-en-agua-con-gran-adherencia-al-herramental-aumentando-la-vida-util-de-los-moldes\/\" \/>\n<meta property=\"og:locale\" content=\"es_ES\" \/>\n<meta property=\"og:type\" content=\"article\" \/>\n<meta property=\"og:title\" content=\"PG-15 &gt; ACEITE CON ADITIVOS ESPECIALES, SE DILUYE EN AGUA, CON GRAN ADHERENCIA AL HERRAMENTAL, AUMENTANDO LA VIDA \u00daTIL DE LOS MOLDES. - Molygrafit - Lubricantes Especiales\" \/>\n<meta property=\"og:description\" content=\"MOLYGRAFIT PG-15 es una dispersi\u00f3n con alto contenido de Grafito Coloidal para operaciones de forja.  Contiene aditivos especiales que promueven una excelente adherencia a las herramientas, proporcionando\u00a0una excelente lubricaci\u00f3n, aumentando la vida de los moldes y reduciendo los costos del proceso.  MOLYGRAFIT PG-15 es un producto que se diluye f\u00e1cilmente en agua, formando una dispersi\u00f3n estable.  Su formulaci\u00f3n aditiva cuenta con estabilizadores que minimizan al m\u00e1ximo el proceso de decantaci\u00f3n.  Incluso si la dispersi\u00f3n permanece en reposo durante mucho tiempo, el producto se volver\u00e1 a dispersar con\u00a0una agitaci\u00f3n moderada.  La diluci\u00f3n var\u00eda con el proceso, dependiendo del metal trabajado, la profundidad de forjado y el tama\u00f1o de\u00a0la pieza a forjar. Sin embargo, se recomienda una diluci\u00f3n 1:2 para procesos severos y hasta 1:8 para\u00a0operaciones ligeras.\" \/>\n<meta property=\"og:url\" content=\"https:\/\/molygrafit.com\/cl\/producto\/pg-15-aceite-con-aditivos-especiales-se-diluye-en-agua-con-gran-adherencia-al-herramental-aumentando-la-vida-util-de-los-moldes\/\" \/>\n<meta property=\"og:site_name\" content=\"Molygrafit - Lubricantes Especiales\" \/>\n<meta property=\"article:modified_time\" content=\"2025-08-20T22:36:36+00:00\" \/>\n<meta property=\"og:image\" content=\"https:\/\/molygrafit.com\/cl\/wp-content\/uploads\/2021\/03\/Baldes_Kilos_final.jpg\" \/>\n\t<meta property=\"og:image:width\" content=\"600\" \/>\n\t<meta property=\"og:image:height\" content=\"600\" \/>\n\t<meta property=\"og:image:type\" content=\"image\/jpeg\" \/>\n<meta name=\"twitter:card\" content=\"summary_large_image\" \/>\n<script type=\"application\/ld+json\" class=\"yoast-schema-graph\">{\"@context\":\"https:\/\/schema.org\",\"@graph\":[{\"@type\":\"WebPage\",\"@id\":\"https:\/\/molygrafit.com\/cl\/producto\/pg-15-aceite-con-aditivos-especiales-se-diluye-en-agua-con-gran-adherencia-al-herramental-aumentando-la-vida-util-de-los-moldes\/\",\"url\":\"https:\/\/molygrafit.com\/cl\/producto\/pg-15-aceite-con-aditivos-especiales-se-diluye-en-agua-con-gran-adherencia-al-herramental-aumentando-la-vida-util-de-los-moldes\/\",\"name\":\"PG-15 > ACEITE CON ADITIVOS ESPECIALES, SE DILUYE EN AGUA, CON GRAN ADHERENCIA AL HERRAMENTAL, AUMENTANDO LA VIDA \u00daTIL DE LOS MOLDES. - Molygrafit - Lubricantes Especiales\",\"isPartOf\":{\"@id\":\"https:\/\/molygrafit.com\/cl\/#website\"},\"primaryImageOfPage\":{\"@id\":\"https:\/\/molygrafit.com\/cl\/producto\/pg-15-aceite-con-aditivos-especiales-se-diluye-en-agua-con-gran-adherencia-al-herramental-aumentando-la-vida-util-de-los-moldes\/#primaryimage\"},\"image\":{\"@id\":\"https:\/\/molygrafit.com\/cl\/producto\/pg-15-aceite-con-aditivos-especiales-se-diluye-en-agua-con-gran-adherencia-al-herramental-aumentando-la-vida-util-de-los-moldes\/#primaryimage\"},\"thumbnailUrl\":\"https:\/\/molygrafit.com\/cl\/wp-content\/uploads\/2021\/03\/Baldes_Kilos_final.jpg\",\"datePublished\":\"2021-05-25T18:47:32+00:00\",\"dateModified\":\"2025-08-20T22:36:36+00:00\",\"breadcrumb\":{\"@id\":\"https:\/\/molygrafit.com\/cl\/producto\/pg-15-aceite-con-aditivos-especiales-se-diluye-en-agua-con-gran-adherencia-al-herramental-aumentando-la-vida-util-de-los-moldes\/#breadcrumb\"},\"inLanguage\":\"es-CL\",\"potentialAction\":[{\"@type\":\"ReadAction\",\"target\":[\"https:\/\/molygrafit.com\/cl\/producto\/pg-15-aceite-con-aditivos-especiales-se-diluye-en-agua-con-gran-adherencia-al-herramental-aumentando-la-vida-util-de-los-moldes\/\"]}]},{\"@type\":\"ImageObject\",\"inLanguage\":\"es-CL\",\"@id\":\"https:\/\/molygrafit.com\/cl\/producto\/pg-15-aceite-con-aditivos-especiales-se-diluye-en-agua-con-gran-adherencia-al-herramental-aumentando-la-vida-util-de-los-moldes\/#primaryimage\",\"url\":\"https:\/\/molygrafit.com\/cl\/wp-content\/uploads\/2021\/03\/Baldes_Kilos_final.jpg\",\"contentUrl\":\"https:\/\/molygrafit.com\/cl\/wp-content\/uploads\/2021\/03\/Baldes_Kilos_final.jpg\",\"width\":600,\"height\":600},{\"@type\":\"BreadcrumbList\",\"@id\":\"https:\/\/molygrafit.com\/cl\/producto\/pg-15-aceite-con-aditivos-especiales-se-diluye-en-agua-con-gran-adherencia-al-herramental-aumentando-la-vida-util-de-los-moldes\/#breadcrumb\",\"itemListElement\":[{\"@type\":\"ListItem\",\"position\":1,\"name\":\"In\u00edcio\",\"item\":\"https:\/\/molygrafit.com\/cl\/\"},{\"@type\":\"ListItem\",\"position\":2,\"name\":\"Tienda\",\"item\":\"https:\/\/molygrafit.com\/cl\/\"},{\"@type\":\"ListItem\",\"position\":3,\"name\":\"PG-15 > ACEITE CON ADITIVOS ESPECIALES, SE DILUYE EN AGUA, CON GRAN ADHERENCIA AL HERRAMENTAL, AUMENTANDO LA VIDA \u00daTIL DE LOS MOLDES.\"}]},{\"@type\":\"WebSite\",\"@id\":\"https:\/\/molygrafit.com\/cl\/#website\",\"url\":\"https:\/\/molygrafit.com\/cl\/\",\"name\":\"Molygrafit - Lubricantes Especiales\",\"description\":\"\",\"potentialAction\":[{\"@type\":\"SearchAction\",\"target\":{\"@type\":\"EntryPoint\",\"urlTemplate\":\"https:\/\/molygrafit.com\/cl\/?s={search_term_string}\"},\"query-input\":{\"@type\":\"PropertyValueSpecification\",\"valueRequired\":true,\"valueName\":\"search_term_string\"}}],\"inLanguage\":\"es-CL\"}]}<\/script>\n<!-- \/ Yoast SEO plugin. -->","yoast_head_json":{"title":"PG-15 > ACEITE CON ADITIVOS ESPECIALES, SE DILUYE EN AGUA, CON GRAN ADHERENCIA AL HERRAMENTAL, AUMENTANDO LA VIDA \u00daTIL DE LOS MOLDES. - Molygrafit - Lubricantes Especiales","robots":{"index":"index","follow":"follow","max-snippet":"max-snippet:-1","max-image-preview":"max-image-preview:large","max-video-preview":"max-video-preview:-1"},"canonical":"https:\/\/molygrafit.com\/cl\/producto\/pg-15-aceite-con-aditivos-especiales-se-diluye-en-agua-con-gran-adherencia-al-herramental-aumentando-la-vida-util-de-los-moldes\/","og_locale":"es_ES","og_type":"article","og_title":"PG-15 > ACEITE CON ADITIVOS ESPECIALES, SE DILUYE EN AGUA, CON GRAN ADHERENCIA AL HERRAMENTAL, AUMENTANDO LA VIDA \u00daTIL DE LOS MOLDES. - Molygrafit - Lubricantes Especiales","og_description":"MOLYGRAFIT PG-15 es una dispersi\u00f3n con alto contenido de Grafito Coloidal para operaciones de forja.  Contiene aditivos especiales que promueven una excelente adherencia a las herramientas, proporcionando\u00a0una excelente lubricaci\u00f3n, aumentando la vida de los moldes y reduciendo los costos del proceso.  MOLYGRAFIT PG-15 es un producto que se diluye f\u00e1cilmente en agua, formando una dispersi\u00f3n estable.  Su formulaci\u00f3n aditiva cuenta con estabilizadores que minimizan al m\u00e1ximo el proceso de decantaci\u00f3n.  Incluso si la dispersi\u00f3n permanece en reposo durante mucho tiempo, el producto se volver\u00e1 a dispersar con\u00a0una agitaci\u00f3n moderada.  La diluci\u00f3n var\u00eda con el proceso, dependiendo del metal trabajado, la profundidad de forjado y el tama\u00f1o de\u00a0la pieza a forjar. Sin embargo, se recomienda una diluci\u00f3n 1:2 para procesos severos y hasta 1:8 para\u00a0operaciones ligeras.","og_url":"https:\/\/molygrafit.com\/cl\/producto\/pg-15-aceite-con-aditivos-especiales-se-diluye-en-agua-con-gran-adherencia-al-herramental-aumentando-la-vida-util-de-los-moldes\/","og_site_name":"Molygrafit - Lubricantes Especiales","article_modified_time":"2025-08-20T22:36:36+00:00","og_image":[{"width":600,"height":600,"url":"https:\/\/molygrafit.com\/cl\/wp-content\/uploads\/2021\/03\/Baldes_Kilos_final.jpg","type":"image\/jpeg"}],"twitter_card":"summary_large_image","schema":{"@context":"https:\/\/schema.org","@graph":[{"@type":"WebPage","@id":"https:\/\/molygrafit.com\/cl\/producto\/pg-15-aceite-con-aditivos-especiales-se-diluye-en-agua-con-gran-adherencia-al-herramental-aumentando-la-vida-util-de-los-moldes\/","url":"https:\/\/molygrafit.com\/cl\/producto\/pg-15-aceite-con-aditivos-especiales-se-diluye-en-agua-con-gran-adherencia-al-herramental-aumentando-la-vida-util-de-los-moldes\/","name":"PG-15 > ACEITE CON ADITIVOS ESPECIALES, SE DILUYE EN AGUA, CON GRAN ADHERENCIA AL HERRAMENTAL, AUMENTANDO LA VIDA \u00daTIL DE LOS MOLDES. - Molygrafit - Lubricantes Especiales","isPartOf":{"@id":"https:\/\/molygrafit.com\/cl\/#website"},"primaryImageOfPage":{"@id":"https:\/\/molygrafit.com\/cl\/producto\/pg-15-aceite-con-aditivos-especiales-se-diluye-en-agua-con-gran-adherencia-al-herramental-aumentando-la-vida-util-de-los-moldes\/#primaryimage"},"image":{"@id":"https:\/\/molygrafit.com\/cl\/producto\/pg-15-aceite-con-aditivos-especiales-se-diluye-en-agua-con-gran-adherencia-al-herramental-aumentando-la-vida-util-de-los-moldes\/#primaryimage"},"thumbnailUrl":"https:\/\/molygrafit.com\/cl\/wp-content\/uploads\/2021\/03\/Baldes_Kilos_final.jpg","datePublished":"2021-05-25T18:47:32+00:00","dateModified":"2025-08-20T22:36:36+00:00","breadcrumb":{"@id":"https:\/\/molygrafit.com\/cl\/producto\/pg-15-aceite-con-aditivos-especiales-se-diluye-en-agua-con-gran-adherencia-al-herramental-aumentando-la-vida-util-de-los-moldes\/#breadcrumb"},"inLanguage":"es-CL","potentialAction":[{"@type":"ReadAction","target":["https:\/\/molygrafit.com\/cl\/producto\/pg-15-aceite-con-aditivos-especiales-se-diluye-en-agua-con-gran-adherencia-al-herramental-aumentando-la-vida-util-de-los-moldes\/"]}]},{"@type":"ImageObject","inLanguage":"es-CL","@id":"https:\/\/molygrafit.com\/cl\/producto\/pg-15-aceite-con-aditivos-especiales-se-diluye-en-agua-con-gran-adherencia-al-herramental-aumentando-la-vida-util-de-los-moldes\/#primaryimage","url":"https:\/\/molygrafit.com\/cl\/wp-content\/uploads\/2021\/03\/Baldes_Kilos_final.jpg","contentUrl":"https:\/\/molygrafit.com\/cl\/wp-content\/uploads\/2021\/03\/Baldes_Kilos_final.jpg","width":600,"height":600},{"@type":"BreadcrumbList","@id":"https:\/\/molygrafit.com\/cl\/producto\/pg-15-aceite-con-aditivos-especiales-se-diluye-en-agua-con-gran-adherencia-al-herramental-aumentando-la-vida-util-de-los-moldes\/#breadcrumb","itemListElement":[{"@type":"ListItem","position":1,"name":"In\u00edcio","item":"https:\/\/molygrafit.com\/cl\/"},{"@type":"ListItem","position":2,"name":"Tienda","item":"https:\/\/molygrafit.com\/cl\/"},{"@type":"ListItem","position":3,"name":"PG-15 > ACEITE CON ADITIVOS ESPECIALES, SE DILUYE EN AGUA, CON GRAN ADHERENCIA AL HERRAMENTAL, AUMENTANDO LA VIDA \u00daTIL DE LOS MOLDES."}]},{"@type":"WebSite","@id":"https:\/\/molygrafit.com\/cl\/#website","url":"https:\/\/molygrafit.com\/cl\/","name":"Molygrafit - Lubricantes Especiales","description":"","potentialAction":[{"@type":"SearchAction","target":{"@type":"EntryPoint","urlTemplate":"https:\/\/molygrafit.com\/cl\/?s={search_term_string}"},"query-input":{"@type":"PropertyValueSpecification","valueRequired":true,"valueName":"search_term_string"}}],"inLanguage":"es-CL"}]}},"_links":{"self":[{"href":"https:\/\/molygrafit.com\/cl\/wp-json\/wp\/v2\/product\/2306","targetHints":{"allow":["GET"]}}],"collection":[{"href":"https:\/\/molygrafit.com\/cl\/wp-json\/wp\/v2\/product"}],"about":[{"href":"https:\/\/molygrafit.com\/cl\/wp-json\/wp\/v2\/types\/product"}],"wp:featuredmedia":[{"embeddable":true,"href":"https:\/\/molygrafit.com\/cl\/wp-json\/wp\/v2\/media\/2074"}],"wp:attachment":[{"href":"https:\/\/molygrafit.com\/cl\/wp-json\/wp\/v2\/media?parent=2306"}],"wp:term":[{"taxonomy":"product_brand","embeddable":true,"href":"https:\/\/molygrafit.com\/cl\/wp-json\/wp\/v2\/product_brand?post=2306"},{"taxonomy":"product_cat","embeddable":true,"href":"https:\/\/molygrafit.com\/cl\/wp-json\/wp\/v2\/product_cat?post=2306"},{"taxonomy":"product_tag","embeddable":true,"href":"https:\/\/molygrafit.com\/cl\/wp-json\/wp\/v2\/product_tag?post=2306"}],"curies":[{"name":"wp","href":"https:\/\/api.w.org\/{rel}","templated":true}]}}